{"id":5192,"date":"2022-04-25T19:37:42","date_gmt":"2022-04-25T19:37:42","guid":{"rendered":"https:\/\/jellysmack.com\/?page_id=5192"},"modified":"2022-09-30T20:23:48","modified_gmt":"2022-09-30T20:23:48","slug":"barrierefreiheit","status":"publish","type":"page","link":"https:\/\/jellysmack.com\/de\/barrierefreiheit\/","title":{"rendered":"Barrierefreiheit"},"content":{"rendered":"\n<div style=\"height:100px\" aria-hidden=\"true\" class=\"wp-block-spacer\"><\/div>\n\n\n\n<h1 class=\"text-sharp h2 fix-h2 wp-block-heading\">ERKL\u00c4RUNG ZUR BARRIEREFREIHEIT<\/h1>\n\n\n\n<div style=\"height:100px\" aria-hidden=\"true\" class=\"wp-block-spacer\"><\/div>\n\n\n\n<div class=\"wp-block-columns is-layout-flex wp-container-core-columns-is-layout-9d6595d7 wp-block-columns-is-layout-flex\">\n<div class=\"wp-block-column is-layout-flow wp-block-column-is-layout-flow\" style=\"flex-basis:66.66%\">\n<p class=\"has-medium-font-size\">Wir bei Jellysmack sind bestrebt, die Inhalte unserer Website f\u00fcr alle zug\u00e4nglich und benutzerfreundlich zu gestalten. Wenn du Schwierigkeiten hast, die Inhalte dieser Website zu sehen oder zu ihnen zu navigieren, oder wenn du Inhalte, Funktionen oder Funktionalit\u00e4ten entdeckst, die deiner Meinung nach f\u00fcr Menschen mit Behinderungen nicht vollst\u00e4ndig zug\u00e4nglich sind, schreibe bitte eine E-Mail an unser Team unter <a href=\"mailto:accessibility@jellysmack.com\">accessibility@jellysmack.com<\/a>. Bitte verwende den Betreff \u201eDisabled Access&#8220; und f\u00fcge eine Beschreibung der Funktion, die deiner Meinung nach nicht vollst\u00e4ndig zug\u00e4nglich ist, oder einen Verbesserungsvorschlag hinzu. Wir nehmen dein Feedback ernst und werden es in unsere \u00dcberlegungen einbeziehen, wie wir allen unseren Kunden entgegenkommen und unsere allgemeinen Richtlinien zur Barrierefreiheit verbessern k\u00f6nnen. Wir haben zwar keine Kontrolle \u00fcber die Anbieter von Inhalten, aber wir fordern die Anbieter digitaler Inhalte von Drittanbietern nachdr\u00fccklich dazu auf, barrierefreie und benutzerfreundliche Inhalte bereitzustellen.<\/p>\n<\/div>\n\n\n\n<div class=\"wp-block-column is-layout-flow wp-block-column-is-layout-flow\" style=\"flex-basis:33.33%\"><\/div>\n<\/div>\n","protected":false},"excerpt":{"rendered":"<p>ERKL\u00c4RUNG ZUR BARRIEREFREIHEIT Wir bei Jellysmack sind bestrebt, die Inhalte unserer Website f\u00fcr alle zug\u00e4nglich und benutzerfreundlich zu gestalten. Wenn du Schwierigkeiten hast, die Inhalte dieser Website zu sehen oder zu ihnen zu navigieren, oder wenn du Inhalte, Funktionen oder Funktionalit\u00e4ten entdeckst, die deiner Meinung nach f\u00fcr Menschen mit Behinderungen nicht vollst\u00e4ndig zug\u00e4nglich sind, schreibe [&#8230;]<\/p>\n<p><a class=\"btn btn-secondary havas_understrap-read-more-link\" href=\"https:\/\/jellysmack.com\/de\/barrierefreiheit\/\">Weiterlesen&#8230;<\/a><\/p>\n","protected":false},"author":22,"featured_media":0,"parent":0,"menu_order":0,"comment_status":"closed","ping_status":"closed","template":"","meta":{"footnotes":""},"class_list":["post-5192","page","type-page","status-publish","hentry"],"acf":[],"yoast_head":"<!-- This site is optimized with the Yoast SEO plugin v27.4 - https:\/\/yoast.com\/product\/yoast-seo-wordpress\/ -->\n<title>Barrierefreiheit - Jellysmack<\/title>\n<meta name=\"robots\" content=\"index, follow, max-snippet:-1, max-image-preview:large, max-video-preview:-1\" \/>\n<link rel=\"canonical\" href=\"https:\/\/jellysmack.com\/de\/barrierefreiheit\/\" \/>\n<meta property=\"og:locale\" content=\"de_DE\" \/>\n<meta property=\"og:type\" content=\"article\" \/>\n<meta property=\"og:title\" content=\"Barrierefreiheit - Jellysmack\" \/>\n<meta property=\"og:description\" content=\"ERKL\u00c4RUNG ZUR BARRIEREFREIHEIT Wir bei Jellysmack sind bestrebt, die Inhalte unserer Website f\u00fcr alle zug\u00e4nglich und benutzerfreundlich zu gestalten. Wenn du Schwierigkeiten hast, die Inhalte dieser Website zu sehen oder zu ihnen zu navigieren, oder wenn du Inhalte, Funktionen oder Funktionalit\u00e4ten entdeckst, die deiner Meinung nach f\u00fcr Menschen mit Behinderungen nicht vollst\u00e4ndig zug\u00e4nglich sind, schreibe [...]Weiterlesen...\" \/>\n<meta property=\"og:url\" content=\"https:\/\/jellysmack.com\/de\/barrierefreiheit\/\" \/>\n<meta property=\"og:site_name\" content=\"Jellysmack\" \/>\n<meta property=\"article:modified_time\" content=\"2022-09-30T20:23:48+00:00\" \/>\n<meta property=\"og:image\" content=\"https:\/\/jellysmack.com\/wp-content\/uploads\/2023\/07\/Artboard-1-copy-4.png\" \/>\n\t<meta property=\"og:image:width\" content=\"1200\" \/>\n\t<meta property=\"og:image:height\" content=\"630\" \/>\n\t<meta property=\"og:image:type\" content=\"image\/png\" \/>\n<meta name=\"twitter:card\" content=\"summary_large_image\" \/>\n<meta name=\"twitter:label1\" content=\"Gesch\u00e4tzte Lesezeit\" \/>\n\t<meta name=\"twitter:data1\" content=\"1 Minute\" \/>\n<script type=\"application\/ld+json\" class=\"yoast-schema-graph\">{\"@context\":\"https:\\\/\\\/schema.org\",\"@graph\":[{\"@type\":\"WebPage\",\"@id\":\"https:\\\/\\\/jellysmack.com\\\/de\\\/barrierefreiheit\\\/\",\"url\":\"https:\\\/\\\/jellysmack.com\\\/de\\\/barrierefreiheit\\\/\",\"name\":\"Barrierefreiheit - Jellysmack\",\"isPartOf\":{\"@id\":\"https:\\\/\\\/jellysmack.com\\\/de\\\/#website\"},\"datePublished\":\"2022-04-25T19:37:42+00:00\",\"dateModified\":\"2022-09-30T20:23:48+00:00\",\"breadcrumb\":{\"@id\":\"https:\\\/\\\/jellysmack.com\\\/de\\\/barrierefreiheit\\\/#breadcrumb\"},\"inLanguage\":\"de-DE\",\"potentialAction\":[{\"@type\":\"ReadAction\",\"target\":[\"https:\\\/\\\/jellysmack.com\\\/de\\\/barrierefreiheit\\\/\"]}]},{\"@type\":\"BreadcrumbList\",\"@id\":\"https:\\\/\\\/jellysmack.com\\\/de\\\/barrierefreiheit\\\/#breadcrumb\",\"itemListElement\":[{\"@type\":\"ListItem\",\"position\":1,\"name\":\"Home\",\"item\":\"https:\\\/\\\/jellysmack.com\\\/de\\\/\"},{\"@type\":\"ListItem\",\"position\":2,\"name\":\"Barrierefreiheit\"}]},{\"@type\":\"WebSite\",\"@id\":\"https:\\\/\\\/jellysmack.com\\\/de\\\/#website\",\"url\":\"https:\\\/\\\/jellysmack.com\\\/de\\\/\",\"name\":\"Jellysmack\",\"description\":\"The Global Creator Company\",\"publisher\":{\"@id\":\"https:\\\/\\\/jellysmack.com\\\/de\\\/#organization\"},\"potentialAction\":[{\"@type\":\"SearchAction\",\"target\":{\"@type\":\"EntryPoint\",\"urlTemplate\":\"https:\\\/\\\/jellysmack.com\\\/de\\\/?s={search_term_string}\"},\"query-input\":{\"@type\":\"PropertyValueSpecification\",\"valueRequired\":true,\"valueName\":\"search_term_string\"}}],\"inLanguage\":\"de-DE\"},{\"@type\":\"Organization\",\"@id\":\"https:\\\/\\\/jellysmack.com\\\/de\\\/#organization\",\"name\":\"Jellysmack\",\"url\":\"https:\\\/\\\/jellysmack.com\\\/de\\\/\",\"logo\":{\"@type\":\"ImageObject\",\"inLanguage\":\"de-DE\",\"@id\":\"https:\\\/\\\/jellysmack.com\\\/de\\\/#\\\/schema\\\/logo\\\/image\\\/\",\"url\":\"https:\\\/\\\/jellysmack.com\\\/wp-content\\\/uploads\\\/2021\\\/12\\\/siteicon.png\",\"contentUrl\":\"https:\\\/\\\/jellysmack.com\\\/wp-content\\\/uploads\\\/2021\\\/12\\\/siteicon.png\",\"width\":512,\"height\":512,\"caption\":\"Jellysmack\"},\"image\":{\"@id\":\"https:\\\/\\\/jellysmack.com\\\/de\\\/#\\\/schema\\\/logo\\\/image\\\/\"}}]}<\/script>\n<!-- \/ Yoast SEO plugin. -->","yoast_head_json":{"title":"Barrierefreiheit - Jellysmack","robots":{"index":"index","follow":"follow","max-snippet":"max-snippet:-1","max-image-preview":"max-image-preview:large","max-video-preview":"max-video-preview:-1"},"canonical":"https:\/\/jellysmack.com\/de\/barrierefreiheit\/","og_locale":"de_DE","og_type":"article","og_title":"Barrierefreiheit - Jellysmack","og_description":"ERKL\u00c4RUNG ZUR BARRIEREFREIHEIT Wir bei Jellysmack sind bestrebt, die Inhalte unserer Website f\u00fcr alle zug\u00e4nglich und benutzerfreundlich zu gestalten. Wenn du Schwierigkeiten hast, die Inhalte dieser Website zu sehen oder zu ihnen zu navigieren, oder wenn du Inhalte, Funktionen oder Funktionalit\u00e4ten entdeckst, die deiner Meinung nach f\u00fcr Menschen mit Behinderungen nicht vollst\u00e4ndig zug\u00e4nglich sind, schreibe [...]Weiterlesen...","og_url":"https:\/\/jellysmack.com\/de\/barrierefreiheit\/","og_site_name":"Jellysmack","article_modified_time":"2022-09-30T20:23:48+00:00","og_image":[{"width":1200,"height":630,"url":"https:\/\/jellysmack.com\/wp-content\/uploads\/2023\/07\/Artboard-1-copy-4.png","type":"image\/png"}],"twitter_card":"summary_large_image","twitter_misc":{"Gesch\u00e4tzte Lesezeit":"1 Minute"},"schema":{"@context":"https:\/\/schema.org","@graph":[{"@type":"WebPage","@id":"https:\/\/jellysmack.com\/de\/barrierefreiheit\/","url":"https:\/\/jellysmack.com\/de\/barrierefreiheit\/","name":"Barrierefreiheit - Jellysmack","isPartOf":{"@id":"https:\/\/jellysmack.com\/de\/#website"},"datePublished":"2022-04-25T19:37:42+00:00","dateModified":"2022-09-30T20:23:48+00:00","breadcrumb":{"@id":"https:\/\/jellysmack.com\/de\/barrierefreiheit\/#breadcrumb"},"inLanguage":"de-DE","potentialAction":[{"@type":"ReadAction","target":["https:\/\/jellysmack.com\/de\/barrierefreiheit\/"]}]},{"@type":"BreadcrumbList","@id":"https:\/\/jellysmack.com\/de\/barrierefreiheit\/#breadcrumb","itemListElement":[{"@type":"ListItem","position":1,"name":"Home","item":"https:\/\/jellysmack.com\/de\/"},{"@type":"ListItem","position":2,"name":"Barrierefreiheit"}]},{"@type":"WebSite","@id":"https:\/\/jellysmack.com\/de\/#website","url":"https:\/\/jellysmack.com\/de\/","name":"Jellysmack","description":"The Global Creator Company","publisher":{"@id":"https:\/\/jellysmack.com\/de\/#organization"},"potentialAction":[{"@type":"SearchAction","target":{"@type":"EntryPoint","urlTemplate":"https:\/\/jellysmack.com\/de\/?s={search_term_string}"},"query-input":{"@type":"PropertyValueSpecification","valueRequired":true,"valueName":"search_term_string"}}],"inLanguage":"de-DE"},{"@type":"Organization","@id":"https:\/\/jellysmack.com\/de\/#organization","name":"Jellysmack","url":"https:\/\/jellysmack.com\/de\/","logo":{"@type":"ImageObject","inLanguage":"de-DE","@id":"https:\/\/jellysmack.com\/de\/#\/schema\/logo\/image\/","url":"https:\/\/jellysmack.com\/wp-content\/uploads\/2021\/12\/siteicon.png","contentUrl":"https:\/\/jellysmack.com\/wp-content\/uploads\/2021\/12\/siteicon.png","width":512,"height":512,"caption":"Jellysmack"},"image":{"@id":"https:\/\/jellysmack.com\/de\/#\/schema\/logo\/image\/"}}]}},"_links":{"self":[{"href":"https:\/\/jellysmack.com\/de\/wp-json\/wp\/v2\/pages\/5192","targetHints":{"allow":["GET"]}}],"collection":[{"href":"https:\/\/jellysmack.com\/de\/wp-json\/wp\/v2\/pages"}],"about":[{"href":"https:\/\/jellysmack.com\/de\/wp-json\/wp\/v2\/types\/page"}],"author":[{"embeddable":true,"href":"https:\/\/jellysmack.com\/de\/wp-json\/wp\/v2\/users\/22"}],"replies":[{"embeddable":true,"href":"https:\/\/jellysmack.com\/de\/wp-json\/wp\/v2\/comments?post=5192"}],"version-history":[{"count":0,"href":"https:\/\/jellysmack.com\/de\/wp-json\/wp\/v2\/pages\/5192\/revisions"}],"wp:attachment":[{"href":"https:\/\/jellysmack.com\/de\/wp-json\/wp\/v2\/media?parent=5192"}],"curies":[{"name":"wp","href":"https:\/\/api.w.org\/{rel}","templated":true}]}}