{"id":4565,"date":"2022-08-18T19:00:26","date_gmt":"2022-08-18T19:00:26","guid":{"rendered":"https:\/\/jellysmack.com\/?page_id=4565"},"modified":"2022-10-05T01:45:54","modified_gmt":"2022-10-05T01:45:54","slug":"jellyfi","status":"publish","type":"page","link":"https:\/\/jellysmack.com\/es-mx\/jellyfi\/","title":{"rendered":"JellyFi"},"content":{"rendered":"\n<div class=\"wp-block-cover hero-cover\"><span aria-hidden=\"true\" class=\"wp-block-cover__background has-background-dim-60 has-background-dim\"><\/span><video class=\"wp-block-cover__video-background intrinsic-ignore\" autoplay muted loop playsinline src=\"https:\/\/jellysmack.com\/wp-content\/uploads\/2022\/08\/Jelly-intro-web-V03.mp4\" data-object-fit=\"cover\"><\/video><div class=\"wp-block-cover__inner-container is-layout-flow wp-block-cover-is-layout-flow\">\n<div class=\"wp-block-group bg-breakout container pt-0\"><div class=\"wp-block-group__inner-container is-layout-flow wp-block-group-is-layout-flow\">\n<h2 class=\"text-sharp has-js-white-color has-text-color wp-block-heading\">CONOCE EL FINANCIAMIENTO JELLYFI PARA QUE LOS CREADORES PUEDAN:<\/h2>\n\n\n\n<h2 class=\"havas-hero-titles havas-animate-sentence text-sharp\">\t\n\t<div class=\"typed text-gradient\">\n\t<\/div>\n<\/h2>\n\n<script>\njQuery.getScript(\n\t  \"https:\/\/cdnjs.cloudflare.com\/ajax\/libs\/typed.js\/1.1.7\/typed.min.js\",\n\t  function () {\n\t\tjQuery(\".typed\").typed({\n\t\t  strings: [\n\t\t\t\t\t\t\t\"PROBAR NUEVAS IDEAS\",\n\t\t\t\t\t\t\t\"CONTRATAR AL MEJOR TALENTO\",\n\t\t\t\t\t\t\t\"CONSTRUIR ESTUDIOS\",\n\t\t\t\t\t\t\t\"LANZAR UN PRODUCTO\",\n\t\t\t\t\t\t\t\"APOSTAR POR UNO MISMO\",\n\t\t\t\t\t  ],\n\t\t  typeSpeed: 40,\n\t\t  backSpeed: 20,\n\t\t  backDelay: 1600,\n\t\t  showCursor: !1,\n\t\t  loop: !0,\n\t\t});\n\t  }\n\t);\n<\/script>\n\n\n\n<p class=\"has-medium-font-size\">Descubre el valor de tu biblioteca de videos y obt\u00e9n el capital necesario para crecer de verdad.<\/p>\n\n\n\n<div class=\"wp-block-buttons is-layout-flex wp-block-buttons-is-layout-flex\">\n<div class=\"wp-block-button cta-top\"><a class=\"wp-block-button__link\" href=\"https:\/\/app.catalog.jellysmack.com\/es-MX?utm_source=jellysmack.com&amp;utm_medium=referral&amp;utm_campaign=JellyFi_CTA_ES\"> COMENZAR <span class=\"arrows\"><span class=\"js-icon-js-symbol\"><\/span><\/span><span class=\"follower\"><\/span><\/a><\/div>\n<\/div>\n<\/div><\/div>\n<\/div><\/div>\n\n\n\n<div class=\"wp-block-cover is-light bg-gradient mb-0 animation\"><span aria-hidden=\"true\" class=\"wp-block-cover__background has-background-dim-100 has-background-dim has-background-gradient has-bg-gradient-gradient-background\"><\/span><div class=\"wp-block-cover__inner-container is-layout-flow wp-block-cover-is-layout-flow\">\n<div class=\"wp-block-group slide-up-child\"><div class=\"wp-block-group__inner-container is-layout-flow wp-block-group-is-layout-flow\">\n<h2 class=\"has-text-align-center text-sharp mb-4 has-black-color has-text-color wp-block-heading\">\u00bfQU\u00c9 PODR\u00cdAS LOGRAR <br> CON M\u00c1S FONDOS?<\/h2>\n\n\n\n<p class=\"has-text-align-center mb-0 no-br has-black-color has-text-color has-medium-font-size\">Nuestras soluciones financieras centradas en el creador se personalizan conforme tus objetivos.<\/p>\n<\/div><\/div>\n\n\n\n<p><\/p>\n<\/div><\/div>\n\n\n\n<div class=\"wp-block-group bg-breakout pt-5 pb-0\"><div class=\"wp-block-group__inner-container is-layout-flow wp-block-group-is-layout-flow\">\n<h2 class=\"text-sharp text-uppercase text-gradient mt-5 wp-block-heading\">AS\u00cd ES C\u00d3MO FUNCIONA<\/h2>\n\n\n\n<div class=\"wp-block-columns pt-5 mt-5 py-lg-5 my-lg-5 break-down-lg catalog-licence-process-columns is-layout-flex wp-container-core-columns-is-layout-9d6595d7 wp-block-columns-is-layout-flex\">\n<div class=\"wp-block-column is-layout-flow wp-block-column-is-layout-flow\">\n<h4 class=\"wp-block-heading\">VINCULA TU CANAL<\/h4>\n\n\n\n<p class=\"has-medium-font-size\">Conc\u00e9denos acceso de \u201csolo lectura\u201d a tu canal de YouTube para que nuestro algoritmo pueda analizar el rendimiento de los videos, estimar ganancias futuras y calcular el valor de tus videos.<\/p>\n<\/div>\n\n\n\n<div class=\"wp-block-column is-layout-flow wp-block-column-is-layout-flow\">\n<h4 class=\"wp-block-heading\">AGREGA TU CORREO ELECTR\u00d3NICO<\/h4>\n\n\n\n<p class=\"has-medium-font-size\">Una vez que ingreses tu informaci\u00f3n de contacto, sabremos c\u00f3mo encontrarte.<\/p>\n<\/div>\n\n\n\n<div class=\"wp-block-column is-layout-flow wp-block-column-is-layout-flow\">\n<h4 class=\"wp-block-heading\">EXPLORA TUS OPCIONES<\/h4>\n\n\n\n<p class=\"has-medium-font-size\">Existen tantas metas y necesidades como creadores. Por eso, revisamos todas tus opciones hasta encontrar la que mejor se ajuste a ti.<\/p>\n<\/div>\n<\/div>\n<\/div><\/div>\n\n\n\n<div class=\"wp-block-group bg-white text-dark bg-breakout py-4\"><div class=\"wp-block-group__inner-container is-layout-flow wp-block-group-is-layout-flow\">\n<div class=\"wp-block-columns are-vertically-aligned-center mb-0 is-layout-flex wp-container-core-columns-is-layout-9d6595d7 wp-block-columns-is-layout-flex\">\n<div class=\"wp-block-column is-vertically-aligned-center is-layout-flow wp-block-column-is-layout-flow\" style=\"flex-basis:80%\">\n<h3 class=\"text-sharp text-uppercase mb-4 mb-md-0 wp-block-heading\">\u00bfTIENES M\u00c1S PREGUNTAS?<\/h3>\n<\/div>\n\n\n\n<div class=\"wp-block-column is-vertically-aligned-center is-layout-flow wp-block-column-is-layout-flow\" style=\"flex-basis:20%\">\n<div class=\"wp-block-buttons is-layout-flex wp-block-buttons-is-layout-flex\">\n<div class=\"wp-block-button jelly-icon is-style-outline is-style-outline--1\"><a class=\"wp-block-button__link\" href=\"https:\/\/jellysmack.com\/es-mx\/preguntas-frecuentes\/\">Preguntas frecuentes  <span class=\"arrows\"><span class=\"js-icon-js-symbol\"><\/span><\/span><span class=\"follower\"><\/span><\/a><\/div>\n<\/div>\n<\/div>\n<\/div>\n<\/div><\/div>\n\n\n\n<div class=\"wp-block-group bg-breakout bg-jelly-top-right pt-5 pb-0\"><div class=\"wp-block-group__inner-container is-layout-flow wp-block-group-is-layout-flow\">\n<h2 class=\"text-sharp text-uppercase mt-5 fix-h2 mb-0 wp-block-heading\">CREEMOS EN LOS CREADORES. <\/h2>\n\n\n\n<h2 class=\"text-sharp text-uppercase text-gradient fix-h2 wp-block-heading\">INVERTIMOS EN LOS CREADORES.<\/h2>\n\n\n\n<div class=\"wp-block-columns pt-5 mt-5 break-down-lg mb-0 mb-md-4 is-layout-flex wp-container-core-columns-is-layout-9d6595d7 wp-block-columns-is-layout-flex\">\n<div class=\"wp-block-column is-layout-flow wp-block-column-is-layout-flow\"><span class=\"js-icon-graph h1 text-gradient sm-normal d-inline-block mb-4\"><\/span>\n\n\n\n<h4 class=\"nowrap mb-3 mt-3 wp-block-heading\">FONDOS FLEXIBLES<\/h4>\n\n\n\n<p class=\"mt-3 mb-4 d-block d-lg-block has-medium-font-size\">Utiliza los fondos para alcanzar tus objetivos<\/p>\n<\/div>\n\n\n\n<div class=\"wp-block-column mt-4 mt-md-0 is-layout-flow wp-block-column-is-layout-flow\"><span class=\"js-icon-income h1 text-gradient sm-normal d-inline-block mb-4\"><\/span>\n\n\n\n<h4 class=\"nowrap mb-3 mt-3 wp-block-heading\"><strong>OFERTAS<\/strong><\/h4>\n\n\n\n<h4 class=\"nowrap mb-3 mt-3 wp-block-heading\"><strong>PERSONALIZADAS<\/strong><\/h4>\n\n\n\n<p class=\"mt-3 mb-4 d-block d-lg-block has-medium-font-size\">Cada oferta se adapta a tus necesidades<\/p>\n<\/div>\n\n\n\n<div class=\"wp-block-column is-layout-flow wp-block-column-is-layout-flow\"><span class=\"js-icon-lock h1 text-gradient sm-normal d-inline-block mb-4\"><\/span>\n\n\n\n<h4 class=\"nowrap mb-3 mt-3 wp-block-heading\"><strong>RED DE SEGURIDAD<\/strong><\/h4>\n\n\n\n<p class=\"mt-3 mb-4 d-block d-lg-block has-medium-font-size\">La libertad financiera para evolucionar tu marca<\/p>\n<\/div>\n<\/div>\n\n\n\n<div class=\"wp-block-columns pb-5 mb-5 pt-0 py-md-4 break-down-lg is-layout-flex wp-container-core-columns-is-layout-9d6595d7 wp-block-columns-is-layout-flex\">\n<div class=\"wp-block-column pr-lg-4 mt-4 mt-md-0 is-layout-flow wp-block-column-is-layout-flow\"><span class=\"js-icon-trophy h1 text-gradient sm-normal d-inline-block mb-4\"><\/span>\n\n\n\n<h4 class=\"nowrap mb-3 mt-3 wp-block-heading\">EXPERTOS DEL SECTOR<\/h4>\n\n\n\n<p class=\"mt-3 mb-4 d-block d-lg-block has-medium-font-size\">Sabemos c\u00f3mo evaluar adecuadamente tu contenido<\/p>\n<\/div>\n\n\n\n<div class=\"wp-block-column mt-4 mt-md-0 is-layout-flow wp-block-column-is-layout-flow\"><span class=\"js-icon-diamond h1 text-gradient sm-normal d-inline-block mb-4\"><\/span>\n\n\n\n<h4 class=\"nowrap mb-3 mt-3 wp-block-heading\">SIN PROBLEMAS<\/h4>\n\n\n\n<p class=\"mt-3 mb-4 d-block d-lg-block has-medium-font-size\">Con un m\u00e9todo claro, r\u00e1pido y listo para invertir.<\/p>\n<\/div>\n\n\n\n<div class=\"wp-block-column mt-4 mt-md-0 is-layout-flow wp-block-column-is-layout-flow\"><span class=\"js-icon-target h1 text-gradient sm-normal d-inline-block mb-4\"><\/span>\n\n\n\n<h4 class=\"nowrap mb-3 mt-3 wp-block-heading\">CENTRADO EN LOS CREADORES<\/h4>\n\n\n\n<p class=\"mt-3 mb-4 d-block d-lg-block has-medium-font-size\">Conocemos los pros y los contras del negocio de los creadores<\/p>\n<\/div>\n<\/div>\n<\/div><\/div>\n\n\n\n<div class=\"wp-block-cover is-light animation bg-gradient-reverse mb-0 pb-1\"><span aria-hidden=\"true\" class=\"wp-block-cover__background has-background-dim-100 has-background-dim has-background-gradient has-bg-gradient-reverse-gradient-background\"><\/span><div class=\"wp-block-cover__inner-container is-layout-flow wp-block-cover-is-layout-flow\">\n<div class=\"wp-block-group slide-up-child\"><div class=\"wp-block-group__inner-container is-layout-flow wp-block-group-is-layout-flow\">\n<h2 class=\"has-text-align-center text-sharp mb-4 has-black-color has-text-color wp-block-heading\">\u00bfQU\u00c9 PUEDO HACER <br> CON EL DINERO?<\/h2>\n<\/div><\/div>\n\n\n\n<p><\/p>\n\n\n<div class=\"animation ticker-wrap\">\n    <div class=\"ticker\">\n                    <div class=\"ticker-item h2 mb-0 text-sharp\">\n                <span class=\"js-icon-js-symbol h5 jelly\"><\/span>\n                Financiar tu negocio            <\/div>\n                    <div class=\"ticker-item h2 mb-0 text-sharp\">\n                <span class=\"js-icon-js-symbol h5 jelly\"><\/span>\n                Contratar un equipo            <\/div>\n                    <div class=\"ticker-item h2 mb-0 text-sharp\">\n                <span class=\"js-icon-js-symbol h5 jelly\"><\/span>\n                Asegurarte un espacio del estudio            <\/div>\n                    <div class=\"ticker-item h2 mb-0 text-sharp\">\n                <span class=\"js-icon-js-symbol h5 jelly\"><\/span>\n                Comprar equipamiento             <\/div>\n                    <div class=\"ticker-item h2 mb-0 text-sharp\">\n                <span class=\"js-icon-js-symbol h5 jelly\"><\/span>\n                Lanzar un producto            <\/div>\n                    <div class=\"ticker-item h2 mb-0 text-sharp\">\n                <span class=\"js-icon-js-symbol h5 jelly\"><\/span>\n                Invertir            <\/div>\n            <\/div>\n    <div class=\"ticker\">\n                    <div class=\"ticker-item h2 mb-0 text-sharp\">\n                <span class=\"js-icon-js-symbol h5 jelly\"><\/span>\n                Financiar tu negocio            <\/div>\n                    <div class=\"ticker-item h2 mb-0 text-sharp\">\n                <span class=\"js-icon-js-symbol h5 jelly\"><\/span>\n                Contratar un equipo            <\/div>\n                    <div class=\"ticker-item h2 mb-0 text-sharp\">\n                <span class=\"js-icon-js-symbol h5 jelly\"><\/span>\n                Asegurarte un espacio del estudio            <\/div>\n                    <div class=\"ticker-item h2 mb-0 text-sharp\">\n                <span class=\"js-icon-js-symbol h5 jelly\"><\/span>\n                Comprar equipamiento             <\/div>\n                    <div class=\"ticker-item h2 mb-0 text-sharp\">\n                <span class=\"js-icon-js-symbol h5 jelly\"><\/span>\n                Lanzar un producto            <\/div>\n                    <div class=\"ticker-item h2 mb-0 text-sharp\">\n                <span class=\"js-icon-js-symbol h5 jelly\"><\/span>\n                Invertir            <\/div>\n            <\/div>\n<\/div><\/div><\/div>\n\n\n\n<div class=\"wp-block-group bg-breakout has-js-black-color has-js-white-background-color has-text-color has-background\"><div class=\"wp-block-group__inner-container is-layout-flow wp-block-group-is-layout-flow\">\n<div class=\"container havas-blog-slider-container my-4 mt-5 px-0 pb-5 carousel slide  quote-slider\"  data-ride=\"carousel\" id=\"blog-carousel\">\n\t<button class=\"carousel-control-btn carousel-control-prev d-none d-md-flex p-0\" type=\"button\" data-target=\"#blog-carousel\" data-slide=\"prev\">\n\t\t<span class=\"js-icon-angle\" aria-hidden=\"true\"><\/span>\n\t\t<span class=\"sr-only\">Prev<\/span>\n\t<\/button>\n\t<div class=\"carousel-inner row mx-0\">\n\t\t\t<div class=\"carousel-item py-4 active\">\n\t\t<div class=\"col-12 h-100\">\n\t\t\t\t<div class=\"row d-block d-lg-flex h-100\">\n\t\t\t\t\t<div class=\"col-lg-6 p-lg-0 text-center mb-3 mb-lg-0\" id=\"heading1\">\n\t\t\t\t\t\t<img decoding=\"async\" src=\"https:\/\/jellysmack.com\/wp-content\/uploads\/2022\/08\/br-mandy-candy-1-e1660146990512.jpeg\" alt=\"Close-up shot of YouTube creator Mandy Candy posing with headphones around her neck with a colorful background.  \"\/>\n\t\t\t\t\t<\/div>\n\t\t\t\t\t<div class=\"col-lg-6 d-flex flex-column align-items-start\">\n\t\t\t\t\t\t\t\t\t\t\t\t\t\t\t\t\t\t\t<h4 class=\"text-sharp mb-3\">\n\t\t\t\t\t\t\t\t\u201cPara m\u00ed, fue una oportunidad interesante porque esos videos ya no generaban muchos ingresos y no recib\u00edan visitas frecuentes. As\u00ed que fue incre\u00edble tener este dinero por adelantado, que me gener\u00f3 un ingreso extra. Lleg\u00f3 en un momento muy importante para m\u00ed\u201d\t\t\t\t\t\t\t<\/h4>\n\t\t\t\t\t\t\t\t\t\t\t\t<span class=\"has-medium-font-size\">\n\t\t\t\t\t\t\tMandy Candy, creadora de videos de estilo de vida\t\t\t\t\t\t<\/span>\n\t\t\t\t\t\t\t\t\t\t<\/div>\n\t\t\t\t<\/div>\n\t\t\t<\/div>\n\t\t<\/div>\n\t\t\t<div class=\"carousel-item py-4\">\n\t\t<div class=\"col-12 h-100\">\n\t\t\t\t<div class=\"row d-block d-lg-flex h-100\">\n\t\t\t\t\t<div class=\"col-lg-6 p-lg-0 text-center mb-3 mb-lg-0\" id=\"heading2\">\n\t\t\t\t\t\t<img decoding=\"async\" src=\"https:\/\/jellysmack.com\/wp-content\/uploads\/2022\/08\/rr_buildings-e1660165901999.jpg\" alt=\"Close-up shot of YouTube creator Gaba about to take a bite of a large bread in front of a colorful background.  \"\/>\n\t\t\t\t\t<\/div>\n\t\t\t\t\t<div class=\"col-lg-6 d-flex flex-column align-items-start\">\n\t\t\t\t\t\t\t\t\t\t\t\t\t\t\t\t\t\t\t<h4 class=\"text-sharp mb-3\">\n\t\t\t\t\t\t\t\t\u201cFue tan f\u00e1cil con Jellysmack&#8230; me dieron un cheque por adelantado para que pudiera invertirlo directamente en mi futuro desde el primer d\u00eda&quot;\t\t\t\t\t\t\t<\/h4>\n\t\t\t\t\t\t\t\t\t\t\t\t<span class=\"has-medium-font-size\">\n\t\t\t\t\t\t\tRR Buildings, creador de videos de artesan\u00edas y construcci\u00f3n\t\t\t\t\t\t<\/span>\n\t\t\t\t\t\t\t\t\t\t<\/div>\n\t\t\t\t<\/div>\n\t\t\t<\/div>\n\t\t<\/div>\n\t\t\t<div class=\"carousel-item py-4\">\n\t\t<div class=\"col-12 h-100\">\n\t\t\t\t<div class=\"row d-block d-lg-flex h-100\">\n\t\t\t\t\t<div class=\"col-lg-6 p-lg-0 text-center mb-3 mb-lg-0\" id=\"heading3\">\n\t\t\t\t\t\t<img decoding=\"async\" src=\"https:\/\/jellysmack.com\/wp-content\/uploads\/2022\/08\/Screen-Shot-2022-08-09-at-9.27.09-AM-e1660147208277.png\" alt=\"Close-up shot of YouTube creator Gaba about to take a bite of a large bread in front of a colorful background.  \"\/>\n\t\t\t\t\t<\/div>\n\t\t\t\t\t<div class=\"col-lg-6 d-flex flex-column align-items-start\">\n\t\t\t\t\t\t\t\t\t\t\t\t\t\t\t\t\t\t\t<h4 class=\"text-sharp mb-3\">\n\t\t\t\t\t\t\t\t\u201cFue genial obtener una evaluaci\u00f3n de mi biblioteca y comprender cu\u00e1nto valen todos estos a\u00f1os de producci\u00f3n de videos. Me encant\u00f3 poder ganar dinero del contenido que produje antes y poder usar esos fondos en otros proyectos\u201d \t\t\t\t\t\t\t<\/h4>\n\t\t\t\t\t\t\t\t\t\t\t\t<span class=\"has-medium-font-size\">\n\t\t\t\t\t\t\tGaba, creador de videos de comida\t\t\t\t\t\t<\/span>\n\t\t\t\t\t\t\t\t\t\t<\/div>\n\t\t\t\t<\/div>\n\t\t\t<\/div>\n\t\t<\/div>\n\t\t<\/div>\n\t<button class=\"carousel-control-btn carousel-control-next d-none d-md-flex p-0\"\n\t\ttype=\"button\" data-target=\"#blog-carousel\" data-slide=\"next\">\n\t\t<span class=\"js-icon-angle\" aria-hidden=\"true\"><\/span>\n\t\t<span class=\"sr-only\">Next<\/span>\n\t<\/button>\n\t<div class=\"carousel-indicators\">\n\t\t\t\t<button type=\"button\" data-target=\"#blog-carousel\" data-slide-to=\"0\" class=\"active\" aria-current=\"true\" aria-label=\"slide0\"><\/button>\n\t\t\t\t<button type=\"button\" data-target=\"#blog-carousel\" data-slide-to=\"1\"  aria-current=\"false\" aria-label=\"slide1\"><\/button>\n\t\t\t\t<button type=\"button\" data-target=\"#blog-carousel\" data-slide-to=\"2\"  aria-current=\"false\" aria-label=\"slide2\"><\/button>\n\t\t\t<\/div>\n<\/div>\n<\/div><\/div>\n\n\n\n<div class=\"wp-block-cover animation bg-gradient-reverse mb-0 pb-1\"><span aria-hidden=\"true\" class=\"wp-block-cover__background has-js-black-background-color has-background-dim-100 has-background-dim\"><\/span><div class=\"wp-block-cover__inner-container is-layout-flow wp-block-cover-is-layout-flow\">\n<div class=\"wp-block-group slide-up-child\"><div class=\"wp-block-group__inner-container is-layout-flow wp-block-group-is-layout-flow\">\n<h2 class=\"has-text-align-center text-sharp text-gradient mb-4 has-js-white-color has-text-color wp-block-heading\"><\/h2>\n\n\n\n<h2 class=\"has-text-align-center text-sharp text-gradient mb-4 has-js-white-color has-text-color wp-block-heading\">DESCUBRE EL VALOR DE TU BIBLIOTECA <\/h2>\n\n\n\n<div class=\"wp-block-buttons is-content-justification-center is-layout-flex wp-container-core-buttons-is-layout-16018d1d wp-block-buttons-is-layout-flex\">\n<div class=\"wp-block-button cta-bottom\"><a class=\"wp-block-button__link\" href=\"https:\/\/app.catalog.jellysmack.com\/es-MX?utm_source=jellysmack.com&amp;utm_medium=referral&amp;utm_campaign=JellyFi_CTA_ES\">COMENZAR<br><span class=\"arrows\"><span class=\"js-icon-js-symbol\"><\/span><\/span><span class=\"follower\"><\/span><\/a><\/div>\n<\/div>\n<\/div><\/div>\n<\/div><\/div>\n","protected":false},"excerpt":{"rendered":"<p>AS\u00cd ES C\u00d3MO FUNCIONA VINCULA TU CANAL Conc\u00e9denos acceso de \u201csolo lectura\u201d a tu canal de YouTube para que nuestro algoritmo pueda analizar el rendimiento de los videos, estimar ganancias futuras y calcular el valor de tus videos. AGREGA TU CORREO ELECTR\u00d3NICO Una vez que ingreses tu informaci\u00f3n de contacto, sabremos c\u00f3mo encontrarte. EXPLORA TUS [&#8230;]<\/p>\n<p><a class=\"btn btn-secondary havas_understrap-read-more-link\" href=\"https:\/\/jellysmack.com\/es-mx\/jellyfi\/\">Read More&#8230;<\/a><\/p>\n","protected":false},"author":1,"featured_media":0,"parent":0,"menu_order":0,"comment_status":"closed","ping_status":"closed","template":"","meta":{"footnotes":""},"class_list":["post-4565","page","type-page","status-publish","hentry"],"acf":[],"yoast_head":"<!-- This site is optimized with the Yoast SEO plugin v27.4 - https:\/\/yoast.com\/product\/yoast-seo-wordpress\/ -->\n<title>JellyFi - Jellysmack<\/title>\n<meta name=\"robots\" content=\"index, follow, max-snippet:-1, max-image-preview:large, max-video-preview:-1\" \/>\n<link rel=\"canonical\" href=\"https:\/\/jellysmack.com\/es-mx\/jellyfi\/\" \/>\n<meta property=\"og:locale\" content=\"es_MX\" \/>\n<meta property=\"og:type\" content=\"article\" \/>\n<meta property=\"og:title\" content=\"JellyFi - Jellysmack\" \/>\n<meta property=\"og:description\" content=\"AS\u00cd ES C\u00d3MO FUNCIONA VINCULA TU CANAL Conc\u00e9denos acceso de \u201csolo lectura\u201d a tu canal de YouTube para que nuestro algoritmo pueda analizar el rendimiento de los videos, estimar ganancias futuras y calcular el valor de tus videos. AGREGA TU CORREO ELECTR\u00d3NICO Una vez que ingreses tu informaci\u00f3n de contacto, sabremos c\u00f3mo encontrarte. EXPLORA TUS [...]Read More...\" \/>\n<meta property=\"og:url\" content=\"https:\/\/jellysmack.com\/es-mx\/jellyfi\/\" \/>\n<meta property=\"og:site_name\" content=\"Jellysmack\" \/>\n<meta property=\"article:modified_time\" content=\"2022-10-05T01:45:54+00:00\" \/>\n<meta property=\"og:image\" content=\"https:\/\/jellysmack.com\/wp-content\/uploads\/2023\/07\/Artboard-1-copy-4.png\" \/>\n\t<meta property=\"og:image:width\" content=\"1200\" \/>\n\t<meta property=\"og:image:height\" content=\"630\" \/>\n\t<meta property=\"og:image:type\" content=\"image\/png\" \/>\n<meta name=\"twitter:card\" content=\"summary_large_image\" \/>\n<meta name=\"twitter:label1\" content=\"Tiempo de lectura\" \/>\n\t<meta name=\"twitter:data1\" content=\"1 minuto\" \/>\n<script type=\"application\/ld+json\" class=\"yoast-schema-graph\">{\"@context\":\"https:\\\/\\\/schema.org\",\"@graph\":[{\"@type\":\"WebPage\",\"@id\":\"https:\\\/\\\/jellysmack.com\\\/es-mx\\\/jellyfi\\\/\",\"url\":\"https:\\\/\\\/jellysmack.com\\\/es-mx\\\/jellyfi\\\/\",\"name\":\"JellyFi - Jellysmack\",\"isPartOf\":{\"@id\":\"https:\\\/\\\/jellysmack.com\\\/es-mx\\\/#website\"},\"datePublished\":\"2022-08-18T19:00:26+00:00\",\"dateModified\":\"2022-10-05T01:45:54+00:00\",\"breadcrumb\":{\"@id\":\"https:\\\/\\\/jellysmack.com\\\/es-mx\\\/jellyfi\\\/#breadcrumb\"},\"inLanguage\":\"es-MX\",\"potentialAction\":[{\"@type\":\"ReadAction\",\"target\":[\"https:\\\/\\\/jellysmack.com\\\/es-mx\\\/jellyfi\\\/\"]}]},{\"@type\":\"BreadcrumbList\",\"@id\":\"https:\\\/\\\/jellysmack.com\\\/es-mx\\\/jellyfi\\\/#breadcrumb\",\"itemListElement\":[{\"@type\":\"ListItem\",\"position\":1,\"name\":\"Home\",\"item\":\"https:\\\/\\\/jellysmack.com\\\/es-mx\\\/\"},{\"@type\":\"ListItem\",\"position\":2,\"name\":\"JellyFi\"}]},{\"@type\":\"WebSite\",\"@id\":\"https:\\\/\\\/jellysmack.com\\\/es-mx\\\/#website\",\"url\":\"https:\\\/\\\/jellysmack.com\\\/es-mx\\\/\",\"name\":\"Jellysmack\",\"description\":\"The Global Creator Company\",\"publisher\":{\"@id\":\"https:\\\/\\\/jellysmack.com\\\/es-mx\\\/#organization\"},\"potentialAction\":[{\"@type\":\"SearchAction\",\"target\":{\"@type\":\"EntryPoint\",\"urlTemplate\":\"https:\\\/\\\/jellysmack.com\\\/es-mx\\\/?s={search_term_string}\"},\"query-input\":{\"@type\":\"PropertyValueSpecification\",\"valueRequired\":true,\"valueName\":\"search_term_string\"}}],\"inLanguage\":\"es-MX\"},{\"@type\":\"Organization\",\"@id\":\"https:\\\/\\\/jellysmack.com\\\/es-mx\\\/#organization\",\"name\":\"Jellysmack\",\"url\":\"https:\\\/\\\/jellysmack.com\\\/es-mx\\\/\",\"logo\":{\"@type\":\"ImageObject\",\"inLanguage\":\"es-MX\",\"@id\":\"https:\\\/\\\/jellysmack.com\\\/es-mx\\\/#\\\/schema\\\/logo\\\/image\\\/\",\"url\":\"https:\\\/\\\/jellysmack.com\\\/wp-content\\\/uploads\\\/2021\\\/12\\\/siteicon.png\",\"contentUrl\":\"https:\\\/\\\/jellysmack.com\\\/wp-content\\\/uploads\\\/2021\\\/12\\\/siteicon.png\",\"width\":512,\"height\":512,\"caption\":\"Jellysmack\"},\"image\":{\"@id\":\"https:\\\/\\\/jellysmack.com\\\/es-mx\\\/#\\\/schema\\\/logo\\\/image\\\/\"}}]}<\/script>\n<!-- \/ Yoast SEO plugin. -->","yoast_head_json":{"title":"JellyFi - Jellysmack","robots":{"index":"index","follow":"follow","max-snippet":"max-snippet:-1","max-image-preview":"max-image-preview:large","max-video-preview":"max-video-preview:-1"},"canonical":"https:\/\/jellysmack.com\/es-mx\/jellyfi\/","og_locale":"es_MX","og_type":"article","og_title":"JellyFi - Jellysmack","og_description":"AS\u00cd ES C\u00d3MO FUNCIONA VINCULA TU CANAL Conc\u00e9denos acceso de \u201csolo lectura\u201d a tu canal de YouTube para que nuestro algoritmo pueda analizar el rendimiento de los videos, estimar ganancias futuras y calcular el valor de tus videos. AGREGA TU CORREO ELECTR\u00d3NICO Una vez que ingreses tu informaci\u00f3n de contacto, sabremos c\u00f3mo encontrarte. EXPLORA TUS [...]Read More...","og_url":"https:\/\/jellysmack.com\/es-mx\/jellyfi\/","og_site_name":"Jellysmack","article_modified_time":"2022-10-05T01:45:54+00:00","og_image":[{"width":1200,"height":630,"url":"https:\/\/jellysmack.com\/wp-content\/uploads\/2023\/07\/Artboard-1-copy-4.png","type":"image\/png"}],"twitter_card":"summary_large_image","twitter_misc":{"Tiempo de lectura":"1 minuto"},"schema":{"@context":"https:\/\/schema.org","@graph":[{"@type":"WebPage","@id":"https:\/\/jellysmack.com\/es-mx\/jellyfi\/","url":"https:\/\/jellysmack.com\/es-mx\/jellyfi\/","name":"JellyFi - Jellysmack","isPartOf":{"@id":"https:\/\/jellysmack.com\/es-mx\/#website"},"datePublished":"2022-08-18T19:00:26+00:00","dateModified":"2022-10-05T01:45:54+00:00","breadcrumb":{"@id":"https:\/\/jellysmack.com\/es-mx\/jellyfi\/#breadcrumb"},"inLanguage":"es-MX","potentialAction":[{"@type":"ReadAction","target":["https:\/\/jellysmack.com\/es-mx\/jellyfi\/"]}]},{"@type":"BreadcrumbList","@id":"https:\/\/jellysmack.com\/es-mx\/jellyfi\/#breadcrumb","itemListElement":[{"@type":"ListItem","position":1,"name":"Home","item":"https:\/\/jellysmack.com\/es-mx\/"},{"@type":"ListItem","position":2,"name":"JellyFi"}]},{"@type":"WebSite","@id":"https:\/\/jellysmack.com\/es-mx\/#website","url":"https:\/\/jellysmack.com\/es-mx\/","name":"Jellysmack","description":"The Global Creator Company","publisher":{"@id":"https:\/\/jellysmack.com\/es-mx\/#organization"},"potentialAction":[{"@type":"SearchAction","target":{"@type":"EntryPoint","urlTemplate":"https:\/\/jellysmack.com\/es-mx\/?s={search_term_string}"},"query-input":{"@type":"PropertyValueSpecification","valueRequired":true,"valueName":"search_term_string"}}],"inLanguage":"es-MX"},{"@type":"Organization","@id":"https:\/\/jellysmack.com\/es-mx\/#organization","name":"Jellysmack","url":"https:\/\/jellysmack.com\/es-mx\/","logo":{"@type":"ImageObject","inLanguage":"es-MX","@id":"https:\/\/jellysmack.com\/es-mx\/#\/schema\/logo\/image\/","url":"https:\/\/jellysmack.com\/wp-content\/uploads\/2021\/12\/siteicon.png","contentUrl":"https:\/\/jellysmack.com\/wp-content\/uploads\/2021\/12\/siteicon.png","width":512,"height":512,"caption":"Jellysmack"},"image":{"@id":"https:\/\/jellysmack.com\/es-mx\/#\/schema\/logo\/image\/"}}]}},"_links":{"self":[{"href":"https:\/\/jellysmack.com\/es-mx\/wp-json\/wp\/v2\/pages\/4565","targetHints":{"allow":["GET"]}}],"collection":[{"href":"https:\/\/jellysmack.com\/es-mx\/wp-json\/wp\/v2\/pages"}],"about":[{"href":"https:\/\/jellysmack.com\/es-mx\/wp-json\/wp\/v2\/types\/page"}],"author":[{"embeddable":true,"href":"https:\/\/jellysmack.com\/es-mx\/wp-json\/wp\/v2\/users\/1"}],"replies":[{"embeddable":true,"href":"https:\/\/jellysmack.com\/es-mx\/wp-json\/wp\/v2\/comments?post=4565"}],"version-history":[{"count":0,"href":"https:\/\/jellysmack.com\/es-mx\/wp-json\/wp\/v2\/pages\/4565\/revisions"}],"wp:attachment":[{"href":"https:\/\/jellysmack.com\/es-mx\/wp-json\/wp\/v2\/media?parent=4565"}],"curies":[{"name":"wp","href":"https:\/\/api.w.org\/{rel}","templated":true}]}}