{"id":5168,"date":"2022-09-02T01:07:39","date_gmt":"2022-09-02T01:07:39","guid":{"rendered":"https:\/\/jellysmack.com\/?page_id=5168"},"modified":"2022-10-17T21:47:57","modified_gmt":"2022-10-17T21:47:57","slug":"terminos-de-uso","status":"publish","type":"page","link":"https:\/\/jellysmack.com\/es-mx\/terminos-de-uso\/","title":{"rendered":"T\u00e9rminos de Uso"},"content":{"rendered":"\n<div style=\"height:100px\" aria-hidden=\"true\" class=\"wp-block-spacer\"><\/div>\n\n\n\n<h1 class=\"text-sharp wp-block-heading\">T\u00e9rminos de Uso<\/h1>\n\n\n\n<div style=\"height:100px\" aria-hidden=\"true\" class=\"wp-block-spacer\"><\/div>\n\n\n\n<div class=\"wp-block-columns is-layout-flex wp-container-core-columns-is-layout-9d6595d7 wp-block-columns-is-layout-flex\">\n<div class=\"wp-block-column is-layout-flow wp-block-column-is-layout-flow\" style=\"flex-basis:66.66%\">\n<p>Keli Network Inc., empresa que opera bajo el nombre Jellysmack, y sus filiales (&#8220;Jellysmack&#8221; o &#8220;nosotros&#8221;) proporcionan el sitio web de Jellysmack (el &#8220;Sitio&#8221;) a todos los visitantes del Sitio (&#8220;visitante&#8221; o &#8220;usted&#8221;) de acuerdo con los siguientes t\u00e9rminos y condiciones (los &#8220;T\u00e9rminos&#8221;). Al acceder y utilizar este Sitio, usted acepta estos T\u00e9rminos. Podemos modificar peri\u00f3dicamente los T\u00e9rminos a nuestra entera discreci\u00f3n y sin previo aviso, por lo que le rogamos que los revise de vez en cuando. Para obtener una explicaci\u00f3n de las pr\u00e1cticas y pol\u00edticas de Jellysmack relacionadas con la recopilaci\u00f3n, el uso y el almacenamiento de la informaci\u00f3n de los visitantes del Sitio, lea nuestra&nbsp;<a href=\"https:\/\/jellysmack.com\/es-mx\/politica-de-privacidad\/\"><em>Pol\u00edtica de privacidad<\/em><\/a>.<\/p>\n\n\n\n<p>Con la condici\u00f3n de que usted acepte estos T\u00e9rminos, Jellysmack le concede por la presente el permiso para acceder y utilizar el Sitio tal y como se establece en estos T\u00e9rminos. Si no est\u00e1 de acuerdo con estos T\u00e9rminos, no utilice el Sitio.<\/p>\n\n\n\n<p><strong>ACEPTACI\u00d3N DE LOS T\u00c9RMINOS DE USO<\/strong><\/p>\n\n\n\n<p>Usted afirma que es plenamente capaz y competente para suscribir los t\u00e9rminos, condiciones, obligaciones, afirmaciones, declaraciones y garant\u00edas establecidas en el presente documento, y para acatar y cumplir estos T\u00e9rminos. En caso de que usted acceda y\/o utilice el Sitio en nombre de otra entidad legal, usted declara y garantiza que tiene la autoridad legal, real o impl\u00edcita, para obligar a dicha entidad a cumplir estos T\u00e9rminos.<\/p>\n\n\n\n<p><strong>EL SITIO WEB DE JELLYSMACK<\/strong><\/p>\n\n\n\n<p>El Sitio de Jellysmack incluye la familia de sitios web de Jellysmack. El &#8220;Sitio de Jellsymack&#8221; se define como el conjunto de publicaciones basadas en la web que llevan el imprim\u00e1tur de Jellysmack y las p\u00e1ginas web, funciones y servicios disponibles en el dominio ra\u00edz jellysmack.com. El Sitio tambi\u00e9n incluye el formulario de contacto en <a href=\"https:\/\/jellysmack.com\/es-mx\/getintouch\/\">https:\/\/jellysmack.com\/es-mx\/getintouch\/<\/a>. El Sitio, incluyendo, entre otras cosas, el texto, los gr\u00e1ficos, los logotipos, los \u00edconos, las im\u00e1genes y los videos, as\u00ed como su selecci\u00f3n y disposici\u00f3n, adem\u00e1s de cualquier mejora o trabajo derivado de ellos (el &#8220;Contenido del Sitio&#8221;) es propiedad exclusiva de Jellysmack o de sus otorgantes y, en la medida en que sea aplicable, est\u00e1 protegido por las leyes de derechos de autor estadounidenses e internacionales. Ni el Contenido del Sitio ni la funcionalidad de este pueden ser copiados, reproducidos, modificados, sometidos a ingenier\u00eda inversa, alterados (incluyendo la eliminaci\u00f3n o desactivaci\u00f3n de cualquier forma de seguridad o salvaguarda tecnol\u00f3gica, renuncias o leyendas), cargados, publicados, enviados, transmitidos o distribuidos de ninguna manera sin nuestro permiso por escrito, excepto para aquellos usos especificados en el &#8220;Uso del Sitio&#8221; m\u00e1s adelante. Quedan reservados todos los derechos no concedidos expresamente. Se pueden realizar cambios en el Sitio en cualquier momento sin previo aviso.<\/p>\n\n\n\n<p><strong>USO DEL SITIO<\/strong><\/p>\n\n\n\n<p>Por el presente documento, Jellysmack le concede una licencia limitada, no exclusiva, intransferible y revocable durante el periodo de vigencia del presente documento para acceder al Sitio, siempre y cuando no modifique ni haga ning\u00fan uso derivado del Sitio de ninguna manera, ni utilice ning\u00fan tipo de miner\u00eda de datos, robots o m\u00e9todos similares de recopilaci\u00f3n o extracci\u00f3n de datos; no descargue (salvo el almacenamiento en cach\u00e9 de la p\u00e1gina) ninguna parte del Sitio ni ninguna informaci\u00f3n contenida en \u00e9l, salvo que Jellysmack lo autorice expresamente en el presente documento; no utilice el Sitio para otros fines que no sean los previstos y que, por lo dem\u00e1s, cumpla con estos T\u00e9rminos. No podr\u00e1 reproducir, modificar, aplicar ingenier\u00eda inversa, distribuir, transmitir, publicar o divulgar el Sitio sin el consentimiento previo por escrito de Jellysmack. Adem\u00e1s, no podr\u00e1 &#8220;duplicar&#8221; el Sitio o el Contenido del Sitio o cualquier parte de \u00e9l sin el consentimiento expreso por escrito de Jellysmack. Nada de lo que aparece en este Sitio debe interpretarse como una concesi\u00f3n directa o indirecta, o por implicaci\u00f3n, de cualquier licencia o derecho de uso de cualquier propiedad intelectual de Jellysmack que no sea la que se establece expresamente en este documento. La licencia concedida en esta secci\u00f3n termina autom\u00e1tica e inmediatamente si usted no cumple con estos T\u00e9rminos.<\/p>\n\n\n\n<p>Usted reconoce y acepta que Jellysmack puede dejar de proporcionarle (de forma permanente o temporal) el Sitio (o cualquier funci\u00f3n del sitio) a usted o a sus Visitantes en general en cualquier momento a discreci\u00f3n de Jellysmack, sin previo aviso. Puede dejar de utilizar o acceder al Sitio en cualquier momento y no es necesario que informe expresamente a Jellysmack cuando deje de utilizar o acceder al Sitio.<\/p>\n\n\n\n<p><strong>SERVICIOS DE TERCEROS<\/strong><\/p>\n\n\n\n<p>Usted puede optar por integrar, conectar o utilizar el Sitio con otros sitios web o plataformas que no sean proporcionados o gestionados por Jellysmack (&#8220;Sitios que no son de Jellysmack&#8221;) y, al hacerlo, concede a Jellysmack permiso para interoperar con los Sitios que no son de Jellysmack.<\/p>\n\n\n\n<p>Si utiliza Sitios que no son de Jellysmack (a) usted garantiza que, si utiliza el Sitio para conectar sus datos y\/o contenidos a servicios de terceros, incluido, entre otros, YouTube, dichos datos y\/o contenidos cumplir\u00e1n las condiciones de uso de los terceros y que usted acepta estar obligado a dichas condiciones de uso de los terceros (por ejemplo, acepta quedar obligado a <a href=\"https:\/\/www.youtube.com\/t\/terms\">las condiciones de servicio de YouTube<\/a>) en vigor y actualizadas peri\u00f3dicamente por dichos terceros; (b) Jellysmack no garantiza ni respalda los Sitios que no son de Jellysmack; (c) entre Jellysmack y el Visitante, el Visitante asume toda la responsabilidad por el Sitio que no es de Jellysmack y por cualquier divulgaci\u00f3n, modificaci\u00f3n o eliminaci\u00f3n de sus datos y\/o contenidos por parte de los Sitios que no son de Jellysmack; y (d) Jellysmack no tendr\u00e1 ninguna responsabilidad, y usted no estar\u00e1 exento de ninguna obligaci\u00f3n en virtud de las Condiciones ni tendr\u00e1 derecho a ninguna compensaci\u00f3n, debido a cualquier indisponibilidad del Sitio que no es de Jellysmack o a cualquier cambio en la capacidad de Jellysmack para interoperar con el Sitio que no es de Jellysmack.<\/p>\n\n\n\n<p>Si desea desconectar o eliminar el acceso de Jellysmack a dichos Sitios que no son de Jellysmack, acepta hacerlo visitando dichos Sitios que no son de Jellysmack y eliminando el acceso. Por ejemplo, para eliminar el acceso de Jellysmack a cualquier sitio web de Google, incluido, entre otros, YouTube, debe visitar la <a href=\"https:\/\/myaccount.google.com\/permissions?pli=1\">p\u00e1gina Configuraci\u00f3n de seguridad de Google<\/a> y seguir las instrucciones para eliminar el acceso del usuario.<\/p>\n\n\n\n<p><strong>GARANT\u00cdA<\/strong><\/p>\n\n\n\n<p>Todo el contenido y la funcionalidad del Sitio se proporcionan &#8220;tal cual&#8221;, sin garant\u00eda de ning\u00fan tipo, ya sea expresa o impl\u00edcita, incluyendo, sin limitaci\u00f3n, las garant\u00edas impl\u00edcitas de comerciabilidad e idoneidad para un prop\u00f3sito particular. Adem\u00e1s, Jellysmack no ofrece garant\u00edas ni declaraciones sobre la exactitud o integridad de este Sitio, el Contenido del Sitio o el contenido de cualquier sitio web vinculado a este Sitio.<\/p>\n\n\n\n<p>Las anteriores limitaciones de responsabilidad se aplicar\u00e1n en la mayor medida permitida por la ley en la jurisdicci\u00f3n aplicable.<\/p>\n\n\n\n<p><strong>RENUNCIAS GENERALES Y LIMITACI\u00d3N DE LA RESPONSABILIDAD<\/strong><\/p>\n\n\n\n<p>El contenido y la funcionalidad del Sitio se proporcionan con el entendimiento de que usted ser\u00e1 el \u00fanico responsable del uso que le d\u00e9 al Sitio y a todo el Contenido del Sitio y reconoce que cualquier confianza en el Contenido del Sitio ser\u00e1 enteramente a su opci\u00f3n y riesgo. Jellysmack no ser\u00e1 responsable de ning\u00fan da\u00f1o o p\u00e9rdida indirecta, incidental, consecuente o punitiva, ni de la p\u00e9rdida de ingresos o beneficios, independientemente de que se haya advertido o no de la posibilidad de tales da\u00f1os o p\u00e9rdidas y de la teor\u00eda de la responsabilidad.<\/p>\n\n\n\n<p><strong>INDEMNIZACI\u00d3N<\/strong><\/p>\n\n\n\n<p>Por el presente documento, usted indemniza, defiende y exime a Jellysmack y a todos sus predecesores, sucesores, empresas matrices, subsidiarias, filiales, funcionarios, directores, accionistas, inversores, empleados, agentes, representantes y abogados, as\u00ed como a sus respectivos herederos, sucesores y cesionarios (&#8220;Partes indemnizadas por Jellysmack&#8221;) de toda responsabilidad, gastos, costos u otras p\u00e9rdidas (&#8220;P\u00e9rdidas&#8221;) incurridas por Jellysmack y\/o las Partes indemnizadas por Jellysmack en relaci\u00f3n con cualquier reclamaci\u00f3n que surja de (i) su uso y acceso al Sitio; (ii) su infracci\u00f3n de los derechos de propiedad intelectual de terceros; y\/o (iii) cualquier incumplimiento por su parte de los presentes T\u00e9rminos, incluidas las declaraciones, garant\u00edas y pactos que haya realizado, en su caso, al aceptar estos T\u00e9rminos.<\/p>\n\n\n\n<p><strong>CESI\u00d3N<\/strong><\/p>\n\n\n\n<p>Estos T\u00e9rminos, as\u00ed como los derechos y licencias concedidos en virtud del presente documento, no podr\u00e1n ser transferidos o cedidos por usted, pero podr\u00e1n ser cedidos por Jellysmack sin restricci\u00f3n alguna.<\/p>\n\n\n\n<p><strong>LEY APLICABLE Y JURISDICCI\u00d3N<\/strong><\/p>\n\n\n\n<p>Al utilizar el Sitio, usted se compromete a cumplir con todas las leyes y reglamentos aplicables, incluyendo, entre otras, las leyes de privacidad, leyes de derechos de autor y otras leyes relacionadas con la propiedad intelectual. Estos T\u00e9rminos se rigen por las leyes del estado de Nueva York, sin referencia a los principios de conflicto de leyes. Cualquier disputa que surja, se relacione o se conecte de alguna manera con estos T\u00e9rminos ser\u00e1 litigada en los tribunales estatales o federales aplicables del estado de Nueva York, a cuya jurisdicci\u00f3n personal usted da su consentimiento. Usted acepta que cualquier causa de acci\u00f3n contra Jellysmack que surja de o est\u00e9 relacionada con el Sitio y\/o el Contenido del Sitio debe comenzar dentro de un (1) a\u00f1o despu\u00e9s de que la causa de acci\u00f3n se acumule.<\/p>\n\n\n\n<p><\/p>\n\n\n\n<p class=\"has-text-align-right has-medium-font-size\"><strong>\u00daltima actualizaci\u00f3n: <strong>12 de octubre de 2022<\/strong><\/strong><\/p>\n<\/div>\n\n\n\n<div class=\"wp-block-column is-layout-flow wp-block-column-is-layout-flow\" style=\"flex-basis:33.33%\"><\/div>\n<\/div>\n","protected":false},"excerpt":{"rendered":"<p>T\u00e9rminos de Uso Keli Network Inc., empresa que opera bajo el nombre Jellysmack, y sus filiales (&#8220;Jellysmack&#8221; o &#8220;nosotros&#8221;) proporcionan el sitio web de Jellysmack (el &#8220;Sitio&#8221;) a todos los visitantes del Sitio (&#8220;visitante&#8221; o &#8220;usted&#8221;) de acuerdo con los siguientes t\u00e9rminos y condiciones (los &#8220;T\u00e9rminos&#8221;). Al acceder y utilizar este Sitio, usted acepta estos [&#8230;]<\/p>\n<p><a class=\"btn btn-secondary havas_understrap-read-more-link\" href=\"https:\/\/jellysmack.com\/es-mx\/terminos-de-uso\/\">Read More&#8230;<\/a><\/p>\n","protected":false},"author":22,"featured_media":0,"parent":0,"menu_order":0,"comment_status":"closed","ping_status":"closed","template":"","meta":{"footnotes":""},"class_list":["post-5168","page","type-page","status-publish","hentry"],"acf":[],"yoast_head":"<!-- This site is optimized with the Yoast SEO plugin v27.4 - https:\/\/yoast.com\/product\/yoast-seo-wordpress\/ -->\n<title>T\u00e9rminos de Uso - Jellysmack<\/title>\n<meta name=\"robots\" content=\"index, follow, max-snippet:-1, max-image-preview:large, max-video-preview:-1\" \/>\n<link rel=\"canonical\" href=\"https:\/\/jellysmack.com\/es-mx\/terminos-de-uso\/\" \/>\n<meta property=\"og:locale\" content=\"es_MX\" \/>\n<meta property=\"og:type\" content=\"article\" \/>\n<meta property=\"og:title\" content=\"T\u00e9rminos de Uso - Jellysmack\" \/>\n<meta property=\"og:description\" content=\"T\u00e9rminos de Uso Keli Network Inc., empresa que opera bajo el nombre Jellysmack, y sus filiales (&#8220;Jellysmack&#8221; o &#8220;nosotros&#8221;) proporcionan el sitio web de Jellysmack (el &#8220;Sitio&#8221;) a todos los visitantes del Sitio (&#8220;visitante&#8221; o &#8220;usted&#8221;) de acuerdo con los siguientes t\u00e9rminos y condiciones (los &#8220;T\u00e9rminos&#8221;). Al acceder y utilizar este Sitio, usted acepta estos [...]Read More...\" \/>\n<meta property=\"og:url\" content=\"https:\/\/jellysmack.com\/es-mx\/terminos-de-uso\/\" \/>\n<meta property=\"og:site_name\" content=\"Jellysmack\" \/>\n<meta property=\"article:modified_time\" content=\"2022-10-17T21:47:57+00:00\" \/>\n<meta property=\"og:image\" content=\"https:\/\/jellysmack.com\/wp-content\/uploads\/2023\/07\/Artboard-1-copy-4.png\" \/>\n\t<meta property=\"og:image:width\" content=\"1200\" \/>\n\t<meta property=\"og:image:height\" content=\"630\" \/>\n\t<meta property=\"og:image:type\" content=\"image\/png\" \/>\n<meta name=\"twitter:card\" content=\"summary_large_image\" \/>\n<meta name=\"twitter:label1\" content=\"Tiempo de lectura\" \/>\n\t<meta name=\"twitter:data1\" content=\"7 minutos\" \/>\n<script type=\"application\/ld+json\" class=\"yoast-schema-graph\">{\"@context\":\"https:\\\/\\\/schema.org\",\"@graph\":[{\"@type\":\"WebPage\",\"@id\":\"https:\\\/\\\/jellysmack.com\\\/es-mx\\\/terminos-de-uso\\\/\",\"url\":\"https:\\\/\\\/jellysmack.com\\\/es-mx\\\/terminos-de-uso\\\/\",\"name\":\"T\u00e9rminos de Uso - Jellysmack\",\"isPartOf\":{\"@id\":\"https:\\\/\\\/jellysmack.com\\\/es-mx\\\/#website\"},\"datePublished\":\"2022-09-02T01:07:39+00:00\",\"dateModified\":\"2022-10-17T21:47:57+00:00\",\"breadcrumb\":{\"@id\":\"https:\\\/\\\/jellysmack.com\\\/es-mx\\\/terminos-de-uso\\\/#breadcrumb\"},\"inLanguage\":\"es-MX\",\"potentialAction\":[{\"@type\":\"ReadAction\",\"target\":[\"https:\\\/\\\/jellysmack.com\\\/es-mx\\\/terminos-de-uso\\\/\"]}]},{\"@type\":\"BreadcrumbList\",\"@id\":\"https:\\\/\\\/jellysmack.com\\\/es-mx\\\/terminos-de-uso\\\/#breadcrumb\",\"itemListElement\":[{\"@type\":\"ListItem\",\"position\":1,\"name\":\"Home\",\"item\":\"https:\\\/\\\/jellysmack.com\\\/es-mx\\\/\"},{\"@type\":\"ListItem\",\"position\":2,\"name\":\"T\u00e9rminos de Uso\"}]},{\"@type\":\"WebSite\",\"@id\":\"https:\\\/\\\/jellysmack.com\\\/es-mx\\\/#website\",\"url\":\"https:\\\/\\\/jellysmack.com\\\/es-mx\\\/\",\"name\":\"Jellysmack\",\"description\":\"The Global Creator Company\",\"publisher\":{\"@id\":\"https:\\\/\\\/jellysmack.com\\\/es-mx\\\/#organization\"},\"potentialAction\":[{\"@type\":\"SearchAction\",\"target\":{\"@type\":\"EntryPoint\",\"urlTemplate\":\"https:\\\/\\\/jellysmack.com\\\/es-mx\\\/?s={search_term_string}\"},\"query-input\":{\"@type\":\"PropertyValueSpecification\",\"valueRequired\":true,\"valueName\":\"search_term_string\"}}],\"inLanguage\":\"es-MX\"},{\"@type\":\"Organization\",\"@id\":\"https:\\\/\\\/jellysmack.com\\\/es-mx\\\/#organization\",\"name\":\"Jellysmack\",\"url\":\"https:\\\/\\\/jellysmack.com\\\/es-mx\\\/\",\"logo\":{\"@type\":\"ImageObject\",\"inLanguage\":\"es-MX\",\"@id\":\"https:\\\/\\\/jellysmack.com\\\/es-mx\\\/#\\\/schema\\\/logo\\\/image\\\/\",\"url\":\"https:\\\/\\\/jellysmack.com\\\/wp-content\\\/uploads\\\/2021\\\/12\\\/siteicon.png\",\"contentUrl\":\"https:\\\/\\\/jellysmack.com\\\/wp-content\\\/uploads\\\/2021\\\/12\\\/siteicon.png\",\"width\":512,\"height\":512,\"caption\":\"Jellysmack\"},\"image\":{\"@id\":\"https:\\\/\\\/jellysmack.com\\\/es-mx\\\/#\\\/schema\\\/logo\\\/image\\\/\"}}]}<\/script>\n<!-- \/ Yoast SEO plugin. -->","yoast_head_json":{"title":"T\u00e9rminos de Uso - Jellysmack","robots":{"index":"index","follow":"follow","max-snippet":"max-snippet:-1","max-image-preview":"max-image-preview:large","max-video-preview":"max-video-preview:-1"},"canonical":"https:\/\/jellysmack.com\/es-mx\/terminos-de-uso\/","og_locale":"es_MX","og_type":"article","og_title":"T\u00e9rminos de Uso - Jellysmack","og_description":"T\u00e9rminos de Uso Keli Network Inc., empresa que opera bajo el nombre Jellysmack, y sus filiales (&#8220;Jellysmack&#8221; o &#8220;nosotros&#8221;) proporcionan el sitio web de Jellysmack (el &#8220;Sitio&#8221;) a todos los visitantes del Sitio (&#8220;visitante&#8221; o &#8220;usted&#8221;) de acuerdo con los siguientes t\u00e9rminos y condiciones (los &#8220;T\u00e9rminos&#8221;). Al acceder y utilizar este Sitio, usted acepta estos [...]Read More...","og_url":"https:\/\/jellysmack.com\/es-mx\/terminos-de-uso\/","og_site_name":"Jellysmack","article_modified_time":"2022-10-17T21:47:57+00:00","og_image":[{"width":1200,"height":630,"url":"https:\/\/jellysmack.com\/wp-content\/uploads\/2023\/07\/Artboard-1-copy-4.png","type":"image\/png"}],"twitter_card":"summary_large_image","twitter_misc":{"Tiempo de lectura":"7 minutos"},"schema":{"@context":"https:\/\/schema.org","@graph":[{"@type":"WebPage","@id":"https:\/\/jellysmack.com\/es-mx\/terminos-de-uso\/","url":"https:\/\/jellysmack.com\/es-mx\/terminos-de-uso\/","name":"T\u00e9rminos de Uso - Jellysmack","isPartOf":{"@id":"https:\/\/jellysmack.com\/es-mx\/#website"},"datePublished":"2022-09-02T01:07:39+00:00","dateModified":"2022-10-17T21:47:57+00:00","breadcrumb":{"@id":"https:\/\/jellysmack.com\/es-mx\/terminos-de-uso\/#breadcrumb"},"inLanguage":"es-MX","potentialAction":[{"@type":"ReadAction","target":["https:\/\/jellysmack.com\/es-mx\/terminos-de-uso\/"]}]},{"@type":"BreadcrumbList","@id":"https:\/\/jellysmack.com\/es-mx\/terminos-de-uso\/#breadcrumb","itemListElement":[{"@type":"ListItem","position":1,"name":"Home","item":"https:\/\/jellysmack.com\/es-mx\/"},{"@type":"ListItem","position":2,"name":"T\u00e9rminos de Uso"}]},{"@type":"WebSite","@id":"https:\/\/jellysmack.com\/es-mx\/#website","url":"https:\/\/jellysmack.com\/es-mx\/","name":"Jellysmack","description":"The Global Creator Company","publisher":{"@id":"https:\/\/jellysmack.com\/es-mx\/#organization"},"potentialAction":[{"@type":"SearchAction","target":{"@type":"EntryPoint","urlTemplate":"https:\/\/jellysmack.com\/es-mx\/?s={search_term_string}"},"query-input":{"@type":"PropertyValueSpecification","valueRequired":true,"valueName":"search_term_string"}}],"inLanguage":"es-MX"},{"@type":"Organization","@id":"https:\/\/jellysmack.com\/es-mx\/#organization","name":"Jellysmack","url":"https:\/\/jellysmack.com\/es-mx\/","logo":{"@type":"ImageObject","inLanguage":"es-MX","@id":"https:\/\/jellysmack.com\/es-mx\/#\/schema\/logo\/image\/","url":"https:\/\/jellysmack.com\/wp-content\/uploads\/2021\/12\/siteicon.png","contentUrl":"https:\/\/jellysmack.com\/wp-content\/uploads\/2021\/12\/siteicon.png","width":512,"height":512,"caption":"Jellysmack"},"image":{"@id":"https:\/\/jellysmack.com\/es-mx\/#\/schema\/logo\/image\/"}}]}},"_links":{"self":[{"href":"https:\/\/jellysmack.com\/es-mx\/wp-json\/wp\/v2\/pages\/5168","targetHints":{"allow":["GET"]}}],"collection":[{"href":"https:\/\/jellysmack.com\/es-mx\/wp-json\/wp\/v2\/pages"}],"about":[{"href":"https:\/\/jellysmack.com\/es-mx\/wp-json\/wp\/v2\/types\/page"}],"author":[{"embeddable":true,"href":"https:\/\/jellysmack.com\/es-mx\/wp-json\/wp\/v2\/users\/22"}],"replies":[{"embeddable":true,"href":"https:\/\/jellysmack.com\/es-mx\/wp-json\/wp\/v2\/comments?post=5168"}],"version-history":[{"count":0,"href":"https:\/\/jellysmack.com\/es-mx\/wp-json\/wp\/v2\/pages\/5168\/revisions"}],"wp:attachment":[{"href":"https:\/\/jellysmack.com\/es-mx\/wp-json\/wp\/v2\/media?parent=5168"}],"curies":[{"name":"wp","href":"https:\/\/api.w.org\/{rel}","templated":true}]}}