{"id":4017,"date":"2022-04-25T19:37:42","date_gmt":"2022-04-25T19:37:42","guid":{"rendered":"https:\/\/jellysmack.com\/accessibilite\/"},"modified":"2022-06-29T18:04:14","modified_gmt":"2022-06-29T18:04:14","slug":"accessibilite","status":"publish","type":"page","link":"https:\/\/jellysmack.com\/fr\/accessibilite\/","title":{"rendered":"Accessibilit\u00e9"},"content":{"rendered":"\n<div style=\"height:100px\" aria-hidden=\"true\" class=\"wp-block-spacer\"><\/div>\n\n<h1 class=\"text-sharp h2 fix-h2 wp-block-heading\">D\u00c9CLARATION D\u2019ACCESSIBILIT\u00c9<\/h1>\n\n<div style=\"height:100px\" aria-hidden=\"true\" class=\"wp-block-spacer\"><\/div>\n\n<div class=\"wp-block-columns is-layout-flex wp-container-core-columns-is-layout-9d6595d7 wp-block-columns-is-layout-flex\">\n<div class=\"wp-block-column is-layout-flow wp-block-column-is-layout-flow\" style=\"flex-basis:66.66%\">\n<p class=\"has-medium-font-size\">Jellysmack s\u2019engage \u00e0 rendre son site Web et tous ses contenus accessibles \u00e0 tous, et \u00e0 en assurer une utilisation facile. Si vous rencontrez des difficult\u00e9s li\u00e9es \u00e0 l\u2019affichage du contenu ou \u00e0 votre navigation sur le site, ou si vous pensez qu\u2019un contenu, une caract\u00e9ristique ou une fonctionnalit\u00e9 du site n\u2019est pas enti\u00e8rement accessible aux personnes porteuses de handicaps, veuillez contacter notre \u00e9quipe par e-mail \u00e0 l\u2019adresse <a href=\"mailto:accessibility@jellysmack.com\">accessibility@jellysmack.com<\/a>. Indiquez \u00ab\u00a0Accessibilit\u00e9\u00a0\u00bb dans la ligne d\u2019objet, et d\u00e9crivez en d\u00e9tail la fonction qui vous semble poser probl\u00e8me, ou faites-nous part de votre suggestion d\u2019am\u00e9lioration. Vos commentaires comptent beaucoup pour nous. Nous les prendrons en consid\u00e9ration dans la d\u00e9finition de nos politiques d\u2019accessibilit\u00e9 et des moyens que nous mettons en place afin de satisfaire l\u2019ensemble de nos clients. En outre, bien que nous n\u2019ayons aucun contr\u00f4le sur les fournisseurs tiers, nous les encourageons vivement \u00e0 proposer eux aussi du contenu num\u00e9rique accessible et facilement utilisable.<\/p>\n<\/div>\n\n\n\n<div class=\"wp-block-column is-layout-flow wp-block-column-is-layout-flow\" style=\"flex-basis:33.33%\"><\/div>\n<\/div>\n","protected":false},"excerpt":{"rendered":"<p>D\u00c9CLARATION D\u2019ACCESSIBILIT\u00c9 Jellysmack s\u2019engage \u00e0 rendre son site Web et tous ses contenus accessibles \u00e0 tous, et \u00e0 en assurer une utilisation facile. Si vous rencontrez des difficult\u00e9s li\u00e9es \u00e0 l\u2019affichage du contenu ou \u00e0 votre navigation sur le site, ou si vous pensez qu\u2019un contenu, une caract\u00e9ristique ou une fonctionnalit\u00e9 du site n\u2019est pas [&#8230;]<\/p>\n<p><a class=\"btn btn-secondary havas_understrap-read-more-link\" href=\"https:\/\/jellysmack.com\/fr\/accessibilite\/\">Lire la suite&#8230;<\/a><\/p>\n","protected":false},"author":1,"featured_media":0,"parent":0,"menu_order":0,"comment_status":"closed","ping_status":"closed","template":"","meta":{"footnotes":""},"class_list":["post-4017","page","type-page","status-publish","hentry"],"acf":[],"yoast_head":"<!-- This site is optimized with the Yoast SEO plugin v27.3 - https:\/\/yoast.com\/product\/yoast-seo-wordpress\/ -->\n<title>Accessibilit\u00e9 - Jellysmack<\/title>\n<meta name=\"robots\" content=\"index, follow, max-snippet:-1, max-image-preview:large, max-video-preview:-1\" \/>\n<link rel=\"canonical\" href=\"https:\/\/jellysmack.com\/fr\/accessibilite\/\" \/>\n<meta property=\"og:locale\" content=\"fr_FR\" \/>\n<meta property=\"og:type\" content=\"article\" \/>\n<meta property=\"og:title\" content=\"Accessibilit\u00e9 - Jellysmack\" \/>\n<meta property=\"og:description\" content=\"D\u00c9CLARATION D\u2019ACCESSIBILIT\u00c9 Jellysmack s\u2019engage \u00e0 rendre son site Web et tous ses contenus accessibles \u00e0 tous, et \u00e0 en assurer une utilisation facile. Si vous rencontrez des difficult\u00e9s li\u00e9es \u00e0 l\u2019affichage du contenu ou \u00e0 votre navigation sur le site, ou si vous pensez qu\u2019un contenu, une caract\u00e9ristique ou une fonctionnalit\u00e9 du site n\u2019est pas [...]Lire la suite...\" \/>\n<meta property=\"og:url\" content=\"https:\/\/jellysmack.com\/fr\/accessibilite\/\" \/>\n<meta property=\"og:site_name\" content=\"Jellysmack\" \/>\n<meta property=\"article:modified_time\" content=\"2022-06-29T18:04:14+00:00\" \/>\n<meta property=\"og:image\" content=\"https:\/\/jellysmack.com\/wp-content\/uploads\/2023\/07\/Artboard-1-copy-4.png\" \/>\n\t<meta property=\"og:image:width\" content=\"1200\" \/>\n\t<meta property=\"og:image:height\" content=\"630\" \/>\n\t<meta property=\"og:image:type\" content=\"image\/png\" \/>\n<meta name=\"twitter:card\" content=\"summary_large_image\" \/>\n<meta name=\"twitter:label1\" content=\"Dur\u00e9e de lecture estim\u00e9e\" \/>\n\t<meta name=\"twitter:data1\" content=\"1 minute\" \/>\n<script type=\"application\/ld+json\" class=\"yoast-schema-graph\">{\"@context\":\"https:\\\/\\\/schema.org\",\"@graph\":[{\"@type\":\"WebPage\",\"@id\":\"https:\\\/\\\/jellysmack.com\\\/fr\\\/accessibilite\\\/\",\"url\":\"https:\\\/\\\/jellysmack.com\\\/fr\\\/accessibilite\\\/\",\"name\":\"Accessibilit\u00e9 - Jellysmack\",\"isPartOf\":{\"@id\":\"https:\\\/\\\/jellysmack.com\\\/fr\\\/#website\"},\"datePublished\":\"2022-04-25T19:37:42+00:00\",\"dateModified\":\"2022-06-29T18:04:14+00:00\",\"breadcrumb\":{\"@id\":\"https:\\\/\\\/jellysmack.com\\\/fr\\\/accessibilite\\\/#breadcrumb\"},\"inLanguage\":\"fr-FR\",\"potentialAction\":[{\"@type\":\"ReadAction\",\"target\":[\"https:\\\/\\\/jellysmack.com\\\/fr\\\/accessibilite\\\/\"]}]},{\"@type\":\"BreadcrumbList\",\"@id\":\"https:\\\/\\\/jellysmack.com\\\/fr\\\/accessibilite\\\/#breadcrumb\",\"itemListElement\":[{\"@type\":\"ListItem\",\"position\":1,\"name\":\"Home\",\"item\":\"https:\\\/\\\/jellysmack.com\\\/fr\\\/\"},{\"@type\":\"ListItem\",\"position\":2,\"name\":\"Accessibilit\u00e9\"}]},{\"@type\":\"WebSite\",\"@id\":\"https:\\\/\\\/jellysmack.com\\\/fr\\\/#website\",\"url\":\"https:\\\/\\\/jellysmack.com\\\/fr\\\/\",\"name\":\"Jellysmack\",\"description\":\"The Global Creator Company\",\"publisher\":{\"@id\":\"https:\\\/\\\/jellysmack.com\\\/fr\\\/#organization\"},\"potentialAction\":[{\"@type\":\"SearchAction\",\"target\":{\"@type\":\"EntryPoint\",\"urlTemplate\":\"https:\\\/\\\/jellysmack.com\\\/fr\\\/?s={search_term_string}\"},\"query-input\":{\"@type\":\"PropertyValueSpecification\",\"valueRequired\":true,\"valueName\":\"search_term_string\"}}],\"inLanguage\":\"fr-FR\"},{\"@type\":\"Organization\",\"@id\":\"https:\\\/\\\/jellysmack.com\\\/fr\\\/#organization\",\"name\":\"Jellysmack\",\"url\":\"https:\\\/\\\/jellysmack.com\\\/fr\\\/\",\"logo\":{\"@type\":\"ImageObject\",\"inLanguage\":\"fr-FR\",\"@id\":\"https:\\\/\\\/jellysmack.com\\\/fr\\\/#\\\/schema\\\/logo\\\/image\\\/\",\"url\":\"https:\\\/\\\/jellysmack.com\\\/wp-content\\\/uploads\\\/2021\\\/12\\\/siteicon.png\",\"contentUrl\":\"https:\\\/\\\/jellysmack.com\\\/wp-content\\\/uploads\\\/2021\\\/12\\\/siteicon.png\",\"width\":512,\"height\":512,\"caption\":\"Jellysmack\"},\"image\":{\"@id\":\"https:\\\/\\\/jellysmack.com\\\/fr\\\/#\\\/schema\\\/logo\\\/image\\\/\"}}]}<\/script>\n<!-- \/ Yoast SEO plugin. -->","yoast_head_json":{"title":"Accessibilit\u00e9 - Jellysmack","robots":{"index":"index","follow":"follow","max-snippet":"max-snippet:-1","max-image-preview":"max-image-preview:large","max-video-preview":"max-video-preview:-1"},"canonical":"https:\/\/jellysmack.com\/fr\/accessibilite\/","og_locale":"fr_FR","og_type":"article","og_title":"Accessibilit\u00e9 - Jellysmack","og_description":"D\u00c9CLARATION D\u2019ACCESSIBILIT\u00c9 Jellysmack s\u2019engage \u00e0 rendre son site Web et tous ses contenus accessibles \u00e0 tous, et \u00e0 en assurer une utilisation facile. Si vous rencontrez des difficult\u00e9s li\u00e9es \u00e0 l\u2019affichage du contenu ou \u00e0 votre navigation sur le site, ou si vous pensez qu\u2019un contenu, une caract\u00e9ristique ou une fonctionnalit\u00e9 du site n\u2019est pas [...]Lire la suite...","og_url":"https:\/\/jellysmack.com\/fr\/accessibilite\/","og_site_name":"Jellysmack","article_modified_time":"2022-06-29T18:04:14+00:00","og_image":[{"width":1200,"height":630,"url":"https:\/\/jellysmack.com\/wp-content\/uploads\/2023\/07\/Artboard-1-copy-4.png","type":"image\/png"}],"twitter_card":"summary_large_image","twitter_misc":{"Dur\u00e9e de lecture estim\u00e9e":"1 minute"},"schema":{"@context":"https:\/\/schema.org","@graph":[{"@type":"WebPage","@id":"https:\/\/jellysmack.com\/fr\/accessibilite\/","url":"https:\/\/jellysmack.com\/fr\/accessibilite\/","name":"Accessibilit\u00e9 - Jellysmack","isPartOf":{"@id":"https:\/\/jellysmack.com\/fr\/#website"},"datePublished":"2022-04-25T19:37:42+00:00","dateModified":"2022-06-29T18:04:14+00:00","breadcrumb":{"@id":"https:\/\/jellysmack.com\/fr\/accessibilite\/#breadcrumb"},"inLanguage":"fr-FR","potentialAction":[{"@type":"ReadAction","target":["https:\/\/jellysmack.com\/fr\/accessibilite\/"]}]},{"@type":"BreadcrumbList","@id":"https:\/\/jellysmack.com\/fr\/accessibilite\/#breadcrumb","itemListElement":[{"@type":"ListItem","position":1,"name":"Home","item":"https:\/\/jellysmack.com\/fr\/"},{"@type":"ListItem","position":2,"name":"Accessibilit\u00e9"}]},{"@type":"WebSite","@id":"https:\/\/jellysmack.com\/fr\/#website","url":"https:\/\/jellysmack.com\/fr\/","name":"Jellysmack","description":"The Global Creator Company","publisher":{"@id":"https:\/\/jellysmack.com\/fr\/#organization"},"potentialAction":[{"@type":"SearchAction","target":{"@type":"EntryPoint","urlTemplate":"https:\/\/jellysmack.com\/fr\/?s={search_term_string}"},"query-input":{"@type":"PropertyValueSpecification","valueRequired":true,"valueName":"search_term_string"}}],"inLanguage":"fr-FR"},{"@type":"Organization","@id":"https:\/\/jellysmack.com\/fr\/#organization","name":"Jellysmack","url":"https:\/\/jellysmack.com\/fr\/","logo":{"@type":"ImageObject","inLanguage":"fr-FR","@id":"https:\/\/jellysmack.com\/fr\/#\/schema\/logo\/image\/","url":"https:\/\/jellysmack.com\/wp-content\/uploads\/2021\/12\/siteicon.png","contentUrl":"https:\/\/jellysmack.com\/wp-content\/uploads\/2021\/12\/siteicon.png","width":512,"height":512,"caption":"Jellysmack"},"image":{"@id":"https:\/\/jellysmack.com\/fr\/#\/schema\/logo\/image\/"}}]}},"_links":{"self":[{"href":"https:\/\/jellysmack.com\/fr\/wp-json\/wp\/v2\/pages\/4017","targetHints":{"allow":["GET"]}}],"collection":[{"href":"https:\/\/jellysmack.com\/fr\/wp-json\/wp\/v2\/pages"}],"about":[{"href":"https:\/\/jellysmack.com\/fr\/wp-json\/wp\/v2\/types\/page"}],"author":[{"embeddable":true,"href":"https:\/\/jellysmack.com\/fr\/wp-json\/wp\/v2\/users\/1"}],"replies":[{"embeddable":true,"href":"https:\/\/jellysmack.com\/fr\/wp-json\/wp\/v2\/comments?post=4017"}],"version-history":[{"count":0,"href":"https:\/\/jellysmack.com\/fr\/wp-json\/wp\/v2\/pages\/4017\/revisions"}],"wp:attachment":[{"href":"https:\/\/jellysmack.com\/fr\/wp-json\/wp\/v2\/media?parent=4017"}],"curies":[{"name":"wp","href":"https:\/\/api.w.org\/{rel}","templated":true}]}}