{"id":4196,"date":"2022-05-30T20:03:57","date_gmt":"2022-05-30T20:03:57","guid":{"rendered":"https:\/\/jellysmack.com\/?page_id=4196"},"modified":"2023-01-13T16:26:44","modified_gmt":"2023-01-13T16:26:44","slug":"press-room","status":"publish","type":"page","link":"https:\/\/jellysmack.com\/fr\/press-room\/","title":{"rendered":"Press Room"},"content":{"rendered":"\n<div class=\"wp-block-group hero-cover bg-breakout has-js-black-color has-bg-gradient-reverse-gradient-background has-text-color has-background\"><div class=\"wp-block-group__inner-container is-layout-flow wp-block-group-is-layout-flow\">\n<h2 class=\"has-text-align-center text-sharp wp-block-heading\">Press Room<\/h2>\n\n\n\n<p class=\"has-text-align-center black-link has-js-black-color has-text-color has-medium-font-size\">La Creator Economy est l\u2019avenir du divertissement. Et nous sommes en train de fa\u00e7onner cet avenir.&nbsp;<br> Pour toute demande relative \u00e0 la presse, veuillez nous \u00e9crire \u00e0 <a href=\"mailto:press@jellysmack.com\">press@jellysmack.com<\/a>.<\/p>\n<\/div><\/div>\n\n\n\n<div class=\"wp-block-group bg-breakout has-js-black-color has-js-white-background-color has-text-color has-background\"><div class=\"wp-block-group__inner-container is-layout-flow wp-block-group-is-layout-flow\">\n<h2 class=\"text-sharp wp-block-heading\">Les derni\u00e8res<br> news<\/h2>\n\n\n\n<div class=\"container havas-blog-slider-container my-4 mt-5 px-0 pb-5 carousel slide \"  data-ride=\"carousel\" id=\"blog-carousel\">\n\t<button class=\"carousel-control-btn carousel-control-prev d-none d-md-flex p-0\" type=\"button\" data-target=\"#blog-carousel\" data-slide=\"prev\">\n\t\t<span class=\"js-icon-angle\" aria-hidden=\"true\"><\/span>\n\t\t<span class=\"sr-only\">Prev<\/span>\n\t<\/button>\n\t<div class=\"carousel-inner row mx-0\">\n\t\t\t<div class=\"carousel-item py-4 active\">\n\t\t<div class=\"col-12 h-100\">\n\t\t\t\t<div class=\"row d-block d-lg-flex h-100\">\n\t\t\t\t\t<div class=\"col-lg-6 p-lg-0 text-center mb-3 mb-lg-0\" id=\"heading1\">\n\t\t\t\t\t\t<img decoding=\"async\" src=\"https:\/\/blog.jellysmack.com\/wp-content\/uploads\/sites\/2\/2024\/09\/CARROUSEL-OO-2-1024x576.png\" alt=\"Watch, Like, Subscribe: The Best of Jellysmack Original Channels\"\/>\n\t\t\t\t\t<\/div>\n\t\t\t\t\t<div class=\"col-lg-6 d-flex flex-column align-items-start\">\n\t\t\t\t\t\t\t\t\t\t\t\t<h6>September 23, 2024<\/h6>\n\t\t\t\t\t\t\t\t\t\t\t\t\t\t\t\t\t\t\t<h4 class=\"text-sharp mb-3\">\n\t\t\t\t\t\t\t\tWatch, Like, Subscribe: The Best of Jellysmack Original Channels\t\t\t\t\t\t\t<\/h4>\n\t\t\t\t\t\t\t\t\t\t\t\t<span class=\"has-medium-font-size\">\n\t\t\t\t\t\t\t<p>While Jellysmack is best known today for helping creator brands Go Bigger, our journey started much closer to home\u2014as creators<\/p>\n\t\t\t\t\t\t<\/span>\n\t\t\t\t\t\t\t\t\t\t\t<div class=\"wp-block-button is-style-outline\">\n\t\t\t\t\t\t\t<a class=\"btn btn-black-gradient\" href=\"https:\/\/blog.jellysmack.com\/jellysmack-original-channels\/\" target=\"_blank\">\n\t\t\t\t\t\t\t\tRead More\t\t\t\t\t\t\t\t<span class=\"arrows\">\n\t\t\t\t\t\t\t\t\t<span class=\"js-icon-js-symbol\"><\/span>\n\t\t\t\t\t\t\t\t<\/span>\n\t\t\t\t\t\t\t\t<span class=\"follower\"><\/span>\n\t\t\t\t\t\t\t<\/a>\n\t\t\t\t\t\t<\/div>\n\t\t\t\t\t\t\t\t\t\t\t<\/div>\n\t\t\t\t<\/div>\n\t\t\t<\/div>\n\t\t<\/div>\n\t\t\t<div class=\"carousel-item py-4\">\n\t\t<div class=\"col-12 h-100\">\n\t\t\t\t<div class=\"row d-block d-lg-flex h-100\">\n\t\t\t\t\t<div class=\"col-lg-6 p-lg-0 text-center mb-3 mb-lg-0\" id=\"heading2\">\n\t\t\t\t\t\t<img decoding=\"async\" src=\"https:\/\/blog.jellysmack.com\/wp-content\/uploads\/sites\/2\/2024\/06\/Artboard-1-copy-36-1024x604.png\" alt=\"Podcast Scam Targets Creators\"\/>\n\t\t\t\t\t<\/div>\n\t\t\t\t\t<div class=\"col-lg-6 d-flex flex-column align-items-start\">\n\t\t\t\t\t\t\t\t\t\t\t\t<h6>June 13, 2024<\/h6>\n\t\t\t\t\t\t\t\t\t\t\t\t\t\t\t\t\t\t\t<h4 class=\"text-sharp mb-3\">\n\t\t\t\t\t\t\t\tPodcast Scam Targets Creators\t\t\t\t\t\t\t<\/h4>\n\t\t\t\t\t\t\t\t\t\t\t\t<span class=\"has-medium-font-size\">\n\t\t\t\t\t\t\t<p>A podcast scam is targeting creators and stealing their accounts. Here&#8217;s how it works and how to keep yourself safe. <\/p>\n\t\t\t\t\t\t<\/span>\n\t\t\t\t\t\t\t\t\t\t\t<div class=\"wp-block-button is-style-outline\">\n\t\t\t\t\t\t\t<a class=\"btn btn-black-gradient\" href=\"https:\/\/blog.jellysmack.com\/creator-podcast-scam\/\" target=\"_blank\">\n\t\t\t\t\t\t\t\tRead More\t\t\t\t\t\t\t\t<span class=\"arrows\">\n\t\t\t\t\t\t\t\t\t<span class=\"js-icon-js-symbol\"><\/span>\n\t\t\t\t\t\t\t\t<\/span>\n\t\t\t\t\t\t\t\t<span class=\"follower\"><\/span>\n\t\t\t\t\t\t\t<\/a>\n\t\t\t\t\t\t<\/div>\n\t\t\t\t\t\t\t\t\t\t\t<\/div>\n\t\t\t\t<\/div>\n\t\t\t<\/div>\n\t\t<\/div>\n\t\t\t<div class=\"carousel-item py-4\">\n\t\t<div class=\"col-12 h-100\">\n\t\t\t\t<div class=\"row d-block d-lg-flex h-100\">\n\t\t\t\t\t<div class=\"col-lg-6 p-lg-0 text-center mb-3 mb-lg-0\" id=\"heading3\">\n\t\t\t\t\t\t<img decoding=\"async\" src=\"https:\/\/blog.jellysmack.com\/wp-content\/uploads\/sites\/2\/2024\/06\/IMG_1231-scaled.jpeg\" alt=\"CrimeCon 2024 Recap: A Deep Dive Into the World of True Crime\"\/>\n\t\t\t\t\t<\/div>\n\t\t\t\t\t<div class=\"col-lg-6 d-flex flex-column align-items-start\">\n\t\t\t\t\t\t\t\t\t\t\t\t<h6>June 4, 2024<\/h6>\n\t\t\t\t\t\t\t\t\t\t\t\t\t\t\t\t\t\t\t<h4 class=\"text-sharp mb-3\">\n\t\t\t\t\t\t\t\tCrimeCon 2024 Recap: A Deep Dive Into the World of True Crime\t\t\t\t\t\t\t<\/h4>\n\t\t\t\t\t\t\t\t\t\t\t\t<span class=\"has-medium-font-size\">\n\t\t\t\t\t\t\t<p>Inside our memorable Nashville weekend with Law&#038;Crime<\/p>\n\t\t\t\t\t\t<\/span>\n\t\t\t\t\t\t\t\t\t\t\t<div class=\"wp-block-button is-style-outline\">\n\t\t\t\t\t\t\t<a class=\"btn btn-black-gradient\" href=\"https:\/\/blog.jellysmack.com\/crimecon-2024-recap-a-deep-dive-into-the-world-of-true-crime\/\" target=\"_blank\">\n\t\t\t\t\t\t\t\tRead More\t\t\t\t\t\t\t\t<span class=\"arrows\">\n\t\t\t\t\t\t\t\t\t<span class=\"js-icon-js-symbol\"><\/span>\n\t\t\t\t\t\t\t\t<\/span>\n\t\t\t\t\t\t\t\t<span class=\"follower\"><\/span>\n\t\t\t\t\t\t\t<\/a>\n\t\t\t\t\t\t<\/div>\n\t\t\t\t\t\t\t\t\t\t\t<\/div>\n\t\t\t\t<\/div>\n\t\t\t<\/div>\n\t\t<\/div>\n\t\t<\/div>\n\t<button class=\"carousel-control-btn carousel-control-next d-none d-md-flex p-0\"\n\t\ttype=\"button\" data-target=\"#blog-carousel\" data-slide=\"next\">\n\t\t<span class=\"js-icon-angle\" aria-hidden=\"true\"><\/span>\n\t\t<span class=\"sr-only\">Next<\/span>\n\t<\/button>\n\t<div class=\"carousel-indicators\">\n\t\t\t\t<button type=\"button\" data-target=\"#blog-carousel\" data-slide-to=\"0\" class=\"active\" aria-current=\"true\" aria-label=\"slide0\"><\/button>\n\t\t\t\t<button type=\"button\" data-target=\"#blog-carousel\" data-slide-to=\"1\"  aria-current=\"false\" aria-label=\"slide1\"><\/button>\n\t\t\t\t<button type=\"button\" data-target=\"#blog-carousel\" data-slide-to=\"2\"  aria-current=\"false\" aria-label=\"slide2\"><\/button>\n\t\t\t<\/div>\n<\/div>\n<\/div><\/div>\n\n\n\n<div class=\"wp-block-group bg-breakout\"><div class=\"wp-block-group__inner-container is-layout-flow wp-block-group-is-layout-flow\">\n<h2 class=\"text-sharp text-gradient wp-block-heading\"> <div class=\"wp-block-group bg-breakout\"> <\/div>Jellysmack<br>Press <\/h2>\n\n\n<div class=\"container\"><div class=\"row extra-gutters\"><div class=\"col-lg-4\">\n<div class=\"press-article mt-5\">\n\t<div class=\"row mb-3 mx-0 align-items-center\">\n\t\t<div class=\"col-auto pl-0\">\n\t\t\t<h6 class=\"text-gradient mb-0\">CHALLENGES<\/h6>\n\t\t<\/div>\n\t\t<div class=\"col-auto px-1\">\n\t\t\toctobre 31, 2022\t\t<\/div>\n\t<\/div>\n\t<div class=\"row no-gutters\">\n\t\t<h4>\n\t\t\t<a href=\"https:\/\/www.challenges.fr\/high-tech\/start-up-comment-la-licorne-jellysmack-detecte-les-futurs-stars-des-reseaux-sociaux_833105\" class=\"text-white\" target=\"_blank\" rel=\"noopener noreferrer\">\n\t\t\t\t<span>Start-up : Comment la licorne Jellysmack d\u00e9tecte les futurs stars des r\u00e9seaux sociaux<\/span>&nbsp;&nbsp;<span class=\"js-icon-exit h6 text-primary\"><\/span>\n\t\t\t<\/a>\n\t\t<\/h4>\n\t<\/div>\n\t<div class=\"row no-gutters\">\n\t\t<hr class=\"small-line\" \/>\n\t<\/div>\n<\/div>\n<\/div><div class=\"col-lg-4\">\n<div class=\"press-article mt-5\">\n\t<div class=\"row mb-3 mx-0 align-items-center\">\n\t\t<div class=\"col-auto pl-0\">\n\t\t\t<h6 class=\"text-gradient mb-0\">STRAT\u00c9GIES<\/h6>\n\t\t<\/div>\n\t\t<div class=\"col-auto px-1\">\n\t\t\tjuillet 20, 2022\t\t<\/div>\n\t<\/div>\n\t<div class=\"row no-gutters\">\n\t\t<h4>\n\t\t\t<a href=\"https:\/\/www.strategies.fr\/actualites\/culture-tech\/LQ803690C\/les-trois-tendances-qui-dessinent-lavenir-de-la-creator-economy-harry-levy-jellysmack.html\" class=\"text-white\" target=\"_blank\" rel=\"noopener noreferrer\">\n\t\t\t\t<span>\u00abLES TROIS TENDANCES QUI DESSINENT L\u2019AVENIR DE LA CREATOR ECONOMY\u00bb, HARRY LEVY (JELLYSMACK)<\/span>&nbsp;&nbsp;<span class=\"js-icon-exit h6 text-primary\"><\/span>\n\t\t\t<\/a>\n\t\t<\/h4>\n\t<\/div>\n\t<div class=\"row no-gutters\">\n\t\t<hr class=\"small-line\" \/>\n\t<\/div>\n<\/div>\n<\/div><div class=\"col-lg-4\">\n<div class=\"press-article mt-5\">\n\t<div class=\"row mb-3 mx-0 align-items-center\">\n\t\t<div class=\"col-auto pl-0\">\n\t\t\t<h6 class=\"text-gradient mb-0\">STRAT\u00c9GIES<\/h6>\n\t\t<\/div>\n\t\t<div class=\"col-auto px-1\">\n\t\t\tjuin 14, 2022\t\t<\/div>\n\t<\/div>\n\t<div class=\"row no-gutters\">\n\t\t<h4>\n\t\t\t<a href=\"https:\/\/www.strategies.fr\/actualites\/culture-tech\/LQ656530C\/jellysmack-la-licorne-qui-propulse-les-createurs-de-contenus.html\" class=\"text-white\" target=\"_blank\" rel=\"noopener noreferrer\">\n\t\t\t\t<span>JELLYSMACK, LA LICORNE QUI PROPULSE LES CR\u00c9ATEURS DE CONTENUS<\/span>&nbsp;&nbsp;<span class=\"js-icon-exit h6 text-primary\"><\/span>\n\t\t\t<\/a>\n\t\t<\/h4>\n\t<\/div>\n\t<div class=\"row no-gutters\">\n\t\t<hr class=\"small-line\" \/>\n\t<\/div>\n<\/div>\n<\/div><\/div><\/div>\n\n\n<div class=\"wp-block-buttons mt-5 is-content-justification-center is-layout-flex wp-container-core-buttons-is-layout-16018d1d wp-block-buttons-is-layout-flex\">\n<div class=\"wp-block-button is-style-outline is-style-outline--1\"><a class=\"wp-block-button__link wp-element-button\" href=\"https:\/\/jellysmack.com\/press-archive\/\">VOIR TOUS LES ARTICLES<span class=\"arrows\"><span class=\"js-icon-js-symbol\"><\/span><\/span><span class=\"follower\"><\/span><\/a><\/div>\n<\/div>\n<\/div><\/div>\n\n\n\n<div class=\"wp-block-group bg-breakout has-js-black-color has-js-white-background-color has-text-color has-background\"><div class=\"wp-block-group__inner-container is-layout-flow wp-block-group-is-layout-flow\">\n<h2 class=\"text-sharp wp-block-heading\">\n<div class=\"wp-block-group bg-breakout has-js-black-color has-js-white-background-color has-text-color has-background\">\n\n<\/div>\n<\/h2>\n\n\n\n<div class=\"wp-block-columns pt-5 mt-5 py-lg-5 my-lg-5 break-down-lg is-layout-flex wp-container-core-columns-is-layout-9d6595d7 wp-block-columns-is-layout-flex\">\n<div class=\"wp-block-column mb-4 is-layout-flow wp-block-column-is-layout-flow\">\n<div class=\"wp-block-columns mb-3 is-layout-flex wp-container-core-columns-is-layout-9d6595d7 wp-block-columns-is-layout-flex\">\n<div class=\"wp-block-column text-center col-2 col-md-3 p-0 is-layout-flow wp-block-column-is-layout-flow\" style=\"flex-basis:33.33%\"><span class=\"js-icon-clipboard h1 text-gradient sm-normal\"><\/span>\n<\/div>\n\n\n\n<div class=\"wp-block-column ml-lg-4 col-10 p-lg-0 is-layout-flow wp-block-column-is-layout-flow\" style=\"flex-basis:66.66%\">\n<h4 class=\"nowrap mb-0 wp-block-heading\">Fiche d\u2019informations<\/h4>\n\n\n\n<h4 class=\"nowrap mb-0 wp-block-heading\">Jellysmack<\/h4>\n\n\n\n<p class=\"mb-4 d-block d-lg-block has-medium-font-size\">Media et \u00e9quipes RP&nbsp;: d\u00e9couvrez les infos et les chiffres qui se cachent derri\u00e8re la plus grande entreprise au monde d\u00e9di\u00e9e aux cr\u00e9ateurs.<\/p>\n\n\n\n<div class=\"wp-block-buttons is-layout-flex wp-block-buttons-is-layout-flex\">\n<div class=\"wp-block-button is-style-outline is-download is-style-outline--2\"><a class=\"wp-block-button__link wp-element-button\" href=\"https:\/\/jellysmack.com\/wp-content\/uploads\/2022\/06\/JS-PRFactSheet-DIGITAL-06022022.pdf\">T\u00c9L\u00c9CHARGER<span class=\"arrows\"><span class=\"js-icon-download\"><\/span><\/span><span class=\"follower\"><\/span><\/a><\/div>\n<\/div>\n<\/div>\n<\/div>\n<\/div>\n\n\n\n<div class=\"wp-block-column is-layout-flow wp-block-column-is-layout-flow\">\n<div class=\"wp-block-columns mb-3 is-layout-flex wp-container-core-columns-is-layout-9d6595d7 wp-block-columns-is-layout-flex\">\n<div class=\"wp-block-column text-center col-2 col-md-3 p-0 is-layout-flow wp-block-column-is-layout-flow\" style=\"flex-basis:33.33%\"><span class=\"js-icon-briefcase h1 text-gradient sm-normal\"><\/span>\n<\/div>\n\n\n\n<div class=\"wp-block-column ml-lg-4 col-10 p-lg-0 is-layout-flow wp-block-column-is-layout-flow\" style=\"flex-basis:66.66%\">\n<h4 class=\"mb-0 wp-block-heading\">Identit\u00e9 graphique<\/h4>\n\n\n\n<p class=\"d-block d-lg-block has-medium-font-size\">T\u00e9l\u00e9chargez le logo officiel et la palette de couleurs Jellysmack Ces \u00e9l\u00e9ments ne peuvent \u00eatre ni modifi\u00e9s ni alt\u00e9r\u00e9s.<\/p>\n\n\n\n<div class=\"wp-block-buttons is-layout-flex wp-block-buttons-is-layout-flex\">\n<div class=\"wp-block-button is-style-outline is-download is-style-outline--3\"><a class=\"wp-block-button__link wp-element-button\" href=\"https:\/\/jellysmack.com\/wp-content\/uploads\/2022\/05\/JELLYSMACK-BRAND-ASSETS-2022.zip\">T\u00c9L\u00c9CHARGER<span class=\"arrows\"><span class=\"js-icon-download\"><\/span><\/span><span class=\"follower\"><\/span><\/a><\/div>\n<\/div>\n<\/div>\n<\/div>\n<\/div>\n<\/div>\n<\/div><\/div>\n\n\n\n<div class=\"wp-block-columns are-vertically-aligned-center my-4 is-layout-flex wp-container-core-columns-is-layout-9d6595d7 wp-block-columns-is-layout-flex\">\n<div class=\"wp-block-column is-vertically-aligned-center is-layout-flow wp-block-column-is-layout-flow\" style=\"flex-basis:80%\">\n<h3 class=\"text-sharp text-uppercase mb-4 mb-md-0 wp-block-heading\">BESOIN D\u2019AUTRE CHOSE&nbsp;?<\/h3>\n<\/div>\n\n\n\n<div class=\"wp-block-column is-vertically-aligned-center is-layout-flow wp-block-column-is-layout-flow\" style=\"flex-basis:20%\">\n<div class=\"wp-block-buttons is-layout-flex wp-block-buttons-is-layout-flex\">\n<div class=\"wp-block-button is-style-outline is-mail is-style-outline--4\"><a class=\"wp-block-button__link wp-element-button\" href=\"mailto:press@jellysmack.com\">\u00c9crivez-nous\n<span class=\"arrows\"><span class=\"js-icon-mail\"><\/span><\/span><span class=\"follower\"><\/span><\/a><\/div>\n<\/div>\n<\/div>\n<\/div>\n","protected":false},"excerpt":{"rendered":"<p>Press Room La Creator Economy est l\u2019avenir du divertissement. Et nous sommes en train de fa\u00e7onner cet avenir.&nbsp; Pour toute demande relative \u00e0 la presse, veuillez nous \u00e9crire \u00e0 press@jellysmack.com. Les derni\u00e8res news JellysmackPress Fiche d\u2019informations Jellysmack Media et \u00e9quipes RP&nbsp;: d\u00e9couvrez les infos et les chiffres qui se cachent derri\u00e8re la plus grande entreprise [&#8230;]<\/p>\n<p><a class=\"btn btn-secondary havas_understrap-read-more-link\" href=\"https:\/\/jellysmack.com\/fr\/press-room\/\">Lire la suite&#8230;<\/a><\/p>\n","protected":false},"author":1,"featured_media":0,"parent":0,"menu_order":0,"comment_status":"closed","ping_status":"closed","template":"","meta":{"footnotes":""},"class_list":["post-4196","page","type-page","status-publish","hentry"],"acf":[],"yoast_head":"<!-- This site is optimized with the Yoast SEO plugin v27.4 - https:\/\/yoast.com\/product\/yoast-seo-wordpress\/ -->\n<title>Communiqu\u00e9s de Presse | Jellysmack<\/title>\n<meta name=\"description\" content=\"Consultez les derniers communiqu\u00e9s de presse de Jellysmack, et d\u00e9couvrez toutes les actualit\u00e9s de la Creator Economy.\" \/>\n<meta name=\"robots\" content=\"index, follow, max-snippet:-1, max-image-preview:large, max-video-preview:-1\" \/>\n<link rel=\"canonical\" href=\"https:\/\/jellysmack.com\/fr\/press-room\/\" \/>\n<meta property=\"og:locale\" content=\"fr_FR\" \/>\n<meta property=\"og:type\" content=\"article\" \/>\n<meta property=\"og:title\" content=\"Communiqu\u00e9s de Presse | Jellysmack\" \/>\n<meta property=\"og:description\" content=\"Consultez les derniers communiqu\u00e9s de presse de Jellysmack, et d\u00e9couvrez toutes les actualit\u00e9s de la Creator Economy.\" \/>\n<meta property=\"og:url\" content=\"https:\/\/jellysmack.com\/fr\/press-room\/\" \/>\n<meta property=\"og:site_name\" content=\"Jellysmack\" \/>\n<meta property=\"article:modified_time\" content=\"2023-01-13T16:26:44+00:00\" \/>\n<meta property=\"og:image\" content=\"https:\/\/jellysmack.com\/wp-content\/uploads\/2023\/07\/Artboard-1-copy-4.png\" \/>\n\t<meta property=\"og:image:width\" content=\"1200\" \/>\n\t<meta property=\"og:image:height\" content=\"630\" \/>\n\t<meta property=\"og:image:type\" content=\"image\/png\" \/>\n<meta name=\"twitter:card\" content=\"summary_large_image\" \/>\n<meta name=\"twitter:label1\" content=\"Dur\u00e9e de lecture estim\u00e9e\" \/>\n\t<meta name=\"twitter:data1\" content=\"1 minute\" \/>\n<script type=\"application\/ld+json\" class=\"yoast-schema-graph\">{\"@context\":\"https:\\\/\\\/schema.org\",\"@graph\":[{\"@type\":\"WebPage\",\"@id\":\"https:\\\/\\\/jellysmack.com\\\/fr\\\/press-room\\\/\",\"url\":\"https:\\\/\\\/jellysmack.com\\\/fr\\\/press-room\\\/\",\"name\":\"Communiqu\u00e9s de Presse | Jellysmack\",\"isPartOf\":{\"@id\":\"https:\\\/\\\/jellysmack.com\\\/fr\\\/#website\"},\"datePublished\":\"2022-05-30T20:03:57+00:00\",\"dateModified\":\"2023-01-13T16:26:44+00:00\",\"description\":\"Consultez les derniers communiqu\u00e9s de presse de Jellysmack, et d\u00e9couvrez toutes les actualit\u00e9s de la Creator Economy.\",\"breadcrumb\":{\"@id\":\"https:\\\/\\\/jellysmack.com\\\/fr\\\/press-room\\\/#breadcrumb\"},\"inLanguage\":\"fr-FR\",\"potentialAction\":[{\"@type\":\"ReadAction\",\"target\":[\"https:\\\/\\\/jellysmack.com\\\/fr\\\/press-room\\\/\"]}]},{\"@type\":\"BreadcrumbList\",\"@id\":\"https:\\\/\\\/jellysmack.com\\\/fr\\\/press-room\\\/#breadcrumb\",\"itemListElement\":[{\"@type\":\"ListItem\",\"position\":1,\"name\":\"Home\",\"item\":\"https:\\\/\\\/jellysmack.com\\\/fr\\\/\"},{\"@type\":\"ListItem\",\"position\":2,\"name\":\"Press Room\"}]},{\"@type\":\"WebSite\",\"@id\":\"https:\\\/\\\/jellysmack.com\\\/fr\\\/#website\",\"url\":\"https:\\\/\\\/jellysmack.com\\\/fr\\\/\",\"name\":\"Jellysmack\",\"description\":\"The Global Creator Company\",\"publisher\":{\"@id\":\"https:\\\/\\\/jellysmack.com\\\/fr\\\/#organization\"},\"potentialAction\":[{\"@type\":\"SearchAction\",\"target\":{\"@type\":\"EntryPoint\",\"urlTemplate\":\"https:\\\/\\\/jellysmack.com\\\/fr\\\/?s={search_term_string}\"},\"query-input\":{\"@type\":\"PropertyValueSpecification\",\"valueRequired\":true,\"valueName\":\"search_term_string\"}}],\"inLanguage\":\"fr-FR\"},{\"@type\":\"Organization\",\"@id\":\"https:\\\/\\\/jellysmack.com\\\/fr\\\/#organization\",\"name\":\"Jellysmack\",\"url\":\"https:\\\/\\\/jellysmack.com\\\/fr\\\/\",\"logo\":{\"@type\":\"ImageObject\",\"inLanguage\":\"fr-FR\",\"@id\":\"https:\\\/\\\/jellysmack.com\\\/fr\\\/#\\\/schema\\\/logo\\\/image\\\/\",\"url\":\"https:\\\/\\\/jellysmack.com\\\/wp-content\\\/uploads\\\/2021\\\/12\\\/siteicon.png\",\"contentUrl\":\"https:\\\/\\\/jellysmack.com\\\/wp-content\\\/uploads\\\/2021\\\/12\\\/siteicon.png\",\"width\":512,\"height\":512,\"caption\":\"Jellysmack\"},\"image\":{\"@id\":\"https:\\\/\\\/jellysmack.com\\\/fr\\\/#\\\/schema\\\/logo\\\/image\\\/\"}}]}<\/script>\n<!-- \/ Yoast SEO plugin. -->","yoast_head_json":{"title":"Communiqu\u00e9s de Presse | Jellysmack","description":"Consultez les derniers communiqu\u00e9s de presse de Jellysmack, et d\u00e9couvrez toutes les actualit\u00e9s de la Creator Economy.","robots":{"index":"index","follow":"follow","max-snippet":"max-snippet:-1","max-image-preview":"max-image-preview:large","max-video-preview":"max-video-preview:-1"},"canonical":"https:\/\/jellysmack.com\/fr\/press-room\/","og_locale":"fr_FR","og_type":"article","og_title":"Communiqu\u00e9s de Presse | Jellysmack","og_description":"Consultez les derniers communiqu\u00e9s de presse de Jellysmack, et d\u00e9couvrez toutes les actualit\u00e9s de la Creator Economy.","og_url":"https:\/\/jellysmack.com\/fr\/press-room\/","og_site_name":"Jellysmack","article_modified_time":"2023-01-13T16:26:44+00:00","og_image":[{"width":1200,"height":630,"url":"https:\/\/jellysmack.com\/wp-content\/uploads\/2023\/07\/Artboard-1-copy-4.png","type":"image\/png"}],"twitter_card":"summary_large_image","twitter_misc":{"Dur\u00e9e de lecture estim\u00e9e":"1 minute"},"schema":{"@context":"https:\/\/schema.org","@graph":[{"@type":"WebPage","@id":"https:\/\/jellysmack.com\/fr\/press-room\/","url":"https:\/\/jellysmack.com\/fr\/press-room\/","name":"Communiqu\u00e9s de Presse | Jellysmack","isPartOf":{"@id":"https:\/\/jellysmack.com\/fr\/#website"},"datePublished":"2022-05-30T20:03:57+00:00","dateModified":"2023-01-13T16:26:44+00:00","description":"Consultez les derniers communiqu\u00e9s de presse de Jellysmack, et d\u00e9couvrez toutes les actualit\u00e9s de la Creator Economy.","breadcrumb":{"@id":"https:\/\/jellysmack.com\/fr\/press-room\/#breadcrumb"},"inLanguage":"fr-FR","potentialAction":[{"@type":"ReadAction","target":["https:\/\/jellysmack.com\/fr\/press-room\/"]}]},{"@type":"BreadcrumbList","@id":"https:\/\/jellysmack.com\/fr\/press-room\/#breadcrumb","itemListElement":[{"@type":"ListItem","position":1,"name":"Home","item":"https:\/\/jellysmack.com\/fr\/"},{"@type":"ListItem","position":2,"name":"Press Room"}]},{"@type":"WebSite","@id":"https:\/\/jellysmack.com\/fr\/#website","url":"https:\/\/jellysmack.com\/fr\/","name":"Jellysmack","description":"The Global Creator Company","publisher":{"@id":"https:\/\/jellysmack.com\/fr\/#organization"},"potentialAction":[{"@type":"SearchAction","target":{"@type":"EntryPoint","urlTemplate":"https:\/\/jellysmack.com\/fr\/?s={search_term_string}"},"query-input":{"@type":"PropertyValueSpecification","valueRequired":true,"valueName":"search_term_string"}}],"inLanguage":"fr-FR"},{"@type":"Organization","@id":"https:\/\/jellysmack.com\/fr\/#organization","name":"Jellysmack","url":"https:\/\/jellysmack.com\/fr\/","logo":{"@type":"ImageObject","inLanguage":"fr-FR","@id":"https:\/\/jellysmack.com\/fr\/#\/schema\/logo\/image\/","url":"https:\/\/jellysmack.com\/wp-content\/uploads\/2021\/12\/siteicon.png","contentUrl":"https:\/\/jellysmack.com\/wp-content\/uploads\/2021\/12\/siteicon.png","width":512,"height":512,"caption":"Jellysmack"},"image":{"@id":"https:\/\/jellysmack.com\/fr\/#\/schema\/logo\/image\/"}}]}},"_links":{"self":[{"href":"https:\/\/jellysmack.com\/fr\/wp-json\/wp\/v2\/pages\/4196","targetHints":{"allow":["GET"]}}],"collection":[{"href":"https:\/\/jellysmack.com\/fr\/wp-json\/wp\/v2\/pages"}],"about":[{"href":"https:\/\/jellysmack.com\/fr\/wp-json\/wp\/v2\/types\/page"}],"author":[{"embeddable":true,"href":"https:\/\/jellysmack.com\/fr\/wp-json\/wp\/v2\/users\/1"}],"replies":[{"embeddable":true,"href":"https:\/\/jellysmack.com\/fr\/wp-json\/wp\/v2\/comments?post=4196"}],"version-history":[{"count":0,"href":"https:\/\/jellysmack.com\/fr\/wp-json\/wp\/v2\/pages\/4196\/revisions"}],"wp:attachment":[{"href":"https:\/\/jellysmack.com\/fr\/wp-json\/wp\/v2\/media?parent=4196"}],"curies":[{"name":"wp","href":"https:\/\/api.w.org\/{rel}","templated":true}]}}