{"id":4197,"date":"2022-05-04T18:07:36","date_gmt":"2022-05-04T18:07:36","guid":{"rendered":"https:\/\/jellysmack.com\/?page_id=4197"},"modified":"2023-01-13T16:16:56","modified_gmt":"2023-01-13T16:16:56","slug":"licences-de-contenu","status":"publish","type":"page","link":"https:\/\/jellysmack.com\/fr\/licences-de-contenu\/","title":{"rendered":"Licences de contenu"},"content":{"rendered":"\n<div class=\"wp-block-group bg-breakout pb-0\"><div class=\"wp-block-group__inner-container is-layout-flow wp-block-group-is-layout-flow\">\n<div class=\"wp-block-columns are-vertically-aligned-center mb-0 is-layout-flex wp-container-core-columns-is-layout-9d6595d7 wp-block-columns-is-layout-flex\">\n<div class=\"wp-block-column is-vertically-aligned-center mb-lg-5 is-layout-flow wp-block-column-is-layout-flow\" style=\"flex-basis:50%\">\n<h6 class=\"wp-block-heading\">LICENCE DE CONTENU MEDIA<\/h6>\n\n\n\n<h2 class=\"text-sharp text-gradient mb-4 wp-block-heading\">FAITES TRAVAILLER VOTRE CONTENU<\/h2>\n\n\n\n<p class=\"has-medium-font-size\">\u00c9largissez votre audience et g\u00e9n\u00e9rez des revenus suppl\u00e9mentaires. Jellysmack propose de prendre sous licence des extraits de votre biblioth\u00e8que de contenus vid\u00e9os, et de les diffuser sur ses cha\u00eenes \u00e0 succ\u00e8s&nbsp;: Jellysmack&nbsp;Originals.<\/p>\n\n\n\n<div class=\"wp-block-buttons is-layout-flex wp-block-buttons-is-layout-flex\">\n<div class=\"wp-block-button\"><a class=\"wp-block-button__link wp-element-button\" href=\"https:\/\/jellysmack.com\/fr\/getintouch\/\">CONTACTEZ-NOUS<span class=\"arrows\"><span class=\"js-icon-js-symbol\"><\/span><\/span><span class=\"follower\"><\/span><\/a><\/div>\n<\/div>\n<\/div>\n\n\n\n<div class=\"wp-block-column is-vertically-aligned-center m-0 is-layout-flow wp-block-column-is-layout-flow\"><!--  style=\"background-image: url(https:\/\/jellysmack.com\/wp-content\/uploads\/2022\/05\/licensing-hero.png);\" -->\n<div class=\"breakout-hero-image https:\/\/jobs.jellysmack.com\/ \">\n\t<img decoding=\"async\" class=\"d-none d-md-block ml-md-4\" src=\"https:\/\/jellysmack.com\/wp-content\/uploads\/2022\/05\/licensing-hero.png\" alt=\"Video camera with monitor on blue lit production set pointing at a person holding a slate board\" \/>\n\t<img decoding=\"async\" class=\"d-block d-md-none\" src=\"https:\/\/jellysmack.com\/wp-content\/uploads\/2022\/05\/LicensingMobileHero.jpg\" alt=\"Video camera with monitor on blue lit production set pointing at a person holding a slate board\" \/>\n<\/div>\n<\/div>\n<\/div>\n<\/div><\/div>\n\n\n\n<div class=\"wp-block-cover is-light bg-gradient mb-0 py-mobile-5\"><span aria-hidden=\"true\" class=\"wp-block-cover__background has-background-dim-100 has-background-dim has-background-gradient has-bg-gradient-gradient-background\"><\/span><div class=\"wp-block-cover__inner-container is-layout-flow wp-block-cover-is-layout-flow\">\n<div class=\"wp-block-group py-mobile-0\"><div class=\"wp-block-group__inner-container is-layout-flow wp-block-group-is-layout-flow\">\n<h2 class=\"has-text-align-center text-sharp text-uppercase mb-4 has-black-color has-text-color wp-block-heading\">TOUCHEZ L\u2019AUDIENCE LA PLUS LARGE <br>  SUR LES R\u00c9SEAUX SOCIAUX<\/h2>\n\n\n\n<p class=\"has-text-align-center no-br has-medium-font-size\">Vos extraits seront diffus\u00e9s sur nos cha\u00eenes et profiteront des milliards de vues que nous g\u00e9n\u00e9rons sur toutes les plateformes.<br> Nos programmes Jellysmack&nbsp;Originals arrivent en t\u00eate de toutes les cat\u00e9gories sur YouTube, Facebook,<br> Snapchat et Instagram*.<\/p>\n<\/div><\/div>\n\n\n\n<p class=\"has-text-align-left cover-footer-credit text-md-center\">*Audience la plus large sur les r\u00e9seaux sociaux aux \u00c9tats-Unis. Source&nbsp;: Tubular&nbsp;Labs, 2021<\/p>\n<\/div><\/div>\n\n\n\n<div class=\"wp-block-group bg-breakout py-5 py-mobile-5\"><div class=\"wp-block-group__inner-container is-layout-flow wp-block-group-is-layout-flow\">\n<div class=\"wp-block-columns mb-0 mb-md-4 is-layout-flex wp-container-core-columns-is-layout-9d6595d7 wp-block-columns-is-layout-flex\">\n<div class=\"wp-block-column is-layout-flow wp-block-column-is-layout-flow\" style=\"flex-basis:100%\">\n<h2 class=\"text-sharp mb-0 mt-md-5 wp-block-heading\">NOUS LE FAISONS POUR EUX.<\/h2>\n\n\n\n<h2 class=\"text-sharp text-gradient mb-4 wp-block-heading\">NOUS POUVONS LE FAIRE POUR VOUS.<\/h2>\n\n\n\n<p class=\"has-medium-font-size\">Devenez partenaire <\/p>\n\n\n<div class=\"js-custom-gallery js-logo-gallery max-lg-70 d-flex flex-wrap d-md-block align-items-center justify-content-start\">\n            <img srcset=\"https:\/\/jellysmack.com\/wp-content\/uploads\/2022\/01\/Paramount.png 3x\" alt=\"\" \/>\n            <img srcset=\"https:\/\/jellysmack.com\/wp-content\/uploads\/2022\/01\/Legendary.png 3x\" alt=\"\" \/>\n            <img srcset=\"https:\/\/jellysmack.com\/wp-content\/uploads\/2022\/01\/pngkit_mgm-logo-png_1784939.png 3x\" alt=\"\" \/>\n            <img srcset=\"https:\/\/jellysmack.com\/wp-content\/uploads\/2022\/01\/1280px-Lionsgate_Logo.png 3x\" alt=\"\" \/>\n            <img srcset=\"https:\/\/jellysmack.com\/wp-content\/uploads\/2022\/10\/NBA-FULLLOGO-e1665069699311.png 3x\" alt=\"NBA logo in white against transparent background\" \/>\n    <\/div><\/div>\n<\/div>\n<\/div><\/div>\n\n\n\n<div class=\"wp-block-group bg-breakout py-0 has-js-white-background-color has-background\"><div class=\"wp-block-group__inner-container is-layout-flow wp-block-group-is-layout-flow\">\n<div class=\"wp-block-columns are-vertically-aligned-center py-4 px-0 mb-0 has-js-black-color has-js-white-background-color has-text-color has-background is-layout-flex wp-container-core-columns-is-layout-9d6595d7 wp-block-columns-is-layout-flex\">\n<div class=\"wp-block-column is-vertically-aligned-center is-layout-flow wp-block-column-is-layout-flow\" style=\"flex-basis:80%\">\n<h3 class=\"text-sharp text-uppercase mb-4 mb-md-0 wp-block-heading\">VOUS AVEZ DU CONTENU DE QUALIT\u00c9. ENSEMBLE, FAISONS-LE TRAVAILLER.<\/h3>\n<\/div>\n\n\n\n<div class=\"wp-block-column is-vertically-aligned-center is-layout-flow wp-block-column-is-layout-flow\" style=\"flex-basis:20%\">\n<div class=\"wp-block-buttons is-layout-flex wp-block-buttons-is-layout-flex\">\n<div class=\"wp-block-button\"><a class=\"wp-block-button__link wp-element-button\" href=\"https:\/\/jellysmack.com\/fr\/getintouch\/\">CONTACTEZ-NOUS<span class=\"arrows\"><span class=\"js-icon-js-symbol\"><\/span><\/span><span class=\"follower\"><\/span><\/a><\/div>\n<\/div>\n<\/div>\n<\/div>\n<\/div><\/div>\n\n\n\n<div class=\"wp-block-group bg-breakout pb-0 py-mobile-5\"><div class=\"wp-block-group__inner-container is-layout-flow wp-block-group-is-layout-flow\">\n<h2 class=\"text-sharp mb-0 mt-md-5 mt-0 wp-block-heading\">3&nbsp;BONNES RAISONS D\u2019EXPLOITER VOS LICENCES<\/h2>\n\n\n\n<h2 class=\"text-sharp text-gradient mb-4 wp-block-heading\">AVEC JELLYSMACK<\/h2>\n\n\n\n<div class=\"wp-block-columns mt-5 mb-0 mb-md-5 is-layout-flex wp-container-core-columns-is-layout-9d6595d7 wp-block-columns-is-layout-flex\">\n<div class=\"wp-block-column is-layout-flow wp-block-column-is-layout-flow\">\n<h4 class=\"wp-block-heading\">FAITES GRANDIR VOTRE COMMUNAUT\u00c9<\/h4>\n\n\n\n<p class=\"has-medium-font-size\">Exploitez vos contenus pass\u00e9s et actuels et exposez votre marque \u00e0 un public plus large que jamais en publiant vos vid\u00e9os sur nos cha\u00eenes et pages au succ\u00e8s ph\u00e9nom\u00e9nal, et cela sur toutes les principales plateformes.<\/p>\n<\/div>\n\n\n\n<div class=\"wp-block-column is-layout-flow wp-block-column-is-layout-flow\">\n<h4 class=\"wp-block-heading\">TRAVAILLEZ MOINS, GAGNEZ PLUS.<\/h4>\n\n\n\n<p class=\"has-medium-font-size\">Laissez faire Jellysmack&nbsp;: notre technologie exclusive et notre \u00e9quipe d\u2019experts vous permettent de maximiser vos revenus en un temps record. Vous n\u2019avez plus qu\u2019\u00e0 vous d\u00e9tendre et \u00e0 profiter.<\/p>\n<\/div>\n\n\n\n<div class=\"wp-block-column is-layout-flow wp-block-column-is-layout-flow\">\n<h4 class=\"wp-block-heading\">VOUS GARDEZ LE CONTR\u00d4LE<\/h4>\n\n\n\n<p class=\"mb-0 has-medium-font-size\">Le contrat de licence de Jellysmack est non exclusif et incessible. Nous ne pouvons pas non plus le sous-licencier \u00e0 quelqu\u2019un d\u2019autre.<\/p>\n<\/div>\n<\/div>\n<\/div><\/div>\n\n\n\n<div class=\"wp-block-cover is-light bg-gradient mb-0 py-mobile-5 animation\"><span aria-hidden=\"true\" class=\"wp-block-cover__background has-background-dim-100 has-background-dim has-background-gradient has-bg-gradient-gradient-background\"><\/span><div class=\"wp-block-cover__inner-container is-layout-flow wp-block-cover-is-layout-flow\">\n<div class=\"wp-block-group py-mobile-0 slide-up-child\"><div class=\"wp-block-group__inner-container is-layout-flow wp-block-group-is-layout-flow\">\n<h2 class=\"has-text-align-center text-sharp text-uppercase mb-0 has-black-color has-text-color wp-block-heading\">VOUS N\u2019AVEZ RIEN \u00c0 FAIRE.<br>PROFITEZ SIMPLEMENT DE REVENUS SUPPL\u00c9MENTAIRES.<\/h2>\n<\/div><\/div>\n<\/div><\/div>\n\n\n\n<div class=\"wp-block-group bg-breakout pt-0 py-mobile-5\"><div class=\"wp-block-group__inner-container is-layout-flow wp-block-group-is-layout-flow\">\n<h2 class=\"text-sharp mb-0 mt-md-5 mt-0 wp-block-heading\">DU CONTENU SOUS LICENCE<\/h2>\n\n\n\n<h2 class=\"text-sharp text-gradient mb-4 wp-block-heading\">EN ACTION<\/h2>\n\n\n<div class=\"container mt-5\">\n\t<div class=\"row\">\n\t\t<div class=\"col-12 px-0\">\n\t\t\t<h4 class=\"text-sharp\"><\/h4>\n\t\t<\/div>\n\t<\/div>\n<\/div>\n<div class=\"container animation\">\n\t<div class=\"row video-row\">\n\t\t\t\t<div class=\"col-12 col-md-4 slide-up-child delay-1 mb-4\">\n\t\t\t<div class=\"card\">\n\t\t\t\t<div class=\"card-header p-0 embed-responsive embed-responsive-1by1\">\n\t\t\t\t\t\t\t\t<\/div>\n\t\t\t\t\t\t\t\t<div class=\"card-body\">\n\t\t\t\t\t<h4>BINGE SOCIETY<\/h4>\n\t\t\t\t\t<strong class=\"has-medium-font-size\">13\u00a0MILLIARDS<\/strong>\n\t\t\t\t\t<p class=\"has-medium-font-size mb-0\">de vues sur la cha\u00eene \u00e0 ce jour<\/p>\n\t\t\t\t\t<p class=\"small mb-0\">Source\u00a0: Tubular\u00a0Labs, mai\u00a02022<\/p>\n\t\t\t\t<\/div>\n\t\t\t\t\t\t\t<\/div>\n\t\t<\/div>\n\t\t\t\t<div class=\"col-12 col-md-4 slide-up-child delay-2 mb-4\">\n\t\t\t<div class=\"card\">\n\t\t\t\t<div class=\"card-header p-0 embed-responsive embed-responsive-1by1\">\n\t\t\t\t\t\t\t\t<\/div>\n\t\t\t\t\t\t\t\t<div class=\"card-body\">\n\t\t\t\t\t<h4>LAUGH SOCIETY<\/h4>\n\t\t\t\t\t<strong class=\"has-medium-font-size\">155\u00a0MILLIONS<\/strong>\n\t\t\t\t\t<p class=\"has-medium-font-size mb-0\"> de vues sur la cha\u00eene \u00e0 ce jour<\/p>\n\t\t\t\t\t<p class=\"small mb-0\">Source\u00a0: Tubular\u00a0Labs, mai\u00a02022<\/p>\n\t\t\t\t<\/div>\n\t\t\t\t\t\t\t<\/div>\n\t\t<\/div>\n\t\t\t\t<div class=\"col-12 col-md-4 slide-up-child delay-3 mb-4\">\n\t\t\t<div class=\"card\">\n\t\t\t\t<div class=\"card-header p-0 embed-responsive embed-responsive-1by1\">\n\t\t\t\t\t\t\t\t<\/div>\n\t\t\t\t\t\t\t\t<div class=\"card-body\">\n\t\t\t\t\t<h4>FIGHT SOURCE &#8211; New<\/h4>\n\t\t\t\t\t<strong class=\"has-medium-font-size\">2,6\u00a0MILLIONS<\/strong>\n\t\t\t\t\t<p class=\"has-medium-font-size mb-0\">de vues sur la cha\u00eene \u00e0 ce jour<\/p>\n\t\t\t\t\t<p class=\"small mb-0\">Source\u00a0: Tubular\u00a0Labs, mai\u00a02022<\/p>\n\t\t\t\t<\/div>\n\t\t\t\t\t\t\t<\/div>\n\t\t<\/div>\n\t\t\t<\/div>\n<\/div>\n<\/div><\/div>\n\n\n\n<div class=\"wp-block-group bg-breakout pt-5 pb-0 py-mobile-5 has-js-black-color has-js-white-background-color has-text-color has-background\"><div class=\"wp-block-group__inner-container is-layout-flow wp-block-group-is-layout-flow\">\n<h2 class=\"text-sharp text-uppercase mt-md-5 mt-0 wp-block-heading\">3 (tr\u00e8s) bonnes raisons <br> de collaborer avec Jellysmack<\/h2>\n\n\n\n<div class=\"wp-block-columns pt-4 pt-md-5 mt-5 py-lg-5 mb-0 break-down-lg is-layout-flex wp-container-core-columns-is-layout-9d6595d7 wp-block-columns-is-layout-flex\">\n<div class=\"wp-block-column is-layout-flow wp-block-column-is-layout-flow\">\n<div class=\"wp-block-columns mb-3 is-layout-flex wp-container-core-columns-is-layout-9d6595d7 wp-block-columns-is-layout-flex\">\n<div class=\"wp-block-column text-center col-2 col-md-3 p-0 is-layout-flow wp-block-column-is-layout-flow\" style=\"flex-basis:33.33%\"><span class=\"js-icon-diversify h1 text-gradient sm-normal\"><\/span>\n<\/div>\n\n\n\n<div class=\"wp-block-column ml-lg-4 col-10 p-lg-0 is-layout-flow wp-block-column-is-layout-flow\" style=\"flex-basis:66.66%\">\n<h5 class=\"nowrap mb-0 wp-block-heading\">DIVERSIFIEZ VOTRE<\/h5>\n\n\n\n<h5 class=\"nowrap mb-0 wp-block-heading\">PR\u00c9SENCE<\/h5>\n\n\n\n<p class=\"mb-4 d-block d-lg-block has-medium-font-size\">\u00c9tendez votre pr\u00e9sence sur de multiples plateformes non exploit\u00e9es \u00e0 date.<\/p>\n<\/div>\n<\/div>\n\n\n\n<p class=\"d-none d-lg-none has-medium-font-size\">\u00c9tendez votre pr\u00e9sence sociale sur plusieurs plateformes.<\/p>\n<\/div>\n\n\n\n<div class=\"wp-block-column is-layout-flow wp-block-column-is-layout-flow\">\n<div class=\"wp-block-columns mb-3 is-layout-flex wp-container-core-columns-is-layout-9d6595d7 wp-block-columns-is-layout-flex\">\n<div class=\"wp-block-column text-center col-2 col-md-3 p-0 is-layout-flow wp-block-column-is-layout-flow\" style=\"flex-basis:33.33%\"><span class=\"js-icon-connection h1 text-gradient sm-normal\"><\/span>\n<\/div>\n\n\n\n<div class=\"wp-block-column ml-lg-4 col-10 p-lg-0 is-layout-flow wp-block-column-is-layout-flow\" style=\"flex-basis:66.66%\">\n<h5 class=\"mb-0 wp-block-heading\">\u00c9LARGISSEZ VOTRE AUDIENCE<\/h5>\n\n\n\n<p class=\"d-block d-lg-block has-medium-font-size\">Gagnez de nouveaux fans et d\u00e9veloppez<br> votre communaut\u00e9.<\/p>\n<\/div>\n<\/div>\n\n\n\n<p class=\"d-none d-lg-none has-medium-font-size\">Gagnez de nouveaux fans et d\u00e9veloppez votre communaut\u00e9.<\/p>\n<\/div>\n\n\n\n<div class=\"wp-block-column is-layout-flow wp-block-column-is-layout-flow\">\n<div class=\"wp-block-columns mb-md-3 mb-0 is-layout-flex wp-container-core-columns-is-layout-9d6595d7 wp-block-columns-is-layout-flex\">\n<div class=\"wp-block-column text-center col-2 col-md-3 p-0 is-layout-flow wp-block-column-is-layout-flow\" style=\"flex-basis:33.33%\"><span class=\"js-icon-income h1 text-gradient sm-normal\"><\/span>\n<\/div>\n\n\n\n<div class=\"wp-block-column ml-lg-4 col-10 p-lg-0 is-layout-flow wp-block-column-is-layout-flow\" style=\"flex-basis:66.66%\">\n<h5 class=\"nowrap mb-0 wp-block-heading\">PROFITEZ D\u2019UN REVENU PASSIF<\/h5>\n\n\n\n<p class=\"mb-md-4 mb-0 d-block d-lg-block has-medium-font-size\">D\u00e9gagez des flux de revenus additionnels en r\u00e9utilisant du contenu existant.<\/p>\n<\/div>\n<\/div>\n\n\n\n<p class=\"d-none d-md-none has-medium-font-size\">D\u00e9gagez des flux de revenus additionnels en r\u00e9utilisant du contenu existant.<\/p>\n<\/div>\n<\/div>\n<\/div><\/div>\n\n\n\n<div class=\"wp-block-group bg-breakout py-4 border-after-top-gradient\"><div class=\"wp-block-group__inner-container is-layout-flow wp-block-group-is-layout-flow\">\n<div class=\"wp-block-columns are-vertically-aligned-center my-0 px-0 is-layout-flex wp-container-core-columns-is-layout-9d6595d7 wp-block-columns-is-layout-flex\">\n<div class=\"wp-block-column is-vertically-aligned-center is-layout-flow wp-block-column-is-layout-flow\" style=\"flex-basis:80%\">\n<h3 class=\"text-sharp text-uppercase mb-4 mb-md-0 wp-block-heading\">TROUVEZ DES R\u00c9PONSES \u00c0 VOS QUESTIONS<\/h3>\n<\/div>\n\n\n\n<div class=\"wp-block-column is-vertically-aligned-center is-layout-flow wp-block-column-is-layout-flow\" style=\"flex-basis:20%\">\n<div class=\"wp-block-buttons is-layout-flex wp-block-buttons-is-layout-flex\">\n<div class=\"wp-block-button\"><a class=\"wp-block-button__link wp-element-button\" href=\"https:\/\/jellysmack.com\/fr\/faq\/\">JELLYSMACK FAQS <span class=\"arrows\"><span class=\"js-icon-js-symbol\"><\/span><\/span><span class=\"follower\"><\/span><\/a><\/div>\n<\/div>\n<\/div>\n<\/div>\n<\/div><\/div>\n","protected":false},"excerpt":{"rendered":"<p>LICENCE DE CONTENU MEDIA FAITES TRAVAILLER VOTRE CONTENU \u00c9largissez votre audience et g\u00e9n\u00e9rez des revenus suppl\u00e9mentaires. Jellysmack propose de prendre sous licence des extraits de votre biblioth\u00e8que de contenus vid\u00e9os, et de les diffuser sur ses cha\u00eenes \u00e0 succ\u00e8s&nbsp;: Jellysmack&nbsp;Originals. NOUS LE FAISONS POUR EUX. NOUS POUVONS LE FAIRE POUR VOUS. Devenez partenaire VOUS AVEZ [&#8230;]<\/p>\n<p><a class=\"btn btn-secondary havas_understrap-read-more-link\" href=\"https:\/\/jellysmack.com\/fr\/licences-de-contenu\/\">Lire la suite&#8230;<\/a><\/p>\n","protected":false},"author":1,"featured_media":0,"parent":0,"menu_order":0,"comment_status":"closed","ping_status":"closed","template":"","meta":{"footnotes":""},"class_list":["post-4197","page","type-page","status-publish","hentry"],"acf":[],"yoast_head":"<!-- This site is optimized with the Yoast SEO plugin v27.3 - https:\/\/yoast.com\/product\/yoast-seo-wordpress\/ -->\n<title>Licences de Contenu sur les R\u00e9seaux Sociaux | Jellysmack<\/title>\n<meta name=\"description\" content=\"G\u00e9n\u00e9rez des revenus suppl\u00e9mentaires via la diffusion de contenu avec l\u2019offre licences de contenu m\u00e9dia de Jellysmack. Plus d\u2019infos ici.\" \/>\n<meta name=\"robots\" content=\"index, follow, max-snippet:-1, max-image-preview:large, max-video-preview:-1\" \/>\n<link rel=\"canonical\" href=\"https:\/\/jellysmack.com\/fr\/licences-de-contenu\/\" \/>\n<meta property=\"og:locale\" content=\"fr_FR\" \/>\n<meta property=\"og:type\" content=\"article\" \/>\n<meta property=\"og:title\" content=\"Licences de Contenu sur les R\u00e9seaux Sociaux | Jellysmack\" \/>\n<meta property=\"og:description\" content=\"G\u00e9n\u00e9rez des revenus suppl\u00e9mentaires via la diffusion de contenu avec l\u2019offre licences de contenu m\u00e9dia de Jellysmack. Plus d\u2019infos ici.\" \/>\n<meta property=\"og:url\" content=\"https:\/\/jellysmack.com\/fr\/licences-de-contenu\/\" \/>\n<meta property=\"og:site_name\" content=\"Jellysmack\" \/>\n<meta property=\"article:modified_time\" content=\"2023-01-13T16:16:56+00:00\" \/>\n<meta property=\"og:image\" content=\"https:\/\/jellysmack.com\/wp-content\/uploads\/2023\/07\/Artboard-1-copy-4.png\" \/>\n\t<meta property=\"og:image:width\" content=\"1200\" \/>\n\t<meta property=\"og:image:height\" content=\"630\" \/>\n\t<meta property=\"og:image:type\" content=\"image\/png\" \/>\n<meta name=\"twitter:card\" content=\"summary_large_image\" \/>\n<meta name=\"twitter:label1\" content=\"Dur\u00e9e de lecture estim\u00e9e\" \/>\n\t<meta name=\"twitter:data1\" content=\"2 minutes\" \/>\n<script type=\"application\/ld+json\" class=\"yoast-schema-graph\">{\"@context\":\"https:\\\/\\\/schema.org\",\"@graph\":[{\"@type\":\"WebPage\",\"@id\":\"https:\\\/\\\/jellysmack.com\\\/fr\\\/licences-de-contenu\\\/\",\"url\":\"https:\\\/\\\/jellysmack.com\\\/fr\\\/licences-de-contenu\\\/\",\"name\":\"Licences de Contenu sur les R\u00e9seaux Sociaux | Jellysmack\",\"isPartOf\":{\"@id\":\"https:\\\/\\\/jellysmack.com\\\/fr\\\/#website\"},\"datePublished\":\"2022-05-04T18:07:36+00:00\",\"dateModified\":\"2023-01-13T16:16:56+00:00\",\"description\":\"G\u00e9n\u00e9rez des revenus suppl\u00e9mentaires via la diffusion de contenu avec l\u2019offre licences de contenu m\u00e9dia de Jellysmack. Plus d\u2019infos ici.\",\"breadcrumb\":{\"@id\":\"https:\\\/\\\/jellysmack.com\\\/fr\\\/licences-de-contenu\\\/#breadcrumb\"},\"inLanguage\":\"fr-FR\",\"potentialAction\":[{\"@type\":\"ReadAction\",\"target\":[\"https:\\\/\\\/jellysmack.com\\\/fr\\\/licences-de-contenu\\\/\"]}]},{\"@type\":\"BreadcrumbList\",\"@id\":\"https:\\\/\\\/jellysmack.com\\\/fr\\\/licences-de-contenu\\\/#breadcrumb\",\"itemListElement\":[{\"@type\":\"ListItem\",\"position\":1,\"name\":\"Home\",\"item\":\"https:\\\/\\\/jellysmack.com\\\/fr\\\/\"},{\"@type\":\"ListItem\",\"position\":2,\"name\":\"Licences de contenu\"}]},{\"@type\":\"WebSite\",\"@id\":\"https:\\\/\\\/jellysmack.com\\\/fr\\\/#website\",\"url\":\"https:\\\/\\\/jellysmack.com\\\/fr\\\/\",\"name\":\"Jellysmack\",\"description\":\"The Global Creator Company\",\"publisher\":{\"@id\":\"https:\\\/\\\/jellysmack.com\\\/fr\\\/#organization\"},\"potentialAction\":[{\"@type\":\"SearchAction\",\"target\":{\"@type\":\"EntryPoint\",\"urlTemplate\":\"https:\\\/\\\/jellysmack.com\\\/fr\\\/?s={search_term_string}\"},\"query-input\":{\"@type\":\"PropertyValueSpecification\",\"valueRequired\":true,\"valueName\":\"search_term_string\"}}],\"inLanguage\":\"fr-FR\"},{\"@type\":\"Organization\",\"@id\":\"https:\\\/\\\/jellysmack.com\\\/fr\\\/#organization\",\"name\":\"Jellysmack\",\"url\":\"https:\\\/\\\/jellysmack.com\\\/fr\\\/\",\"logo\":{\"@type\":\"ImageObject\",\"inLanguage\":\"fr-FR\",\"@id\":\"https:\\\/\\\/jellysmack.com\\\/fr\\\/#\\\/schema\\\/logo\\\/image\\\/\",\"url\":\"https:\\\/\\\/jellysmack.com\\\/wp-content\\\/uploads\\\/2021\\\/12\\\/siteicon.png\",\"contentUrl\":\"https:\\\/\\\/jellysmack.com\\\/wp-content\\\/uploads\\\/2021\\\/12\\\/siteicon.png\",\"width\":512,\"height\":512,\"caption\":\"Jellysmack\"},\"image\":{\"@id\":\"https:\\\/\\\/jellysmack.com\\\/fr\\\/#\\\/schema\\\/logo\\\/image\\\/\"}}]}<\/script>\n<!-- \/ Yoast SEO plugin. -->","yoast_head_json":{"title":"Licences de Contenu sur les R\u00e9seaux Sociaux | Jellysmack","description":"G\u00e9n\u00e9rez des revenus suppl\u00e9mentaires via la diffusion de contenu avec l\u2019offre licences de contenu m\u00e9dia de Jellysmack. Plus d\u2019infos ici.","robots":{"index":"index","follow":"follow","max-snippet":"max-snippet:-1","max-image-preview":"max-image-preview:large","max-video-preview":"max-video-preview:-1"},"canonical":"https:\/\/jellysmack.com\/fr\/licences-de-contenu\/","og_locale":"fr_FR","og_type":"article","og_title":"Licences de Contenu sur les R\u00e9seaux Sociaux | Jellysmack","og_description":"G\u00e9n\u00e9rez des revenus suppl\u00e9mentaires via la diffusion de contenu avec l\u2019offre licences de contenu m\u00e9dia de Jellysmack. Plus d\u2019infos ici.","og_url":"https:\/\/jellysmack.com\/fr\/licences-de-contenu\/","og_site_name":"Jellysmack","article_modified_time":"2023-01-13T16:16:56+00:00","og_image":[{"width":1200,"height":630,"url":"https:\/\/jellysmack.com\/wp-content\/uploads\/2023\/07\/Artboard-1-copy-4.png","type":"image\/png"}],"twitter_card":"summary_large_image","twitter_misc":{"Dur\u00e9e de lecture estim\u00e9e":"2 minutes"},"schema":{"@context":"https:\/\/schema.org","@graph":[{"@type":"WebPage","@id":"https:\/\/jellysmack.com\/fr\/licences-de-contenu\/","url":"https:\/\/jellysmack.com\/fr\/licences-de-contenu\/","name":"Licences de Contenu sur les R\u00e9seaux Sociaux | Jellysmack","isPartOf":{"@id":"https:\/\/jellysmack.com\/fr\/#website"},"datePublished":"2022-05-04T18:07:36+00:00","dateModified":"2023-01-13T16:16:56+00:00","description":"G\u00e9n\u00e9rez des revenus suppl\u00e9mentaires via la diffusion de contenu avec l\u2019offre licences de contenu m\u00e9dia de Jellysmack. Plus d\u2019infos ici.","breadcrumb":{"@id":"https:\/\/jellysmack.com\/fr\/licences-de-contenu\/#breadcrumb"},"inLanguage":"fr-FR","potentialAction":[{"@type":"ReadAction","target":["https:\/\/jellysmack.com\/fr\/licences-de-contenu\/"]}]},{"@type":"BreadcrumbList","@id":"https:\/\/jellysmack.com\/fr\/licences-de-contenu\/#breadcrumb","itemListElement":[{"@type":"ListItem","position":1,"name":"Home","item":"https:\/\/jellysmack.com\/fr\/"},{"@type":"ListItem","position":2,"name":"Licences de contenu"}]},{"@type":"WebSite","@id":"https:\/\/jellysmack.com\/fr\/#website","url":"https:\/\/jellysmack.com\/fr\/","name":"Jellysmack","description":"The Global Creator Company","publisher":{"@id":"https:\/\/jellysmack.com\/fr\/#organization"},"potentialAction":[{"@type":"SearchAction","target":{"@type":"EntryPoint","urlTemplate":"https:\/\/jellysmack.com\/fr\/?s={search_term_string}"},"query-input":{"@type":"PropertyValueSpecification","valueRequired":true,"valueName":"search_term_string"}}],"inLanguage":"fr-FR"},{"@type":"Organization","@id":"https:\/\/jellysmack.com\/fr\/#organization","name":"Jellysmack","url":"https:\/\/jellysmack.com\/fr\/","logo":{"@type":"ImageObject","inLanguage":"fr-FR","@id":"https:\/\/jellysmack.com\/fr\/#\/schema\/logo\/image\/","url":"https:\/\/jellysmack.com\/wp-content\/uploads\/2021\/12\/siteicon.png","contentUrl":"https:\/\/jellysmack.com\/wp-content\/uploads\/2021\/12\/siteicon.png","width":512,"height":512,"caption":"Jellysmack"},"image":{"@id":"https:\/\/jellysmack.com\/fr\/#\/schema\/logo\/image\/"}}]}},"_links":{"self":[{"href":"https:\/\/jellysmack.com\/fr\/wp-json\/wp\/v2\/pages\/4197","targetHints":{"allow":["GET"]}}],"collection":[{"href":"https:\/\/jellysmack.com\/fr\/wp-json\/wp\/v2\/pages"}],"about":[{"href":"https:\/\/jellysmack.com\/fr\/wp-json\/wp\/v2\/types\/page"}],"author":[{"embeddable":true,"href":"https:\/\/jellysmack.com\/fr\/wp-json\/wp\/v2\/users\/1"}],"replies":[{"embeddable":true,"href":"https:\/\/jellysmack.com\/fr\/wp-json\/wp\/v2\/comments?post=4197"}],"version-history":[{"count":0,"href":"https:\/\/jellysmack.com\/fr\/wp-json\/wp\/v2\/pages\/4197\/revisions"}],"wp:attachment":[{"href":"https:\/\/jellysmack.com\/fr\/wp-json\/wp\/v2\/media?parent=4197"}],"curies":[{"name":"wp","href":"https:\/\/api.w.org\/{rel}","templated":true}]}}