{"id":5171,"date":"2022-09-02T01:07:39","date_gmt":"2022-09-02T01:07:39","guid":{"rendered":"https:\/\/jellysmack.com\/?page_id=5171"},"modified":"2022-10-17T21:47:38","modified_gmt":"2022-10-17T21:47:38","slug":"conditions-dutilisation","status":"publish","type":"page","link":"https:\/\/jellysmack.com\/fr\/conditions-dutilisation\/","title":{"rendered":"Conditions d&rsquo;utilisation"},"content":{"rendered":"\n<div style=\"height:100px\" aria-hidden=\"true\" class=\"wp-block-spacer\"><\/div>\n\n\n\n<h2 class=\"text-sharp wp-block-heading\">Conditions d&rsquo;utilisation<\/h2>\n\n\n\n<div style=\"height:100px\" aria-hidden=\"true\" class=\"wp-block-spacer\"><\/div>\n\n\n\n<div class=\"wp-block-columns is-layout-flex wp-container-core-columns-is-layout-9d6595d7 wp-block-columns-is-layout-flex\">\n<div class=\"wp-block-column is-layout-flow wp-block-column-is-layout-flow\" style=\"flex-basis:66.66%\">\n<p>Keli Network Inc. dba Jellysmack et ses soci\u00e9t\u00e9s affili\u00e9es (\u00ab\u00a0Jellysmack\u00a0\u00bb ou \u00ab\u00a0nous\u00a0\u00bb) fournit le site Web Jellysmack (le \u00ab\u00a0site\u00a0\u00bb) \u00e0 tous les visiteurs du site (\u00ab\u00a0visiteur\u00a0\u00bb ou \u00ab\u00a0vous\u00a0\u00bb) sous r\u00e9serve des conditions g\u00e9n\u00e9rales suivantes (les \u00ab\u00a0conditions\u00a0\u00bb). En acc\u00e9dant \u00e0 ce site et en l&rsquo;utilisant, vous acceptez les pr\u00e9sentes conditions. Nous pouvons modifier p\u00e9riodiquement les conditions, \u00e0 notre seule discr\u00e9tion et sans pr\u00e9avis, et nous vous invitons donc \u00e0 les consulter de temps \u00e0 autre. Pour une explication des pratiques et politiques de Jellysmack concernant la collecte, l&rsquo;utilisation et le stockage des informations des visiteurs du site, veuillez lire notre <a href=\"https:\/\/jellysmack.com\/fr\/politique-de-confidentialite\/\"><em>politique de confidentialit\u00e9<\/em><\/a>.<\/p>\n\n\n\n<p>Sous r\u00e9serve de votre acceptation des pr\u00e9sentes conditions, Jellysmack vous accorde par la pr\u00e9sente l&rsquo;autorisation d&rsquo;acc\u00e9der au site et de l&rsquo;utiliser comme indiqu\u00e9 dans les pr\u00e9sentes conditions. Si vous n&rsquo;\u00eates pas d&rsquo;accord avec ces conditions, n&rsquo;utilisez pas le site.<\/p>\n\n\n\n<p><strong>ACCEPTATION DES CONDITIONS D&rsquo;UTILISATION<\/strong><\/p>\n\n\n\n<p>Vous affirmez que vous \u00eates pleinement capable et comp\u00e9tent pour vous accepter les termes, conditions, obligations, affirmations, repr\u00e9sentations et garanties \u00e9nonc\u00e9s dans les pr\u00e9sentes lignes, et pour respecter et se conformer \u00e0 ces conditions. Si vous acc\u00e9dez et\/ou utilisez le site au nom d&rsquo;une autre entit\u00e9 juridique, vous d\u00e9clarez et garantissez par la pr\u00e9sente que vous disposez de l&rsquo;autorit\u00e9 l\u00e9gale, r\u00e9elle ou implicite, pour lier cette entit\u00e9 aux pr\u00e9sentes conditions.<\/p>\n\n\n\n<p><strong>LE SITE WEB DE JELLYSMACK<\/strong><\/p>\n\n\n\n<p>Le site Jellysmack comprend l&rsquo;ensemble des sites web Jellysmack. Le \u00ab\u00a0site Jellsymack\u00a0\u00bb est d\u00e9fini comme l&rsquo;ensemble des publications sur le web portant l&rsquo;imprimatur Jellysmack et les pages web, les fonctionnalit\u00e9s et les services disponibles sur le domaine racine jellysmack.com. Le site comprend \u00e9galement le formulaire de contact \u00e0 l&rsquo;adresse <a href=\"https:\/\/jellysmack.com\/fr\/getintouch\/\">https:\/\/jellysmack.com\/fr\/getintouch\/<\/a>. Le site, y compris, sans s&rsquo;y limiter, le texte, les graphiques, les logos, les ic\u00f4nes, les images et les vid\u00e9os, ainsi que la s\u00e9lection et la disposition de ceux-ci, en plus de toute am\u00e9lioration ou \u0153uvre d\u00e9riv\u00e9e de ceux-ci (le \u00ab\u00a0contenu du site\u00a0\u00bb), est la propri\u00e9t\u00e9 exclusive de Jellysmack ou de ses conc\u00e9dants de licence et, dans la mesure o\u00f9 cela est applicable, est prot\u00e9g\u00e9 par les lois am\u00e9ricaines et internationales sur le droit d&rsquo;auteur. Ni le contenu du site ni les fonctionnalit\u00e9s du site ne peuvent \u00eatre copi\u00e9s, reproduits, modifi\u00e9s, faire l&rsquo;objet d&rsquo;une ing\u00e9nierie inverse, \u00eatre alt\u00e9r\u00e9s (y compris la suppression ou la d\u00e9sactivation de toute garantie de s\u00e9curit\u00e9 ou technologique, de tout d\u00e9ni de responsabilit\u00e9 ou de toute l\u00e9gende), t\u00e9l\u00e9charg\u00e9s, publi\u00e9s, post\u00e9s, transmis ou distribu\u00e9s de quelque mani\u00e8re que ce soit sans notre autorisation \u00e9crite, \u00e0 l&rsquo;exception des utilisations sp\u00e9cifi\u00e9es dans la section \u00ab\u00a0Utilisation du site\u00a0\u00bb ci-dessous. Tous les droits non express\u00e9ment accord\u00e9s sont r\u00e9serv\u00e9s. Des modifications peuvent \u00eatre apport\u00e9es au site \u00e0 tout moment sans pr\u00e9avis.<\/p>\n\n\n\n<p><strong>UTILISATION DU SITE<\/strong><\/p>\n\n\n\n<p>Jellysmack vous accorde par les pr\u00e9sentes une licence limit\u00e9e, non exclusive, non transf\u00e9rable et r\u00e9vocable pour la dur\u00e9e des pr\u00e9sentes, vous permettant d&rsquo;acc\u00e9der au site, \u00e0 condition que vous ne modifiiez pas le site, que vous n&rsquo;en fassiez pas d&rsquo;utilisations d\u00e9riv\u00e9es de quelque mani\u00e8re que ce soit, que vous n&rsquo;utilisiez pas d&rsquo;outils d&rsquo;exploration de donn\u00e9es, de robots ou de m\u00e9thodes similaires de collecte ou d&rsquo;extraction de donn\u00e9es, que vous ne t\u00e9l\u00e9chargiez pas (\u00e0 l&rsquo;exception de la mise en cache des pages) une quelconque partie du site ou des informations qu&rsquo;il contient, sauf autorisation expresse de Jellysmack, que vous n&rsquo;utilisiez pas le site \u00e0 d&rsquo;autres fins que celles auxquelles il est destin\u00e9 et que vous respectiez par ailleurs les pr\u00e9sentes conditions. Vous ne pouvez pas reproduire, modifier, d\u00e9sosser, distribuer, transmettre, poster ou divulguer le site sans l&rsquo;accord \u00e9crit pr\u00e9alable de Jellysmack. En outre, vous ne pouvez pas cr\u00e9er de \u00ab\u00a0miroir\u00a0\u00bb du site ou du contenu du site ou de toute partie de celui-ci sans l&rsquo;autorisation \u00e9crite expresse de Jellysmack. Rien sur ce site ne doit \u00eatre interpr\u00e9t\u00e9 comme accordant directement ou indirectement, ou implicitement, une licence ou un droit d&rsquo;utilisation de la propri\u00e9t\u00e9 intellectuelle de Jellysmack autre que celui express\u00e9ment \u00e9nonc\u00e9 dans le pr\u00e9sent document. La licence accord\u00e9e dans cette section prend fin automatiquement et imm\u00e9diatement si vous ne vous conformez pas aux pr\u00e9sentes conditions.<\/p>\n\n\n\n<p>Vous reconnaissez et acceptez que Jellysmack puisse cesser (de mani\u00e8re permanente ou temporaire) de fournir le site (ou toute fonction du site) \u00e0 vous ou \u00e0 ses visiteurs en g\u00e9n\u00e9ral, \u00e0 tout moment, \u00e0 la seule discr\u00e9tion de Jellysmack, sans pr\u00e9avis. Vous pouvez cesser d&rsquo;utiliser ou d&rsquo;acc\u00e9der au site \u00e0 tout moment et il n&rsquo;est pas n\u00e9cessaire d&rsquo;informer express\u00e9ment Jellysmack lorsque vous cessez d&rsquo;utiliser ou d&rsquo;acc\u00e9der au site.<\/p>\n\n\n\n<p><strong>SERVICES DE TIERS<\/strong><\/p>\n\n\n\n<p>Vous pouvez choisir d&rsquo;int\u00e9grer, de connecter ou d&rsquo;utiliser de toute autre mani\u00e8re le site avec d&rsquo;autres sites web ou plateformes qui ne sont pas fournis ou g\u00e9r\u00e9s par Jellysmack (\u00ab\u00a0sites non Jellysmack\u00a0\u00bb) et, ce faisant, vous autorisez Jellysmack \u00e0 interagir avec les sites non Jellysmack.<\/p>\n\n\n\n<p>Si vous utilisez des Sites non-Jellysmack : (a) vous garantissez que s&rsquo;il utilise le Site pour connecter vos donn\u00e9es et\/ou votre contenu \u00e0 des services tiers, y compris, mais sans s&rsquo;y limiter, \u00e0 YouTube, ces donn\u00e9es et\/ou ce contenu seront conformes aux conditions d&rsquo;utilisation du tiers et que vous acceptez d&rsquo;\u00eatre li\u00e9 \u00e0 ces conditions d&rsquo;utilisation du tiers (par exemple, vous acceptez d&rsquo;\u00eatre li\u00e9 aux <a href=\"https:\/\/www.youtube.com\/t\/terms\">conditions de service de YouTube<\/a>) en vigueur et telles que mises \u00e0 jour de temps \u00e0 autre par ces tiers ; (b) Jellysmack ne garantit pas et ne soutient pas les Sites Non-Jellysmack ; (c) entre Jellysmack et le Visiteur, le Visiteur assume toute la responsabilit\u00e9 du Site Non-Jellysmack et de toute divulgation, modification ou suppression de vos donn\u00e9es et\/ou contenus par les Sites Non-Jellysmack ; et (d) Jellysmack n&rsquo;a aucune responsabilit\u00e9, et vous n&rsquo;\u00eates d\u00e9gag\u00e9 d&rsquo;aucune obligation en vertu des Conditions ou n&rsquo;avez droit \u00e0 aucune compensation, en raison de toute indisponibilit\u00e9 du Site Non-Jellysmack ou de tout changement dans la capacit\u00e9 de Jellysmack \u00e0 interagir avec le Site Non-Jellysmack. Si vous souhaitez d\u00e9connecter ou supprimer l&rsquo;acc\u00e8s de Jellysmack \u00e0 ces sites non Jellysmack, vous acceptez de le faire en visitant ces sites, non Jellysmack et en supprimant l&rsquo;acc\u00e8s. Par exemple, pour supprimer l&rsquo;acc\u00e8s de Jellysmack \u00e0 tout site Web de Google, y compris, mais sans s&rsquo;y limiter, \u00e0 YouTube, vous devez vous rendre sur la <a href=\"https:\/\/myaccount.google.com\/permissions?pli=1\">page des param\u00e8tres de s\u00e9curit\u00e9 de Google<\/a> et suivre les instructions pour supprimer l&rsquo;acc\u00e8s de l&rsquo;utilisateur.<\/p>\n\n\n\n<p><strong>GARANTIE<\/strong><\/p>\n\n\n\n<p>L&rsquo;ensemble du contenu et des fonctionnalit\u00e9s du site est fourni \u00ab\u00a0en l&rsquo;\u00e9tat \u00ab\u00a0, sans garantie d&rsquo;aucune sorte, expresse ou implicite, y compris, mais sans s&rsquo;y limiter, les garanties implicites de qualit\u00e9 marchande et d&rsquo;ad\u00e9quation \u00e0 un usage particulier. En outre, Jellysmack ne donne aucune garantie et ne fait aucune d\u00e9claration quant \u00e0 l&rsquo;exactitude ou \u00e0 l&rsquo;exhaustivit\u00e9 du pr\u00e9sent site, du contenu du site ou du contenu de tout site Web li\u00e9 au pr\u00e9sent site.<\/p>\n\n\n\n<p>Les limitations de responsabilit\u00e9 qui pr\u00e9c\u00e8dent s&rsquo;appliquent dans toute la mesure permise par la loi dans la juridiction applicable.<\/p>\n\n\n\n<p><strong>EXCLUSIONS G\u00c9N\u00c9RALES ET LIMITATION DE LA RESPONSABILIT\u00c9<\/strong><\/p>\n\n\n\n<p>Le contenu et les fonctionnalit\u00e9s du site sont fournis \u00e0 condition que vous restiez seul responsable de votre utilisation du site et de tout le contenu du site et que vous reconnaissiez que toute confiance dans le contenu du site est enti\u00e8rement \u00e0 votre discr\u00e9tion et \u00e0 vos risques. Jellysmack ne sera pas responsable des dommages ou pertes indirects, accessoires, cons\u00e9cutifs ou punitifs, ni des pertes de revenus ou de b\u00e9n\u00e9fices, qu&rsquo;ils aient \u00e9t\u00e9 ou non inform\u00e9s de la possibilit\u00e9 de tels dommages ou pertes et quelle que soit la th\u00e9orie de la responsabilit\u00e9.<\/p>\n\n\n\n<p><strong>INDEMNISATION<\/strong><\/p>\n\n\n\n<p>Par les pr\u00e9sentes, vous indemnisez, d\u00e9fendez et d\u00e9gagez de toute responsabilit\u00e9 Jellysmack et l&rsquo;ensemble de ses pr\u00e9d\u00e9cesseurs, successeurs, soci\u00e9t\u00e9s m\u00e8res, filiales, soci\u00e9t\u00e9s affili\u00e9es, dirigeants, administrateurs, actionnaires, investisseurs, employ\u00e9s, agents, repr\u00e9sentants et avocats, ainsi que leurs h\u00e9ritiers, successeurs et ayants droit respectifs (les \u00ab\u00a0parties indemnis\u00e9es par Jellysmack\u00a0\u00bb), contre toute responsabilit\u00e9, toute d\u00e9pense, tout co\u00fbt ou toute autre perte (les \u00ab\u00a0pertes\u00a0\u00bb) encourus par Jellysmack et\/ou les parties indemnis\u00e9es par Jellysmack dans le cadre de toute r\u00e9clamation d\u00e9coulant de ce qui suit : (i) votre utilisation et votre acc\u00e8s au Site ; (ii) votre violation des droits de propri\u00e9t\u00e9 intellectuelle d&rsquo;un tiers ; et\/ou (iii) toute violation par vous des pr\u00e9sentes Conditions, y compris les d\u00e9clarations, garanties et engagements que vous avez pris, le cas \u00e9ch\u00e9ant, en acceptant les pr\u00e9sentes Conditions.<\/p>\n\n\n\n<p><strong>CESSION<\/strong><\/p>\n\n\n\n<p>Les pr\u00e9sentes conditions, ainsi que tous les droits et licences accord\u00e9s en vertu des pr\u00e9sentes, ne peuvent \u00eatre transf\u00e9r\u00e9s ou c\u00e9d\u00e9s par vous, mais peuvent \u00eatre c\u00e9d\u00e9s par Jellysmack sans restriction.<\/p>\n\n\n\n<p><strong>DROIT APPLICABLE ET JURIDICTION<\/strong><\/p>\n\n\n\n<p>En utilisant le site, vous acceptez de vous conformer \u00e0 toutes les lois et r\u00e9glementations applicables, y compris, mais sans s&rsquo;y limiter, les lois sur la protection de la vie priv\u00e9e, les lois sur les droits d&rsquo;auteur et autres lois relatives \u00e0 la propri\u00e9t\u00e9 intellectuelle. Les pr\u00e9sentes conditions sont r\u00e9gies par les lois de l&rsquo;\u00c9tat de New York, sans r\u00e9f\u00e9rence aux principes de conflits de lois. Tout litige d\u00e9coulant des pr\u00e9sentes conditions, s&rsquo;y rapportant ou s&rsquo;y rapportant de quelque mani\u00e8re que ce soit, sera port\u00e9 devant les tribunaux d&rsquo;\u00c9tat ou f\u00e9d\u00e9raux de l&rsquo;\u00c9tat de New York, \u00e0 la comp\u00e9tence personnelle desquels vous consentez par les pr\u00e9sentes. Vous convenez que toute cause d&rsquo;action \u00e0 l&rsquo;encontre de Jellysmack d\u00e9coulant du site et\/ou du contenu du site ou s&rsquo;y rapportant doit \u00eatre engag\u00e9e dans un d\u00e9lai d&rsquo;un (1) an apr\u00e8s la survenance de la cause d&rsquo;action.<\/p>\n\n\n\n<p class=\"has-text-align-right has-medium-font-size\"><strong>Derni\u00e8re mise \u00e0 jour : <strong>12 octobre 2022<\/strong><\/strong><\/p>\n<\/div>\n\n\n\n<div class=\"wp-block-column is-layout-flow wp-block-column-is-layout-flow\" style=\"flex-basis:33.33%\"><\/div>\n<\/div>\n\n\n\n<div style=\"height:100px\" aria-hidden=\"true\" class=\"wp-block-spacer\"><\/div>\n\n\n\n<p><\/p>\n","protected":false},"excerpt":{"rendered":"<p>Conditions d&rsquo;utilisation Keli Network Inc. dba Jellysmack et ses soci\u00e9t\u00e9s affili\u00e9es (\u00ab\u00a0Jellysmack\u00a0\u00bb ou \u00ab\u00a0nous\u00a0\u00bb) fournit le site Web Jellysmack (le \u00ab\u00a0site\u00a0\u00bb) \u00e0 tous les visiteurs du site (\u00ab\u00a0visiteur\u00a0\u00bb ou \u00ab\u00a0vous\u00a0\u00bb) sous r\u00e9serve des conditions g\u00e9n\u00e9rales suivantes (les \u00ab\u00a0conditions\u00a0\u00bb). En acc\u00e9dant \u00e0 ce site et en l&rsquo;utilisant, vous acceptez les pr\u00e9sentes conditions. Nous pouvons modifier p\u00e9riodiquement [&#8230;]<\/p>\n<p><a class=\"btn btn-secondary havas_understrap-read-more-link\" href=\"https:\/\/jellysmack.com\/fr\/conditions-dutilisation\/\">Lire la suite&#8230;<\/a><\/p>\n","protected":false},"author":22,"featured_media":0,"parent":0,"menu_order":0,"comment_status":"closed","ping_status":"closed","template":"","meta":{"footnotes":""},"class_list":["post-5171","page","type-page","status-publish","hentry"],"acf":[],"yoast_head":"<!-- This site is optimized with the Yoast SEO plugin v27.3 - https:\/\/yoast.com\/product\/yoast-seo-wordpress\/ -->\n<title>Conditions d&#039;utilisation - Jellysmack<\/title>\n<meta name=\"robots\" content=\"index, follow, max-snippet:-1, max-image-preview:large, max-video-preview:-1\" \/>\n<link rel=\"canonical\" href=\"https:\/\/jellysmack.com\/fr\/conditions-dutilisation\/\" \/>\n<meta property=\"og:locale\" content=\"fr_FR\" \/>\n<meta property=\"og:type\" content=\"article\" \/>\n<meta property=\"og:title\" content=\"Conditions d&#039;utilisation - Jellysmack\" \/>\n<meta property=\"og:description\" content=\"Conditions d&rsquo;utilisation Keli Network Inc. dba Jellysmack et ses soci\u00e9t\u00e9s affili\u00e9es (\u00ab\u00a0Jellysmack\u00a0\u00bb ou \u00ab\u00a0nous\u00a0\u00bb) fournit le site Web Jellysmack (le \u00ab\u00a0site\u00a0\u00bb) \u00e0 tous les visiteurs du site (\u00ab\u00a0visiteur\u00a0\u00bb ou \u00ab\u00a0vous\u00a0\u00bb) sous r\u00e9serve des conditions g\u00e9n\u00e9rales suivantes (les \u00ab\u00a0conditions\u00a0\u00bb). En acc\u00e9dant \u00e0 ce site et en l&rsquo;utilisant, vous acceptez les pr\u00e9sentes conditions. Nous pouvons modifier p\u00e9riodiquement [...]Lire la suite...\" \/>\n<meta property=\"og:url\" content=\"https:\/\/jellysmack.com\/fr\/conditions-dutilisation\/\" \/>\n<meta property=\"og:site_name\" content=\"Jellysmack\" \/>\n<meta property=\"article:modified_time\" content=\"2022-10-17T21:47:38+00:00\" \/>\n<meta property=\"og:image\" content=\"https:\/\/jellysmack.com\/wp-content\/uploads\/2023\/07\/Artboard-1-copy-4.png\" \/>\n\t<meta property=\"og:image:width\" content=\"1200\" \/>\n\t<meta property=\"og:image:height\" content=\"630\" \/>\n\t<meta property=\"og:image:type\" content=\"image\/png\" \/>\n<meta name=\"twitter:card\" content=\"summary_large_image\" \/>\n<meta name=\"twitter:label1\" content=\"Dur\u00e9e de lecture estim\u00e9e\" \/>\n\t<meta name=\"twitter:data1\" content=\"7 minutes\" \/>\n<script type=\"application\/ld+json\" class=\"yoast-schema-graph\">{\"@context\":\"https:\\\/\\\/schema.org\",\"@graph\":[{\"@type\":\"WebPage\",\"@id\":\"https:\\\/\\\/jellysmack.com\\\/fr\\\/conditions-dutilisation\\\/\",\"url\":\"https:\\\/\\\/jellysmack.com\\\/fr\\\/conditions-dutilisation\\\/\",\"name\":\"Conditions d'utilisation - Jellysmack\",\"isPartOf\":{\"@id\":\"https:\\\/\\\/jellysmack.com\\\/fr\\\/#website\"},\"datePublished\":\"2022-09-02T01:07:39+00:00\",\"dateModified\":\"2022-10-17T21:47:38+00:00\",\"breadcrumb\":{\"@id\":\"https:\\\/\\\/jellysmack.com\\\/fr\\\/conditions-dutilisation\\\/#breadcrumb\"},\"inLanguage\":\"fr-FR\",\"potentialAction\":[{\"@type\":\"ReadAction\",\"target\":[\"https:\\\/\\\/jellysmack.com\\\/fr\\\/conditions-dutilisation\\\/\"]}]},{\"@type\":\"BreadcrumbList\",\"@id\":\"https:\\\/\\\/jellysmack.com\\\/fr\\\/conditions-dutilisation\\\/#breadcrumb\",\"itemListElement\":[{\"@type\":\"ListItem\",\"position\":1,\"name\":\"Home\",\"item\":\"https:\\\/\\\/jellysmack.com\\\/fr\\\/\"},{\"@type\":\"ListItem\",\"position\":2,\"name\":\"Conditions d&#8217;utilisation\"}]},{\"@type\":\"WebSite\",\"@id\":\"https:\\\/\\\/jellysmack.com\\\/fr\\\/#website\",\"url\":\"https:\\\/\\\/jellysmack.com\\\/fr\\\/\",\"name\":\"Jellysmack\",\"description\":\"The Global Creator Company\",\"publisher\":{\"@id\":\"https:\\\/\\\/jellysmack.com\\\/fr\\\/#organization\"},\"potentialAction\":[{\"@type\":\"SearchAction\",\"target\":{\"@type\":\"EntryPoint\",\"urlTemplate\":\"https:\\\/\\\/jellysmack.com\\\/fr\\\/?s={search_term_string}\"},\"query-input\":{\"@type\":\"PropertyValueSpecification\",\"valueRequired\":true,\"valueName\":\"search_term_string\"}}],\"inLanguage\":\"fr-FR\"},{\"@type\":\"Organization\",\"@id\":\"https:\\\/\\\/jellysmack.com\\\/fr\\\/#organization\",\"name\":\"Jellysmack\",\"url\":\"https:\\\/\\\/jellysmack.com\\\/fr\\\/\",\"logo\":{\"@type\":\"ImageObject\",\"inLanguage\":\"fr-FR\",\"@id\":\"https:\\\/\\\/jellysmack.com\\\/fr\\\/#\\\/schema\\\/logo\\\/image\\\/\",\"url\":\"https:\\\/\\\/jellysmack.com\\\/wp-content\\\/uploads\\\/2021\\\/12\\\/siteicon.png\",\"contentUrl\":\"https:\\\/\\\/jellysmack.com\\\/wp-content\\\/uploads\\\/2021\\\/12\\\/siteicon.png\",\"width\":512,\"height\":512,\"caption\":\"Jellysmack\"},\"image\":{\"@id\":\"https:\\\/\\\/jellysmack.com\\\/fr\\\/#\\\/schema\\\/logo\\\/image\\\/\"}}]}<\/script>\n<!-- \/ Yoast SEO plugin. -->","yoast_head_json":{"title":"Conditions d'utilisation - Jellysmack","robots":{"index":"index","follow":"follow","max-snippet":"max-snippet:-1","max-image-preview":"max-image-preview:large","max-video-preview":"max-video-preview:-1"},"canonical":"https:\/\/jellysmack.com\/fr\/conditions-dutilisation\/","og_locale":"fr_FR","og_type":"article","og_title":"Conditions d'utilisation - Jellysmack","og_description":"Conditions d&rsquo;utilisation Keli Network Inc. dba Jellysmack et ses soci\u00e9t\u00e9s affili\u00e9es (\u00ab\u00a0Jellysmack\u00a0\u00bb ou \u00ab\u00a0nous\u00a0\u00bb) fournit le site Web Jellysmack (le \u00ab\u00a0site\u00a0\u00bb) \u00e0 tous les visiteurs du site (\u00ab\u00a0visiteur\u00a0\u00bb ou \u00ab\u00a0vous\u00a0\u00bb) sous r\u00e9serve des conditions g\u00e9n\u00e9rales suivantes (les \u00ab\u00a0conditions\u00a0\u00bb). En acc\u00e9dant \u00e0 ce site et en l&rsquo;utilisant, vous acceptez les pr\u00e9sentes conditions. Nous pouvons modifier p\u00e9riodiquement [...]Lire la suite...","og_url":"https:\/\/jellysmack.com\/fr\/conditions-dutilisation\/","og_site_name":"Jellysmack","article_modified_time":"2022-10-17T21:47:38+00:00","og_image":[{"width":1200,"height":630,"url":"https:\/\/jellysmack.com\/wp-content\/uploads\/2023\/07\/Artboard-1-copy-4.png","type":"image\/png"}],"twitter_card":"summary_large_image","twitter_misc":{"Dur\u00e9e de lecture estim\u00e9e":"7 minutes"},"schema":{"@context":"https:\/\/schema.org","@graph":[{"@type":"WebPage","@id":"https:\/\/jellysmack.com\/fr\/conditions-dutilisation\/","url":"https:\/\/jellysmack.com\/fr\/conditions-dutilisation\/","name":"Conditions d'utilisation - Jellysmack","isPartOf":{"@id":"https:\/\/jellysmack.com\/fr\/#website"},"datePublished":"2022-09-02T01:07:39+00:00","dateModified":"2022-10-17T21:47:38+00:00","breadcrumb":{"@id":"https:\/\/jellysmack.com\/fr\/conditions-dutilisation\/#breadcrumb"},"inLanguage":"fr-FR","potentialAction":[{"@type":"ReadAction","target":["https:\/\/jellysmack.com\/fr\/conditions-dutilisation\/"]}]},{"@type":"BreadcrumbList","@id":"https:\/\/jellysmack.com\/fr\/conditions-dutilisation\/#breadcrumb","itemListElement":[{"@type":"ListItem","position":1,"name":"Home","item":"https:\/\/jellysmack.com\/fr\/"},{"@type":"ListItem","position":2,"name":"Conditions d&#8217;utilisation"}]},{"@type":"WebSite","@id":"https:\/\/jellysmack.com\/fr\/#website","url":"https:\/\/jellysmack.com\/fr\/","name":"Jellysmack","description":"The Global Creator Company","publisher":{"@id":"https:\/\/jellysmack.com\/fr\/#organization"},"potentialAction":[{"@type":"SearchAction","target":{"@type":"EntryPoint","urlTemplate":"https:\/\/jellysmack.com\/fr\/?s={search_term_string}"},"query-input":{"@type":"PropertyValueSpecification","valueRequired":true,"valueName":"search_term_string"}}],"inLanguage":"fr-FR"},{"@type":"Organization","@id":"https:\/\/jellysmack.com\/fr\/#organization","name":"Jellysmack","url":"https:\/\/jellysmack.com\/fr\/","logo":{"@type":"ImageObject","inLanguage":"fr-FR","@id":"https:\/\/jellysmack.com\/fr\/#\/schema\/logo\/image\/","url":"https:\/\/jellysmack.com\/wp-content\/uploads\/2021\/12\/siteicon.png","contentUrl":"https:\/\/jellysmack.com\/wp-content\/uploads\/2021\/12\/siteicon.png","width":512,"height":512,"caption":"Jellysmack"},"image":{"@id":"https:\/\/jellysmack.com\/fr\/#\/schema\/logo\/image\/"}}]}},"_links":{"self":[{"href":"https:\/\/jellysmack.com\/fr\/wp-json\/wp\/v2\/pages\/5171","targetHints":{"allow":["GET"]}}],"collection":[{"href":"https:\/\/jellysmack.com\/fr\/wp-json\/wp\/v2\/pages"}],"about":[{"href":"https:\/\/jellysmack.com\/fr\/wp-json\/wp\/v2\/types\/page"}],"author":[{"embeddable":true,"href":"https:\/\/jellysmack.com\/fr\/wp-json\/wp\/v2\/users\/22"}],"replies":[{"embeddable":true,"href":"https:\/\/jellysmack.com\/fr\/wp-json\/wp\/v2\/comments?post=5171"}],"version-history":[{"count":0,"href":"https:\/\/jellysmack.com\/fr\/wp-json\/wp\/v2\/pages\/5171\/revisions"}],"wp:attachment":[{"href":"https:\/\/jellysmack.com\/fr\/wp-json\/wp\/v2\/media?parent=5171"}],"curies":[{"name":"wp","href":"https:\/\/api.w.org\/{rel}","templated":true}]}}