{"id":2437,"date":"2021-12-22T19:47:40","date_gmt":"2021-12-22T19:47:40","guid":{"rendered":"https:\/\/jellysmack.com\/para-empresas-de-midia\/"},"modified":"2022-05-09T13:34:22","modified_gmt":"2022-05-09T13:34:22","slug":"para-empresas-de-midia","status":"publish","type":"page","link":"https:\/\/jellysmack.com\/pt-br\/para-empresas-de-midia\/","title":{"rendered":"Para empresas de m\u00eddia"},"content":{"rendered":"\n<div class=\"wp-block-cover bg-brand-pattern media-companies\"><span aria-hidden=\"true\" class=\"has-black-background-color has-background-dim-100 wp-block-cover__gradient-background has-background-dim\"><\/span><div class=\"wp-block-cover__inner-container is-layout-flow wp-block-cover-is-layout-flow\">\n<h2 class=\"has-text-align-center text-sharp text-uppercase text-gradient mb-4 no-br wp-block-heading\">MONETIZE <br\/>SEU CONTE\u00daDO<\/h2>\n\n\n\n<p class=\"has-text-align-center no-br has-medium-font-size\">Possui uma biblioteca de v\u00eddeos? Viabilizamos oportunidades inexploradas nas m\u00eddias sociais <br\/>para gerar f\u00e3s, interesse e receita.<\/p>\n<\/div><\/div>\n\n<div class=\"wp-block-cover is-light  bg-gradient mb-0\"><span aria-hidden=\"true\" class=\"has-background-dim-100 wp-block-cover__gradient-background has-bg-gradient-gradient-background has-background-dim has-background-gradient has-bg-gradient-gradient-background\"><\/span><div class=\"wp-block-cover__inner-container is-layout-flow wp-block-cover-is-layout-flow\">\n<div class=\"wp-block-group animation grow-text slide-up-child\"><div class=\"wp-block-group__inner-container is-layout-flow wp-block-group-is-layout-flow\">\n<h2 class=\"has-text-align-center text-sharp text-uppercase mb-0 has-black-color has-text-color wp-block-heading\">Mais plataformas.<br\/>Mais dinheiro.<\/h2>\n<\/div><\/div>\n<\/div><\/div>\n\n<div class=\"wp-block-group bg-breakout pb-0 mt-5\"><div class=\"wp-block-group__inner-container is-layout-flow wp-block-group-is-layout-flow\">\n<div class=\"wp-block-columns is-layout-flex wp-container-core-columns-is-layout-9d6595d7 wp-block-columns-is-layout-flex\">\n<div class=\"wp-block-column is-layout-flow wp-block-column-is-layout-flow\" style=\"flex-basis:50%\">\n<h2 class=\"text-sharp mb-0 wp-block-heading\">DUAS FORMAS<\/h2>\n\n\n\n<h2 class=\"text-sharp text-gradient mb-4 wp-block-heading\">DE GERAR RESULTADOS<\/h2>\n\n\n\n<p class=\"no-br has-medium-font-size\">Com a nossa exclusiva tecnologia de intelig\u00eancia artificial e dados pr\u00f3prios, ajudamos empresas de m\u00eddia a obter novos f\u00e3s e gerar oportunidades de monetiza\u00e7\u00e3o em todas as plataformas (sem gerar trabalho adicional).<\/p>\n<\/div>\n\n\n\n<div class=\"wp-block-column is-layout-flow wp-block-column-is-layout-flow\" style=\"flex-basis:33.33%\"><\/div>\n<\/div>\n\n\n\n<div class=\"wp-block-columns pt-4 is-layout-flex wp-container-core-columns-is-layout-9d6595d7 wp-block-columns-is-layout-flex\">\n<div class=\"wp-block-column mb-5 mb-md-0 is-layout-flow wp-block-column-is-layout-flow\" style=\"flex-basis:50%\">\n<h4 class=\"mb-4 wp-block-heading\">LICENCIAMENTO DE CONTE\u00daDO<\/h4>\n\n\n\n<p class=\"no-br has-medium-font-size\">A Jellysmack licencia seu conte\u00fado em v\u00eddeo existente para uso nos nossos canais sociais pr\u00f3prios, alcan\u00e7ando instantaneamente milh\u00f5es de <br\/>f\u00e3s inexplorados e engajados.<\/p>\n\n\n<div class=\"js-custom-gallery max-lg-70\">\n            <img srcset=\"https:\/\/jellysmack.com\/wp-content\/uploads\/2022\/01\/1280px-Lionsgate_Logo.png 3x\" alt=\"\" \/>\n            <img srcset=\"https:\/\/jellysmack.com\/wp-content\/uploads\/2022\/01\/Legendary.png 3x\" alt=\"\" \/>\n            <img srcset=\"https:\/\/jellysmack.com\/wp-content\/uploads\/2022\/01\/Paramount.png 3x\" alt=\"\" \/>\n            <img srcset=\"https:\/\/jellysmack.com\/wp-content\/uploads\/2022\/01\/pngkit_mgm-logo-png_1784939.png 3x\" alt=\"\" \/>\n    <\/div><\/div>\n\n\n\n<div class=\"wp-block-column is-layout-flow wp-block-column-is-layout-flow\" style=\"flex-basis:50%\">\n<h4 class=\"mb-4 wp-block-heading\">GEST\u00c3O DE M\u00cdDIAS SOCIAIS<\/h4>\n\n\n\n<p class=\"has-medium-font-size\">Nosso programa de m\u00eddia opera seus canais nas m\u00eddias sociais com uma abordagem totalmente personalizada. Editamos, otimizamos, publicamos e gerenciamos seu conte\u00fado entre v\u00e1rias plataformas sociais.<\/p>\n\n\n<div class=\"js-custom-gallery\">\n            <img srcset=\"https:\/\/jellysmack.com\/wp-content\/uploads\/2022\/01\/Choppertown-1.png 3x\" alt=\"\" \/>\n            <img srcset=\"https:\/\/jellysmack.com\/wp-content\/uploads\/2022\/01\/Combate-Global.png 3x\" alt=\"\" \/>\n            <img srcset=\"https:\/\/jellysmack.com\/wp-content\/uploads\/2022\/01\/image-1.png 3x\" alt=\"\" \/>\n            <img srcset=\"https:\/\/jellysmack.com\/wp-content\/uploads\/2022\/01\/unnamed-1.png 3x\" alt=\"\" \/>\n            <img srcset=\"https:\/\/jellysmack.com\/wp-content\/uploads\/2022\/01\/skyrock-1.png 3x\" alt=\"\" \/>\n    <\/div><\/div>\n<\/div>\n<\/div><\/div>\n\n<div class=\"wp-block-group bg-breakout\"><div class=\"wp-block-group__inner-container is-layout-flow wp-block-group-is-layout-flow\">\n<div class=\"wp-block-columns is-layout-flex wp-container-core-columns-is-layout-9d6595d7 wp-block-columns-is-layout-flex\">\n<div class=\"wp-block-column is-layout-flow wp-block-column-is-layout-flow\" style=\"flex-basis:70%\">\n<h2 class=\"text-sharp text-gradient mb-4 wp-block-heading\">Nossa f\u00f3rmula <br\/>para conte\u00fado em v\u00eddeo<\/h2>\n\n\n\n<p class=\"no-br has-medium-font-size\">Come\u00e7amos com a sua biblioteca de v\u00eddeos e investimos tempo, dinheiro e tecnologia para expandir e monetizar sua propriedade intelectual em outras plataformas sociais. O resultado \u00e9 uma comunidade extremamente engajada.<\/p>\n<\/div>\n\n\n\n<div class=\"wp-block-column is-layout-flow wp-block-column-is-layout-flow\" style=\"flex-basis:33.33%\"><\/div>\n<\/div>\n\n\n\n<div class=\"wp-block-columns py-5 animation is-layout-flex wp-container-core-columns-is-layout-9d6595d7 wp-block-columns-is-layout-flex\">\n<div class=\"wp-block-column slide-in-left-extreme fade-in bg-dark is-layout-flow wp-block-column-is-layout-flow\" style=\"flex-basis:25%\"><span class=\"js-icon-arrows-right h3 mb-4 d-block color-animate step-1 alt-speed\"><\/span>\n\n\n\n<h4 class=\"wp-block-heading\">ANALISAMOS<\/h4>\n\n\n\n<p class=\"has-medium-font-size\">Avaliamos sua biblioteca <br\/>e definimos uma estrat\u00e9gia de programa\u00e7\u00e3o.<\/p>\n<\/div>\n\n\n\n<div class=\"wp-block-column slide-in-left-extreme delay-1 fade-in bg-dark is-layout-flow wp-block-column-is-layout-flow\" style=\"flex-basis:25%\"><span class=\"js-icon-arrows-right h3 mb-4 d-block color-animate step-2 alt-speed\"><\/span>\n\n\n\n<h4 class=\"wp-block-heading\">CRIAMOS<\/h4>\n\n\n\n<p class=\"has-medium-font-size\">Personalizamos seus v\u00eddeos a fim de otimiz\u00e1-los<br\/>para cada plataforma.<\/p>\n<\/div>\n\n\n\n<div class=\"wp-block-column slide-in-left-extreme delay-2 fade-in bg-dark is-layout-flow wp-block-column-is-layout-flow\" style=\"flex-basis:25%\"><span class=\"js-icon-arrows-right h3 mb-4 d-block color-animate step-3 alt-speed\"><\/span>\n\n\n\n<h4 class=\"wp-block-heading\">TESTAMOS<\/h4>\n\n\n\n<p class=\"has-medium-font-size\">Run multivariate tests<br\/>and publish the best performing videos.<\/p>\n<\/div>\n\n\n\n<div class=\"wp-block-column slide-in-left-extreme delay-3 fade-in bg-dark is-layout-flow wp-block-column-is-layout-flow\" style=\"flex-basis:25%\"><span class=\"js-icon-arrows-right h3 mb-4 d-block color-animate step-4 alt-speed\"><\/span>\n\n\n\n<h4 class=\"wp-block-heading\">IMPULSIONAMOS<\/h4>\n\n\n\n<p class=\"has-medium-font-size\">Promovemos as publica\u00e7\u00f5es usando <br\/>nossa tecnologia e nosso dinheiro.<\/p>\n<\/div>\n\n\n\n<div class=\"wp-block-column slide-in-left-extreme delay-3 fade-in bg-dark is-layout-flow wp-block-column-is-layout-flow\" style=\"flex-basis:25%\"><span class=\"js-icon-arrows-right h3 mb-4 d-block color-animate step-5 alt-speed\"><\/span>\n\n\n\n<h4 class=\"wp-block-heading\">GERENCIAMOS<\/h4>\n\n\n\n<p class=\"has-medium-font-size\">Publicamos an\u00fancios otimizados para uma audi\u00eancia altamente relevante em v\u00e1rias plataformas.<\/p>\n<\/div>\n<\/div>\n<\/div><\/div>\n\n<div class=\"wp-block-group bg-white text-dark bg-breakout py-4\"><div class=\"wp-block-group__inner-container is-layout-flow wp-block-group-is-layout-flow\">\n<div class=\"wp-block-columns are-vertically-aligned-center mb-0 is-layout-flex wp-container-core-columns-is-layout-9d6595d7 wp-block-columns-is-layout-flex\">\n<div class=\"wp-block-column is-vertically-aligned-center is-layout-flow wp-block-column-is-layout-flow\" style=\"flex-basis:80%\">\n<h3 class=\"text-sharp text-uppercase mb-4 mb-md-0 wp-block-heading\">FA\u00c7A SUA BIBLIOTECA DE V\u00cdDEO RENDER<\/h3>\n<\/div>\n\n\n\n<div class=\"wp-block-column is-vertically-aligned-center is-layout-flow wp-block-column-is-layout-flow\" style=\"flex-basis:20%\">\n<div class=\"wp-block-buttons is-layout-flex wp-block-buttons-is-layout-flex\">\n<div class=\"wp-block-button\"><a class=\"wp-block-button__link\" href=\"https:\/\/jellysmack.com\/pt-br\/getintouch\/\">Entre em contato<span class=\"arrows\"><span class=\"js-icon-js-symbol\"><\/span><\/span><span class=\"follower\"><\/span><\/a><\/div>\n<\/div>\n<\/div>\n<\/div>\n<\/div><\/div>\n\n<div class=\"wp-block-group bg-breakout pt-5 pb-0\"><div class=\"wp-block-group__inner-container is-layout-flow wp-block-group-is-layout-flow\">\n<h2 class=\"text-sharp text-uppercase mt-5 wp-block-heading\">Mais motivos <br\/>para dizer \u201csim\u201d<\/h2>\n\n\n\n<div class=\"wp-block-columns pt-5 mt-5 py-lg-5 my-lg-5 break-down-lg is-layout-flex wp-container-core-columns-is-layout-9d6595d7 wp-block-columns-is-layout-flex\">\n<div class=\"wp-block-column is-layout-flow wp-block-column-is-layout-flow\">\n<div class=\"wp-block-columns mb-3 is-layout-flex wp-container-core-columns-is-layout-9d6595d7 wp-block-columns-is-layout-flex\">\n<div class=\"wp-block-column text-center col-2 col-md-3 p-0 is-layout-flow wp-block-column-is-layout-flow\" style=\"flex-basis:33.33%\"><span class=\"js-icon-diversify h1 text-gradient sm-normal\"><\/span>\n<\/div>\n\n\n\n<div class=\"wp-block-column ml-lg-4 col-10 p-lg-0 is-layout-flow wp-block-column-is-layout-flow\" style=\"flex-basis:66.66%\">\n<h4 class=\"nowrap mb-0 wp-block-heading\">DIVERSIFICA\u00c7\u00c3O<\/h4>\n\n\n\n<p class=\"mb-4 d-block d-lg-block has-medium-font-size\">Dissemine sua presen\u00e7a nas m\u00eddias sociais para diversas plataformas.<\/p>\n<\/div>\n<\/div>\n\n\n\n<p class=\"d-none d-lg-none has-medium-font-size\"><meta charset=\"utf-8\"\/>Dissemine sua presen\u00e7a nas m\u00eddias sociais para diversas plataformas.<\/p>\n<\/div>\n\n\n\n<div class=\"wp-block-column is-layout-flow wp-block-column-is-layout-flow\">\n<div class=\"wp-block-columns mb-3 is-layout-flex wp-container-core-columns-is-layout-9d6595d7 wp-block-columns-is-layout-flex\">\n<div class=\"wp-block-column text-center col-2 col-md-3 p-0 is-layout-flow wp-block-column-is-layout-flow\" style=\"flex-basis:33.33%\"><span class=\"js-icon-connection h1 text-gradient sm-normal\"><\/span>\n<\/div>\n\n\n\n<div class=\"wp-block-column ml-lg-4 col-10 p-lg-0 is-layout-flow wp-block-column-is-layout-flow\" style=\"flex-basis:66.66%\">\n<h4 class=\"mb-0 wp-block-heading\">CONEX\u00c3O<\/h4>\n\n\n\n<p class=\"d-block d-lg-block has-medium-font-size\">Descubra novos f\u00e3s e expanda<br\/>sua comunidade.<\/p>\n<\/div>\n<\/div>\n\n\n\n<p class=\"d-none d-lg-none has-medium-font-size\"><meta charset=\"utf-8\"\/>Descubra novos f\u00e3s e expanda sua comunidade.<\/p>\n<\/div>\n\n\n\n<div class=\"wp-block-column is-layout-flow wp-block-column-is-layout-flow\">\n<div class=\"wp-block-columns mb-3 is-layout-flex wp-container-core-columns-is-layout-9d6595d7 wp-block-columns-is-layout-flex\">\n<div class=\"wp-block-column text-center col-2 col-md-3 p-0 is-layout-flow wp-block-column-is-layout-flow\" style=\"flex-basis:33.33%\"><span class=\"js-icon-income h1 text-gradient sm-normal\"><\/span>\n<\/div>\n\n\n\n<div class=\"wp-block-column ml-lg-4 col-10 p-lg-0 is-layout-flow wp-block-column-is-layout-flow\" style=\"flex-basis:66.66%\">\n<h4 class=\"nowrap mb-0 wp-block-heading\">RENDA PASSIVA<\/h4>\n\n\n\n<p class=\"mb-4 d-block d-lg-block has-medium-font-size\">Crie fluxos adicionais de receita com o conte\u00fado que voc\u00ea j\u00e1 tem.<\/p>\n<\/div>\n<\/div>\n\n\n\n<p class=\"d-none d-md-none has-medium-font-size\"><meta charset=\"utf-8\"\/>Crie fluxos adicionais de receita com o conte\u00fado que voc\u00ea j\u00e1 tem.<\/p>\n<\/div>\n<\/div>\n\n\n<div class=\"container mt-5\">\n\t<div class=\"row\">\n\t\t<div class=\"col-12 px-0\">\n\t\t\t<h4 class=\"text-sharp\">MEDIA CONTENT IN ACTION<\/h4>\n\t\t<\/div>\n\t<\/div>\n<\/div>\n<div class=\"container animation\">\n\t<div class=\"row video-row\">\n\t\t\t\t<div class=\"col-12 col-md-4 slide-up-child delay-1 mb-4\">\n\t\t\t<div class=\"card\">\n\t\t\t\t<div class=\"card-header p-0 embed-responsive embed-responsive-1by1\">\n\t\t\t\t<iframe loading=\"lazy\" src=\"https:\/\/www.facebook.com\/plugins\/video.php?height=476&amp;href=https%3A%2F%2Fwww.facebook.com%2FBingeSociety%2Fvideos%2F345750850276433%2F&amp;show_text=false&amp;width=476&amp;t=0\" width=\"476\" height=\"476\" frameborder=\"0\" allowfullscreen=\"true\" allow=\"autoplay; clipboard-write; encrypted-media; picture-in-picture; web-share\" allowFullScreen=\"true\"><\/iframe>\t\t\t\t<\/div>\n\t\t\t\t\t\t\t<\/div>\n\t\t<\/div>\n\t\t\t\t<div class=\"col-12 col-md-4 slide-up-child delay-2 mb-4\">\n\t\t\t<div class=\"card\">\n\t\t\t\t<div class=\"card-header p-0 embed-responsive embed-responsive-1by1\">\n\t\t\t\t<iframe loading=\"lazy\" src=\"https:\/\/www.facebook.com\/plugins\/video.php?height=476&amp;href=https%3A%2F%2Fwww.facebook.com%2FOfficialLaughSociety%2Fvideos%2F176254667963792%2F&amp;show_text=false&amp;width=476&amp;t=0\" width=\"476\" height=\"476\" frameborder=\"0\" allowfullscreen=\"true\" allow=\"autoplay; clipboard-write; encrypted-media; picture-in-picture; web-share\" allowFullScreen=\"true\"><\/iframe>\t\t\t\t<\/div>\n\t\t\t\t\t\t\t<\/div>\n\t\t<\/div>\n\t\t\t\t<div class=\"col-12 col-md-4 slide-up-child delay-3 mb-4\">\n\t\t\t<div class=\"card\">\n\t\t\t\t<div class=\"card-header p-0 embed-responsive embed-responsive-1by1\">\n\t\t\t\t<iframe loading=\"lazy\" src=\"https:\/\/www.facebook.com\/plugins\/video.php?height=476&amp;href=https%3A%2F%2Fwww.facebook.com%2Ffightsource.jellysmack%2Fvideos%2F2970038089928834%2F&amp;show_text=false&amp;width=476&amp;t=0\" width=\"476\" height=\"476\" frameborder=\"0\" allowfullscreen=\"true\" allow=\"autoplay; clipboard-write; encrypted-media; picture-in-picture; web-share\" allowFullScreen=\"true\"><\/iframe>\t\t\t\t<\/div>\n\t\t\t\t\t\t\t<\/div>\n\t\t<\/div>\n\t\t\t<\/div>\n<\/div>\n<\/div><\/div>\n","protected":false},"excerpt":{"rendered":"<p>DUAS FORMAS DE GERAR RESULTADOS Com a nossa exclusiva tecnologia de intelig\u00eancia artificial e dados pr\u00f3prios, ajudamos empresas de m\u00eddia a obter novos f\u00e3s e gerar oportunidades de monetiza\u00e7\u00e3o em todas as plataformas (sem gerar trabalho adicional). LICENCIAMENTO DE CONTE\u00daDO A Jellysmack licencia seu conte\u00fado em v\u00eddeo existente para uso nos nossos canais sociais pr\u00f3prios, [&#8230;]<\/p>\n<p><a class=\"btn btn-secondary havas_understrap-read-more-link\" href=\"https:\/\/jellysmack.com\/pt-br\/para-empresas-de-midia\/\">Leia mais&#8230;<\/a><\/p>\n","protected":false},"author":1,"featured_media":0,"parent":0,"menu_order":0,"comment_status":"closed","ping_status":"closed","template":"","meta":{"footnotes":""},"class_list":["post-2437","page","type-page","status-publish","hentry"],"acf":[],"yoast_head":"<!-- This site is optimized with the Yoast SEO plugin v27.3 - https:\/\/yoast.com\/product\/yoast-seo-wordpress\/ -->\n<title>Empresas de m\u00eddia - Licenciamento e gest\u00e3o de m\u00eddias sociais - Jellysmack<\/title>\n<meta name=\"description\" content=\"Gere mais receita e cres\u00e7a sua base de f\u00e3s com a Jellysmack. Ativamos as m\u00eddias sociais para que a propriedade intelectual em v\u00eddeo da sua empresa alcance novas audi\u00eancias e impulsione crescimento.\" \/>\n<meta name=\"robots\" content=\"index, follow, max-snippet:-1, max-image-preview:large, max-video-preview:-1\" \/>\n<link rel=\"canonical\" href=\"https:\/\/jellysmack.com\/pt-br\/para-empresas-de-midia\/\" \/>\n<meta property=\"og:locale\" content=\"pt_BR\" \/>\n<meta property=\"og:type\" content=\"article\" \/>\n<meta property=\"og:title\" content=\"Empresas de m\u00eddia - Licenciamento e gest\u00e3o de m\u00eddias sociais - Jellysmack\" \/>\n<meta property=\"og:description\" content=\"Gere mais receita e cres\u00e7a sua base de f\u00e3s com a Jellysmack. Ativamos as m\u00eddias sociais para que a propriedade intelectual em v\u00eddeo da sua empresa alcance novas audi\u00eancias e impulsione crescimento.\" \/>\n<meta property=\"og:url\" content=\"https:\/\/jellysmack.com\/pt-br\/para-empresas-de-midia\/\" \/>\n<meta property=\"og:site_name\" content=\"Jellysmack\" \/>\n<meta property=\"article:modified_time\" content=\"2022-05-09T13:34:22+00:00\" \/>\n<meta property=\"og:image\" content=\"https:\/\/jellysmack.com\/wp-content\/uploads\/2023\/07\/Artboard-1-copy-4.png\" \/>\n\t<meta property=\"og:image:width\" content=\"1200\" \/>\n\t<meta property=\"og:image:height\" content=\"630\" \/>\n\t<meta property=\"og:image:type\" content=\"image\/png\" \/>\n<meta name=\"twitter:card\" content=\"summary_large_image\" \/>\n<meta name=\"twitter:label1\" content=\"Est. tempo de leitura\" \/>\n\t<meta name=\"twitter:data1\" content=\"2 minutos\" \/>\n<script type=\"application\/ld+json\" class=\"yoast-schema-graph\">{\"@context\":\"https:\\\/\\\/schema.org\",\"@graph\":[{\"@type\":\"WebPage\",\"@id\":\"https:\\\/\\\/jellysmack.com\\\/pt-br\\\/para-empresas-de-midia\\\/\",\"url\":\"https:\\\/\\\/jellysmack.com\\\/pt-br\\\/para-empresas-de-midia\\\/\",\"name\":\"Empresas de m\u00eddia - Licenciamento e gest\u00e3o de m\u00eddias sociais - Jellysmack\",\"isPartOf\":{\"@id\":\"https:\\\/\\\/jellysmack.com\\\/pt-br\\\/#website\"},\"datePublished\":\"2021-12-22T19:47:40+00:00\",\"dateModified\":\"2022-05-09T13:34:22+00:00\",\"description\":\"Gere mais receita e cres\u00e7a sua base de f\u00e3s com a Jellysmack. Ativamos as m\u00eddias sociais para que a propriedade intelectual em v\u00eddeo da sua empresa alcance novas audi\u00eancias e impulsione crescimento.\",\"breadcrumb\":{\"@id\":\"https:\\\/\\\/jellysmack.com\\\/pt-br\\\/para-empresas-de-midia\\\/#breadcrumb\"},\"inLanguage\":\"pt-BR\",\"potentialAction\":[{\"@type\":\"ReadAction\",\"target\":[\"https:\\\/\\\/jellysmack.com\\\/pt-br\\\/para-empresas-de-midia\\\/\"]}]},{\"@type\":\"BreadcrumbList\",\"@id\":\"https:\\\/\\\/jellysmack.com\\\/pt-br\\\/para-empresas-de-midia\\\/#breadcrumb\",\"itemListElement\":[{\"@type\":\"ListItem\",\"position\":1,\"name\":\"Home\",\"item\":\"https:\\\/\\\/jellysmack.com\\\/pt-br\\\/\"},{\"@type\":\"ListItem\",\"position\":2,\"name\":\"Para empresas de m\u00eddia\"}]},{\"@type\":\"WebSite\",\"@id\":\"https:\\\/\\\/jellysmack.com\\\/pt-br\\\/#website\",\"url\":\"https:\\\/\\\/jellysmack.com\\\/pt-br\\\/\",\"name\":\"Jellysmack\",\"description\":\"The Global Creator Company\",\"publisher\":{\"@id\":\"https:\\\/\\\/jellysmack.com\\\/pt-br\\\/#organization\"},\"potentialAction\":[{\"@type\":\"SearchAction\",\"target\":{\"@type\":\"EntryPoint\",\"urlTemplate\":\"https:\\\/\\\/jellysmack.com\\\/pt-br\\\/?s={search_term_string}\"},\"query-input\":{\"@type\":\"PropertyValueSpecification\",\"valueRequired\":true,\"valueName\":\"search_term_string\"}}],\"inLanguage\":\"pt-BR\"},{\"@type\":\"Organization\",\"@id\":\"https:\\\/\\\/jellysmack.com\\\/pt-br\\\/#organization\",\"name\":\"Jellysmack\",\"url\":\"https:\\\/\\\/jellysmack.com\\\/pt-br\\\/\",\"logo\":{\"@type\":\"ImageObject\",\"inLanguage\":\"pt-BR\",\"@id\":\"https:\\\/\\\/jellysmack.com\\\/pt-br\\\/#\\\/schema\\\/logo\\\/image\\\/\",\"url\":\"https:\\\/\\\/jellysmack.com\\\/wp-content\\\/uploads\\\/2021\\\/12\\\/siteicon.png\",\"contentUrl\":\"https:\\\/\\\/jellysmack.com\\\/wp-content\\\/uploads\\\/2021\\\/12\\\/siteicon.png\",\"width\":512,\"height\":512,\"caption\":\"Jellysmack\"},\"image\":{\"@id\":\"https:\\\/\\\/jellysmack.com\\\/pt-br\\\/#\\\/schema\\\/logo\\\/image\\\/\"}}]}<\/script>\n<!-- \/ Yoast SEO plugin. -->","yoast_head_json":{"title":"Empresas de m\u00eddia - Licenciamento e gest\u00e3o de m\u00eddias sociais - Jellysmack","description":"Gere mais receita e cres\u00e7a sua base de f\u00e3s com a Jellysmack. Ativamos as m\u00eddias sociais para que a propriedade intelectual em v\u00eddeo da sua empresa alcance novas audi\u00eancias e impulsione crescimento.","robots":{"index":"index","follow":"follow","max-snippet":"max-snippet:-1","max-image-preview":"max-image-preview:large","max-video-preview":"max-video-preview:-1"},"canonical":"https:\/\/jellysmack.com\/pt-br\/para-empresas-de-midia\/","og_locale":"pt_BR","og_type":"article","og_title":"Empresas de m\u00eddia - Licenciamento e gest\u00e3o de m\u00eddias sociais - Jellysmack","og_description":"Gere mais receita e cres\u00e7a sua base de f\u00e3s com a Jellysmack. Ativamos as m\u00eddias sociais para que a propriedade intelectual em v\u00eddeo da sua empresa alcance novas audi\u00eancias e impulsione crescimento.","og_url":"https:\/\/jellysmack.com\/pt-br\/para-empresas-de-midia\/","og_site_name":"Jellysmack","article_modified_time":"2022-05-09T13:34:22+00:00","og_image":[{"width":1200,"height":630,"url":"https:\/\/jellysmack.com\/wp-content\/uploads\/2023\/07\/Artboard-1-copy-4.png","type":"image\/png"}],"twitter_card":"summary_large_image","twitter_misc":{"Est. tempo de leitura":"2 minutos"},"schema":{"@context":"https:\/\/schema.org","@graph":[{"@type":"WebPage","@id":"https:\/\/jellysmack.com\/pt-br\/para-empresas-de-midia\/","url":"https:\/\/jellysmack.com\/pt-br\/para-empresas-de-midia\/","name":"Empresas de m\u00eddia - Licenciamento e gest\u00e3o de m\u00eddias sociais - Jellysmack","isPartOf":{"@id":"https:\/\/jellysmack.com\/pt-br\/#website"},"datePublished":"2021-12-22T19:47:40+00:00","dateModified":"2022-05-09T13:34:22+00:00","description":"Gere mais receita e cres\u00e7a sua base de f\u00e3s com a Jellysmack. Ativamos as m\u00eddias sociais para que a propriedade intelectual em v\u00eddeo da sua empresa alcance novas audi\u00eancias e impulsione crescimento.","breadcrumb":{"@id":"https:\/\/jellysmack.com\/pt-br\/para-empresas-de-midia\/#breadcrumb"},"inLanguage":"pt-BR","potentialAction":[{"@type":"ReadAction","target":["https:\/\/jellysmack.com\/pt-br\/para-empresas-de-midia\/"]}]},{"@type":"BreadcrumbList","@id":"https:\/\/jellysmack.com\/pt-br\/para-empresas-de-midia\/#breadcrumb","itemListElement":[{"@type":"ListItem","position":1,"name":"Home","item":"https:\/\/jellysmack.com\/pt-br\/"},{"@type":"ListItem","position":2,"name":"Para empresas de m\u00eddia"}]},{"@type":"WebSite","@id":"https:\/\/jellysmack.com\/pt-br\/#website","url":"https:\/\/jellysmack.com\/pt-br\/","name":"Jellysmack","description":"The Global Creator Company","publisher":{"@id":"https:\/\/jellysmack.com\/pt-br\/#organization"},"potentialAction":[{"@type":"SearchAction","target":{"@type":"EntryPoint","urlTemplate":"https:\/\/jellysmack.com\/pt-br\/?s={search_term_string}"},"query-input":{"@type":"PropertyValueSpecification","valueRequired":true,"valueName":"search_term_string"}}],"inLanguage":"pt-BR"},{"@type":"Organization","@id":"https:\/\/jellysmack.com\/pt-br\/#organization","name":"Jellysmack","url":"https:\/\/jellysmack.com\/pt-br\/","logo":{"@type":"ImageObject","inLanguage":"pt-BR","@id":"https:\/\/jellysmack.com\/pt-br\/#\/schema\/logo\/image\/","url":"https:\/\/jellysmack.com\/wp-content\/uploads\/2021\/12\/siteicon.png","contentUrl":"https:\/\/jellysmack.com\/wp-content\/uploads\/2021\/12\/siteicon.png","width":512,"height":512,"caption":"Jellysmack"},"image":{"@id":"https:\/\/jellysmack.com\/pt-br\/#\/schema\/logo\/image\/"}}]}},"_links":{"self":[{"href":"https:\/\/jellysmack.com\/pt-br\/wp-json\/wp\/v2\/pages\/2437","targetHints":{"allow":["GET"]}}],"collection":[{"href":"https:\/\/jellysmack.com\/pt-br\/wp-json\/wp\/v2\/pages"}],"about":[{"href":"https:\/\/jellysmack.com\/pt-br\/wp-json\/wp\/v2\/types\/page"}],"author":[{"embeddable":true,"href":"https:\/\/jellysmack.com\/pt-br\/wp-json\/wp\/v2\/users\/1"}],"replies":[{"embeddable":true,"href":"https:\/\/jellysmack.com\/pt-br\/wp-json\/wp\/v2\/comments?post=2437"}],"version-history":[{"count":0,"href":"https:\/\/jellysmack.com\/pt-br\/wp-json\/wp\/v2\/pages\/2437\/revisions"}],"wp:attachment":[{"href":"https:\/\/jellysmack.com\/pt-br\/wp-json\/wp\/v2\/media?parent=2437"}],"curies":[{"name":"wp","href":"https:\/\/api.w.org\/{rel}","templated":true}]}}