{"id":2446,"date":"2022-01-04T21:05:51","date_gmt":"2022-01-04T21:05:51","guid":{"rendered":"https:\/\/jellysmack.com\/nossos-escritorios\/"},"modified":"2023-06-28T16:55:30","modified_gmt":"2023-06-28T16:55:30","slug":"nossos-escritorios","status":"publish","type":"page","link":"https:\/\/jellysmack.com\/pt-br\/nossos-escritorios\/","title":{"rendered":"Nossos escrit\u00f3rios"},"content":{"rendered":"\n<div style=\"height:100px\" aria-hidden=\"true\" class=\"wp-block-spacer\"><\/div>\n\n<h1 class=\"wp-block-heading text-sharp\">Nossos <br\/>escrit\u00f3rios<\/h1>\n\n<div style=\"height:100px\" aria-hidden=\"true\" class=\"wp-block-spacer\"><\/div>\n\n<div class=\"wp-block-columns is-layout-flex wp-container-core-columns-is-layout-9d6595d7 wp-block-columns-is-layout-flex\">\n<div class=\"wp-block-column is-layout-flow wp-block-column-is-layout-flow\">\n<h4 class=\"wp-block-heading has-js-green-color has-text-color\">NOVA YORK<\/h4>\n\n\n\n<p class=\"has-medium-font-size\">450 Park Ave South, 3rd Floor, New York, NY 10016, EUA<\/p>\n\n\n\n<h4 class=\"wp-block-heading has-js-green-color has-text-color\">PARIS<\/h4>\n\n\n\n<p class=\"has-medium-font-size\">100 Rue de Villiers, 92300 Levallois-Perret, Fran\u00e7a<\/p>\n<\/div>\n\n\n\n<div class=\"wp-block-column is-layout-flow wp-block-column-is-layout-flow\">\n<h4 class=\"wp-block-heading has-js-green-color has-text-color\">LONDRES <\/h4>\n\n\n\n<p class=\"has-medium-font-size\">7 Cavendish Place, 4th Floor, London W1G 0QB<\/p>\n\n\n\n<h4 class=\"wp-block-heading has-js-green-color has-text-color\">CORTE<\/h4>\n\n\n\n<p class=\"has-medium-font-size\">1 Stretta San Ghjiseppu, 20250 Corte<\/p>\n<\/div>\n<\/div>\n\n<div style=\"height:100px\" aria-hidden=\"true\" class=\"wp-block-spacer\"><\/div>\n\n<h2 class=\"wp-block-heading h1 text-sharp\">INFORMA\u00c7\u00d5ES <br\/>CORPORATIVAS<\/h2>\n\n<div style=\"height:100px\" aria-hidden=\"true\" class=\"wp-block-spacer\"><\/div>\n\n<div class=\"wp-block-columns is-layout-flex wp-container-core-columns-is-layout-9d6595d7 wp-block-columns-is-layout-flex\">\n<div class=\"wp-block-column is-layout-flow wp-block-column-is-layout-flow\">\n<h4 class=\"wp-block-heading has-js-green-color has-text-color\">NOME E ENDERE\u00c7O<\/h4>\n\n\n\n<p class=\"has-medium-font-size\">Keli Network Inc. DBA Jellysmack<br\/>uma empresa registrada em Delaware sob o n\u00famero 59 65 550<br\/>450 Park Ave South, 3rd Floor,<br\/>New York, NY 10016<br\/>Estados Unidos da Am\u00e9rica<\/p>\n<\/div>\n\n\n\n<div class=\"wp-block-column is-layout-flow wp-block-column-is-layout-flow\">\n<h4 class=\"wp-block-heading has-js-green-color has-text-color\">IMPOSTO SOBRE VALOR AGREGADO \u2013<br\/>N\u00daMERO DE IDENTIFICA\u00c7\u00c3O<\/h4>\n\n\n\n<p class=\"has-medium-font-size\">35-2553158<br\/>Representante autorizado<br\/>Michael\u00a0Philippe<\/p>\n<\/div>\n<\/div>\n\n<div class=\"wp-block-columns is-layout-flex wp-container-core-columns-is-layout-9d6595d7 wp-block-columns-is-layout-flex\">\n<div class=\"wp-block-column is-layout-flow wp-block-column-is-layout-flow\">\n<h4 class=\"wp-block-heading has-js-green-color has-text-color\">CONTATO<\/h4>\n\n\n\n<p class=\"has-medium-font-size\">E-mail: <a href=\"mailto:hello@Jellysmack.com\">hello@Jellysmack.com<\/a><\/p>\n<\/div>\n\n\n\n<div class=\"wp-block-column is-layout-flow wp-block-column-is-layout-flow\">\n<h4 class=\"wp-block-heading has-js-green-color has-text-color\">INSCRI\u00c7\u00d5ES REGISTRADAS<\/h4>\n\n\n\n<p class=\"has-medium-font-size\">Empresa registrada em Delaware<\/p>\n<\/div>\n<\/div>\n\n<div style=\"height:100px\" aria-hidden=\"true\" class=\"wp-block-spacer\"><\/div>\n","protected":false},"excerpt":{"rendered":"<p>Nossos escrit\u00f3rios NOVA YORK 450 Park Ave South, 3rd Floor, New York, NY 10016, EUA PARIS 100 Rue de Villiers, 92300 Levallois-Perret, Fran\u00e7a LONDRES 7 Cavendish Place, 4th Floor, London W1G 0QB CORTE 1 Stretta San Ghjiseppu, 20250 Corte INFORMA\u00c7\u00d5ES CORPORATIVAS NOME E ENDERE\u00c7O Keli Network Inc. DBA Jellysmackuma empresa registrada em Delaware sob o [&#8230;]<\/p>\n<p><a class=\"btn btn-secondary havas_understrap-read-more-link\" href=\"https:\/\/jellysmack.com\/pt-br\/nossos-escritorios\/\">Leia mais&#8230;<\/a><\/p>\n","protected":false},"author":1,"featured_media":0,"parent":0,"menu_order":0,"comment_status":"closed","ping_status":"closed","template":"","meta":{"footnotes":""},"class_list":["post-2446","page","type-page","status-publish","hentry"],"acf":[],"yoast_head":"<!-- This site is optimized with the Yoast SEO plugin v27.4 - https:\/\/yoast.com\/product\/yoast-seo-wordpress\/ -->\n<title>Nossos escrit\u00f3rios - Jellysmack<\/title>\n<meta name=\"robots\" content=\"index, follow, max-snippet:-1, max-image-preview:large, max-video-preview:-1\" \/>\n<link rel=\"canonical\" href=\"https:\/\/jellysmack.com\/pt-br\/nossos-escritorios\/\" \/>\n<meta property=\"og:locale\" content=\"pt_BR\" \/>\n<meta property=\"og:type\" content=\"article\" \/>\n<meta property=\"og:title\" content=\"Nossos escrit\u00f3rios - Jellysmack\" \/>\n<meta property=\"og:description\" content=\"Nossos escrit\u00f3rios NOVA YORK 450 Park Ave South, 3rd Floor, New York, NY 10016, EUA PARIS 100 Rue de Villiers, 92300 Levallois-Perret, Fran\u00e7a LONDRES 7 Cavendish Place, 4th Floor, London W1G 0QB CORTE 1 Stretta San Ghjiseppu, 20250 Corte INFORMA\u00c7\u00d5ES CORPORATIVAS NOME E ENDERE\u00c7O Keli Network Inc. DBA Jellysmackuma empresa registrada em Delaware sob o [...]Leia mais...\" \/>\n<meta property=\"og:url\" content=\"https:\/\/jellysmack.com\/pt-br\/nossos-escritorios\/\" \/>\n<meta property=\"og:site_name\" content=\"Jellysmack\" \/>\n<meta property=\"article:modified_time\" content=\"2023-06-28T16:55:30+00:00\" \/>\n<meta property=\"og:image\" content=\"https:\/\/jellysmack.com\/wp-content\/uploads\/2023\/07\/Artboard-1-copy-4.png\" \/>\n\t<meta property=\"og:image:width\" content=\"1200\" \/>\n\t<meta property=\"og:image:height\" content=\"630\" \/>\n\t<meta property=\"og:image:type\" content=\"image\/png\" \/>\n<meta name=\"twitter:card\" content=\"summary_large_image\" \/>\n<script type=\"application\/ld+json\" class=\"yoast-schema-graph\">{\"@context\":\"https:\\\/\\\/schema.org\",\"@graph\":[{\"@type\":\"WebPage\",\"@id\":\"https:\\\/\\\/jellysmack.com\\\/pt-br\\\/nossos-escritorios\\\/\",\"url\":\"https:\\\/\\\/jellysmack.com\\\/pt-br\\\/nossos-escritorios\\\/\",\"name\":\"Nossos escrit\u00f3rios - Jellysmack\",\"isPartOf\":{\"@id\":\"https:\\\/\\\/jellysmack.com\\\/pt-br\\\/#website\"},\"datePublished\":\"2022-01-04T21:05:51+00:00\",\"dateModified\":\"2023-06-28T16:55:30+00:00\",\"breadcrumb\":{\"@id\":\"https:\\\/\\\/jellysmack.com\\\/pt-br\\\/nossos-escritorios\\\/#breadcrumb\"},\"inLanguage\":\"pt-BR\",\"potentialAction\":[{\"@type\":\"ReadAction\",\"target\":[\"https:\\\/\\\/jellysmack.com\\\/pt-br\\\/nossos-escritorios\\\/\"]}]},{\"@type\":\"BreadcrumbList\",\"@id\":\"https:\\\/\\\/jellysmack.com\\\/pt-br\\\/nossos-escritorios\\\/#breadcrumb\",\"itemListElement\":[{\"@type\":\"ListItem\",\"position\":1,\"name\":\"Home\",\"item\":\"https:\\\/\\\/jellysmack.com\\\/pt-br\\\/\"},{\"@type\":\"ListItem\",\"position\":2,\"name\":\"Nossos escrit\u00f3rios\"}]},{\"@type\":\"WebSite\",\"@id\":\"https:\\\/\\\/jellysmack.com\\\/pt-br\\\/#website\",\"url\":\"https:\\\/\\\/jellysmack.com\\\/pt-br\\\/\",\"name\":\"Jellysmack\",\"description\":\"The Global Creator Company\",\"publisher\":{\"@id\":\"https:\\\/\\\/jellysmack.com\\\/pt-br\\\/#organization\"},\"potentialAction\":[{\"@type\":\"SearchAction\",\"target\":{\"@type\":\"EntryPoint\",\"urlTemplate\":\"https:\\\/\\\/jellysmack.com\\\/pt-br\\\/?s={search_term_string}\"},\"query-input\":{\"@type\":\"PropertyValueSpecification\",\"valueRequired\":true,\"valueName\":\"search_term_string\"}}],\"inLanguage\":\"pt-BR\"},{\"@type\":\"Organization\",\"@id\":\"https:\\\/\\\/jellysmack.com\\\/pt-br\\\/#organization\",\"name\":\"Jellysmack\",\"url\":\"https:\\\/\\\/jellysmack.com\\\/pt-br\\\/\",\"logo\":{\"@type\":\"ImageObject\",\"inLanguage\":\"pt-BR\",\"@id\":\"https:\\\/\\\/jellysmack.com\\\/pt-br\\\/#\\\/schema\\\/logo\\\/image\\\/\",\"url\":\"https:\\\/\\\/jellysmack.com\\\/wp-content\\\/uploads\\\/2021\\\/12\\\/siteicon.png\",\"contentUrl\":\"https:\\\/\\\/jellysmack.com\\\/wp-content\\\/uploads\\\/2021\\\/12\\\/siteicon.png\",\"width\":512,\"height\":512,\"caption\":\"Jellysmack\"},\"image\":{\"@id\":\"https:\\\/\\\/jellysmack.com\\\/pt-br\\\/#\\\/schema\\\/logo\\\/image\\\/\"}}]}<\/script>\n<!-- \/ Yoast SEO plugin. -->","yoast_head_json":{"title":"Nossos escrit\u00f3rios - Jellysmack","robots":{"index":"index","follow":"follow","max-snippet":"max-snippet:-1","max-image-preview":"max-image-preview:large","max-video-preview":"max-video-preview:-1"},"canonical":"https:\/\/jellysmack.com\/pt-br\/nossos-escritorios\/","og_locale":"pt_BR","og_type":"article","og_title":"Nossos escrit\u00f3rios - Jellysmack","og_description":"Nossos escrit\u00f3rios NOVA YORK 450 Park Ave South, 3rd Floor, New York, NY 10016, EUA PARIS 100 Rue de Villiers, 92300 Levallois-Perret, Fran\u00e7a LONDRES 7 Cavendish Place, 4th Floor, London W1G 0QB CORTE 1 Stretta San Ghjiseppu, 20250 Corte INFORMA\u00c7\u00d5ES CORPORATIVAS NOME E ENDERE\u00c7O Keli Network Inc. DBA Jellysmackuma empresa registrada em Delaware sob o [...]Leia mais...","og_url":"https:\/\/jellysmack.com\/pt-br\/nossos-escritorios\/","og_site_name":"Jellysmack","article_modified_time":"2023-06-28T16:55:30+00:00","og_image":[{"width":1200,"height":630,"url":"https:\/\/jellysmack.com\/wp-content\/uploads\/2023\/07\/Artboard-1-copy-4.png","type":"image\/png"}],"twitter_card":"summary_large_image","schema":{"@context":"https:\/\/schema.org","@graph":[{"@type":"WebPage","@id":"https:\/\/jellysmack.com\/pt-br\/nossos-escritorios\/","url":"https:\/\/jellysmack.com\/pt-br\/nossos-escritorios\/","name":"Nossos escrit\u00f3rios - Jellysmack","isPartOf":{"@id":"https:\/\/jellysmack.com\/pt-br\/#website"},"datePublished":"2022-01-04T21:05:51+00:00","dateModified":"2023-06-28T16:55:30+00:00","breadcrumb":{"@id":"https:\/\/jellysmack.com\/pt-br\/nossos-escritorios\/#breadcrumb"},"inLanguage":"pt-BR","potentialAction":[{"@type":"ReadAction","target":["https:\/\/jellysmack.com\/pt-br\/nossos-escritorios\/"]}]},{"@type":"BreadcrumbList","@id":"https:\/\/jellysmack.com\/pt-br\/nossos-escritorios\/#breadcrumb","itemListElement":[{"@type":"ListItem","position":1,"name":"Home","item":"https:\/\/jellysmack.com\/pt-br\/"},{"@type":"ListItem","position":2,"name":"Nossos escrit\u00f3rios"}]},{"@type":"WebSite","@id":"https:\/\/jellysmack.com\/pt-br\/#website","url":"https:\/\/jellysmack.com\/pt-br\/","name":"Jellysmack","description":"The Global Creator Company","publisher":{"@id":"https:\/\/jellysmack.com\/pt-br\/#organization"},"potentialAction":[{"@type":"SearchAction","target":{"@type":"EntryPoint","urlTemplate":"https:\/\/jellysmack.com\/pt-br\/?s={search_term_string}"},"query-input":{"@type":"PropertyValueSpecification","valueRequired":true,"valueName":"search_term_string"}}],"inLanguage":"pt-BR"},{"@type":"Organization","@id":"https:\/\/jellysmack.com\/pt-br\/#organization","name":"Jellysmack","url":"https:\/\/jellysmack.com\/pt-br\/","logo":{"@type":"ImageObject","inLanguage":"pt-BR","@id":"https:\/\/jellysmack.com\/pt-br\/#\/schema\/logo\/image\/","url":"https:\/\/jellysmack.com\/wp-content\/uploads\/2021\/12\/siteicon.png","contentUrl":"https:\/\/jellysmack.com\/wp-content\/uploads\/2021\/12\/siteicon.png","width":512,"height":512,"caption":"Jellysmack"},"image":{"@id":"https:\/\/jellysmack.com\/pt-br\/#\/schema\/logo\/image\/"}}]}},"_links":{"self":[{"href":"https:\/\/jellysmack.com\/pt-br\/wp-json\/wp\/v2\/pages\/2446","targetHints":{"allow":["GET"]}}],"collection":[{"href":"https:\/\/jellysmack.com\/pt-br\/wp-json\/wp\/v2\/pages"}],"about":[{"href":"https:\/\/jellysmack.com\/pt-br\/wp-json\/wp\/v2\/types\/page"}],"author":[{"embeddable":true,"href":"https:\/\/jellysmack.com\/pt-br\/wp-json\/wp\/v2\/users\/1"}],"replies":[{"embeddable":true,"href":"https:\/\/jellysmack.com\/pt-br\/wp-json\/wp\/v2\/comments?post=2446"}],"version-history":[{"count":0,"href":"https:\/\/jellysmack.com\/pt-br\/wp-json\/wp\/v2\/pages\/2446\/revisions"}],"wp:attachment":[{"href":"https:\/\/jellysmack.com\/pt-br\/wp-json\/wp\/v2\/media?parent=2446"}],"curies":[{"name":"wp","href":"https:\/\/api.w.org\/{rel}","templated":true}]}}