{"id":3990,"date":"2022-04-25T19:37:42","date_gmt":"2022-04-25T19:37:42","guid":{"rendered":"https:\/\/jellysmack.com\/acessibilidade\/"},"modified":"2022-06-28T18:48:39","modified_gmt":"2022-06-28T18:48:39","slug":"acessibilidade","status":"publish","type":"page","link":"https:\/\/jellysmack.com\/pt-br\/acessibilidade\/","title":{"rendered":"Acessibilidade"},"content":{"rendered":"\n<div style=\"height:100px\" aria-hidden=\"true\" class=\"wp-block-spacer\"><\/div>\n\n<h1 class=\"text-sharp h2 fix-h2 wp-block-heading\">DECLARA\u00c7\u00c3O DE ACESSIBILIDADE<\/h1>\n\n<div style=\"height:100px\" aria-hidden=\"true\" class=\"wp-block-spacer\"><\/div>\n\n<div class=\"wp-block-columns is-layout-flex wp-container-core-columns-is-layout-9d6595d7 wp-block-columns-is-layout-flex\">\n<div class=\"wp-block-column is-layout-flow wp-block-column-is-layout-flow\" style=\"flex-basis:66.66%\">\n<p class=\"has-medium-font-size\">A Jellysmack est\u00e1 comprometida em tornar o conte\u00fado do nosso site acess\u00edvel e mais f\u00e1cil de usar para todos. Se voc\u00ea tiver dificuldade para visualizar ou navegar no conte\u00fado deste site, ou perceber qualquer conte\u00fado, recurso ou funcionalidade que acredite n\u00e3o estar totalmente acess\u00edvel a pessoas com defici\u00eancias, envie um e-mail para nossa equipe em <a href=\"mailto:accessibility@jellysmack.com\">accessibility@jellysmack.com<\/a> com \u201cAcesso para deficientes\u201d na linha de assunto e forne\u00e7a uma descri\u00e7\u00e3o do recurso espec\u00edfico que voc\u00ea acredita n\u00e3o estar totalmente acess\u00edvel ou uma sugest\u00e3o de melhoria. Levamos seu feedback a s\u00e9rio e vamos consider\u00e1-lo ao avaliar maneiras de acomodar todos os nossos clientes e nossas pol\u00edticas globais de acessibilidade. Al\u00e9m disso, embora n\u00e3o tenhamos total controle, encorajamos os fornecedores de conte\u00fado digital de terceiros a oferecer conte\u00fado acess\u00edvel e amig\u00e1vel ao usu\u00e1rio.<\/p>\n<\/div>\n\n\n\n<div class=\"wp-block-column is-layout-flow wp-block-column-is-layout-flow\" style=\"flex-basis:33.33%\"><\/div>\n<\/div>\n","protected":false},"excerpt":{"rendered":"<p>DECLARA\u00c7\u00c3O DE ACESSIBILIDADE A Jellysmack est\u00e1 comprometida em tornar o conte\u00fado do nosso site acess\u00edvel e mais f\u00e1cil de usar para todos. Se voc\u00ea tiver dificuldade para visualizar ou navegar no conte\u00fado deste site, ou perceber qualquer conte\u00fado, recurso ou funcionalidade que acredite n\u00e3o estar totalmente acess\u00edvel a pessoas com defici\u00eancias, envie um e-mail para [&#8230;]<\/p>\n<p><a class=\"btn btn-secondary havas_understrap-read-more-link\" href=\"https:\/\/jellysmack.com\/pt-br\/acessibilidade\/\">Leia mais&#8230;<\/a><\/p>\n","protected":false},"author":1,"featured_media":0,"parent":0,"menu_order":0,"comment_status":"closed","ping_status":"closed","template":"","meta":{"footnotes":""},"class_list":["post-3990","page","type-page","status-publish","hentry"],"acf":[],"yoast_head":"<!-- This site is optimized with the Yoast SEO plugin v27.3 - https:\/\/yoast.com\/product\/yoast-seo-wordpress\/ -->\n<title>Acessibilidade - Jellysmack<\/title>\n<meta name=\"robots\" content=\"index, follow, max-snippet:-1, max-image-preview:large, max-video-preview:-1\" \/>\n<link rel=\"canonical\" href=\"https:\/\/jellysmack.com\/pt-br\/acessibilidade\/\" \/>\n<meta property=\"og:locale\" content=\"pt_BR\" \/>\n<meta property=\"og:type\" content=\"article\" \/>\n<meta property=\"og:title\" content=\"Acessibilidade - Jellysmack\" \/>\n<meta property=\"og:description\" content=\"DECLARA\u00c7\u00c3O DE ACESSIBILIDADE A Jellysmack est\u00e1 comprometida em tornar o conte\u00fado do nosso site acess\u00edvel e mais f\u00e1cil de usar para todos. Se voc\u00ea tiver dificuldade para visualizar ou navegar no conte\u00fado deste site, ou perceber qualquer conte\u00fado, recurso ou funcionalidade que acredite n\u00e3o estar totalmente acess\u00edvel a pessoas com defici\u00eancias, envie um e-mail para [...]Leia mais...\" \/>\n<meta property=\"og:url\" content=\"https:\/\/jellysmack.com\/pt-br\/acessibilidade\/\" \/>\n<meta property=\"og:site_name\" content=\"Jellysmack\" \/>\n<meta property=\"article:modified_time\" content=\"2022-06-28T18:48:39+00:00\" \/>\n<meta property=\"og:image\" content=\"https:\/\/jellysmack.com\/wp-content\/uploads\/2023\/07\/Artboard-1-copy-4.png\" \/>\n\t<meta property=\"og:image:width\" content=\"1200\" \/>\n\t<meta property=\"og:image:height\" content=\"630\" \/>\n\t<meta property=\"og:image:type\" content=\"image\/png\" \/>\n<meta name=\"twitter:card\" content=\"summary_large_image\" \/>\n<meta name=\"twitter:label1\" content=\"Est. tempo de leitura\" \/>\n\t<meta name=\"twitter:data1\" content=\"1 minuto\" \/>\n<script type=\"application\/ld+json\" class=\"yoast-schema-graph\">{\"@context\":\"https:\\\/\\\/schema.org\",\"@graph\":[{\"@type\":\"WebPage\",\"@id\":\"https:\\\/\\\/jellysmack.com\\\/pt-br\\\/acessibilidade\\\/\",\"url\":\"https:\\\/\\\/jellysmack.com\\\/pt-br\\\/acessibilidade\\\/\",\"name\":\"Acessibilidade - Jellysmack\",\"isPartOf\":{\"@id\":\"https:\\\/\\\/jellysmack.com\\\/pt-br\\\/#website\"},\"datePublished\":\"2022-04-25T19:37:42+00:00\",\"dateModified\":\"2022-06-28T18:48:39+00:00\",\"breadcrumb\":{\"@id\":\"https:\\\/\\\/jellysmack.com\\\/pt-br\\\/acessibilidade\\\/#breadcrumb\"},\"inLanguage\":\"pt-BR\",\"potentialAction\":[{\"@type\":\"ReadAction\",\"target\":[\"https:\\\/\\\/jellysmack.com\\\/pt-br\\\/acessibilidade\\\/\"]}]},{\"@type\":\"BreadcrumbList\",\"@id\":\"https:\\\/\\\/jellysmack.com\\\/pt-br\\\/acessibilidade\\\/#breadcrumb\",\"itemListElement\":[{\"@type\":\"ListItem\",\"position\":1,\"name\":\"Home\",\"item\":\"https:\\\/\\\/jellysmack.com\\\/pt-br\\\/\"},{\"@type\":\"ListItem\",\"position\":2,\"name\":\"Acessibilidade\"}]},{\"@type\":\"WebSite\",\"@id\":\"https:\\\/\\\/jellysmack.com\\\/pt-br\\\/#website\",\"url\":\"https:\\\/\\\/jellysmack.com\\\/pt-br\\\/\",\"name\":\"Jellysmack\",\"description\":\"The Global Creator Company\",\"publisher\":{\"@id\":\"https:\\\/\\\/jellysmack.com\\\/pt-br\\\/#organization\"},\"potentialAction\":[{\"@type\":\"SearchAction\",\"target\":{\"@type\":\"EntryPoint\",\"urlTemplate\":\"https:\\\/\\\/jellysmack.com\\\/pt-br\\\/?s={search_term_string}\"},\"query-input\":{\"@type\":\"PropertyValueSpecification\",\"valueRequired\":true,\"valueName\":\"search_term_string\"}}],\"inLanguage\":\"pt-BR\"},{\"@type\":\"Organization\",\"@id\":\"https:\\\/\\\/jellysmack.com\\\/pt-br\\\/#organization\",\"name\":\"Jellysmack\",\"url\":\"https:\\\/\\\/jellysmack.com\\\/pt-br\\\/\",\"logo\":{\"@type\":\"ImageObject\",\"inLanguage\":\"pt-BR\",\"@id\":\"https:\\\/\\\/jellysmack.com\\\/pt-br\\\/#\\\/schema\\\/logo\\\/image\\\/\",\"url\":\"https:\\\/\\\/jellysmack.com\\\/wp-content\\\/uploads\\\/2021\\\/12\\\/siteicon.png\",\"contentUrl\":\"https:\\\/\\\/jellysmack.com\\\/wp-content\\\/uploads\\\/2021\\\/12\\\/siteicon.png\",\"width\":512,\"height\":512,\"caption\":\"Jellysmack\"},\"image\":{\"@id\":\"https:\\\/\\\/jellysmack.com\\\/pt-br\\\/#\\\/schema\\\/logo\\\/image\\\/\"}}]}<\/script>\n<!-- \/ Yoast SEO plugin. -->","yoast_head_json":{"title":"Acessibilidade - Jellysmack","robots":{"index":"index","follow":"follow","max-snippet":"max-snippet:-1","max-image-preview":"max-image-preview:large","max-video-preview":"max-video-preview:-1"},"canonical":"https:\/\/jellysmack.com\/pt-br\/acessibilidade\/","og_locale":"pt_BR","og_type":"article","og_title":"Acessibilidade - Jellysmack","og_description":"DECLARA\u00c7\u00c3O DE ACESSIBILIDADE A Jellysmack est\u00e1 comprometida em tornar o conte\u00fado do nosso site acess\u00edvel e mais f\u00e1cil de usar para todos. Se voc\u00ea tiver dificuldade para visualizar ou navegar no conte\u00fado deste site, ou perceber qualquer conte\u00fado, recurso ou funcionalidade que acredite n\u00e3o estar totalmente acess\u00edvel a pessoas com defici\u00eancias, envie um e-mail para [...]Leia mais...","og_url":"https:\/\/jellysmack.com\/pt-br\/acessibilidade\/","og_site_name":"Jellysmack","article_modified_time":"2022-06-28T18:48:39+00:00","og_image":[{"width":1200,"height":630,"url":"https:\/\/jellysmack.com\/wp-content\/uploads\/2023\/07\/Artboard-1-copy-4.png","type":"image\/png"}],"twitter_card":"summary_large_image","twitter_misc":{"Est. tempo de leitura":"1 minuto"},"schema":{"@context":"https:\/\/schema.org","@graph":[{"@type":"WebPage","@id":"https:\/\/jellysmack.com\/pt-br\/acessibilidade\/","url":"https:\/\/jellysmack.com\/pt-br\/acessibilidade\/","name":"Acessibilidade - Jellysmack","isPartOf":{"@id":"https:\/\/jellysmack.com\/pt-br\/#website"},"datePublished":"2022-04-25T19:37:42+00:00","dateModified":"2022-06-28T18:48:39+00:00","breadcrumb":{"@id":"https:\/\/jellysmack.com\/pt-br\/acessibilidade\/#breadcrumb"},"inLanguage":"pt-BR","potentialAction":[{"@type":"ReadAction","target":["https:\/\/jellysmack.com\/pt-br\/acessibilidade\/"]}]},{"@type":"BreadcrumbList","@id":"https:\/\/jellysmack.com\/pt-br\/acessibilidade\/#breadcrumb","itemListElement":[{"@type":"ListItem","position":1,"name":"Home","item":"https:\/\/jellysmack.com\/pt-br\/"},{"@type":"ListItem","position":2,"name":"Acessibilidade"}]},{"@type":"WebSite","@id":"https:\/\/jellysmack.com\/pt-br\/#website","url":"https:\/\/jellysmack.com\/pt-br\/","name":"Jellysmack","description":"The Global Creator Company","publisher":{"@id":"https:\/\/jellysmack.com\/pt-br\/#organization"},"potentialAction":[{"@type":"SearchAction","target":{"@type":"EntryPoint","urlTemplate":"https:\/\/jellysmack.com\/pt-br\/?s={search_term_string}"},"query-input":{"@type":"PropertyValueSpecification","valueRequired":true,"valueName":"search_term_string"}}],"inLanguage":"pt-BR"},{"@type":"Organization","@id":"https:\/\/jellysmack.com\/pt-br\/#organization","name":"Jellysmack","url":"https:\/\/jellysmack.com\/pt-br\/","logo":{"@type":"ImageObject","inLanguage":"pt-BR","@id":"https:\/\/jellysmack.com\/pt-br\/#\/schema\/logo\/image\/","url":"https:\/\/jellysmack.com\/wp-content\/uploads\/2021\/12\/siteicon.png","contentUrl":"https:\/\/jellysmack.com\/wp-content\/uploads\/2021\/12\/siteicon.png","width":512,"height":512,"caption":"Jellysmack"},"image":{"@id":"https:\/\/jellysmack.com\/pt-br\/#\/schema\/logo\/image\/"}}]}},"_links":{"self":[{"href":"https:\/\/jellysmack.com\/pt-br\/wp-json\/wp\/v2\/pages\/3990","targetHints":{"allow":["GET"]}}],"collection":[{"href":"https:\/\/jellysmack.com\/pt-br\/wp-json\/wp\/v2\/pages"}],"about":[{"href":"https:\/\/jellysmack.com\/pt-br\/wp-json\/wp\/v2\/types\/page"}],"author":[{"embeddable":true,"href":"https:\/\/jellysmack.com\/pt-br\/wp-json\/wp\/v2\/users\/1"}],"replies":[{"embeddable":true,"href":"https:\/\/jellysmack.com\/pt-br\/wp-json\/wp\/v2\/comments?post=3990"}],"version-history":[{"count":0,"href":"https:\/\/jellysmack.com\/pt-br\/wp-json\/wp\/v2\/pages\/3990\/revisions"}],"wp:attachment":[{"href":"https:\/\/jellysmack.com\/pt-br\/wp-json\/wp\/v2\/media?parent=3990"}],"curies":[{"name":"wp","href":"https:\/\/api.w.org\/{rel}","templated":true}]}}