{"id":4567,"date":"2022-08-18T19:00:26","date_gmt":"2022-08-18T19:00:26","guid":{"rendered":"https:\/\/jellysmack.com\/?page_id=4567"},"modified":"2022-09-29T16:00:37","modified_gmt":"2022-09-29T16:00:37","slug":"jellyfi","status":"publish","type":"page","link":"https:\/\/jellysmack.com\/pt-br\/jellyfi\/","title":{"rendered":"JellyFi"},"content":{"rendered":"\n<div class=\"wp-block-cover hero-cover\"><span aria-hidden=\"true\" class=\"wp-block-cover__background has-background-dim-60 has-background-dim\"><\/span><video class=\"wp-block-cover__video-background intrinsic-ignore\" autoplay muted loop playsinline src=\"https:\/\/jellysmack.com\/wp-content\/uploads\/2022\/08\/Jelly-intro-web-V03.mp4\" data-object-fit=\"cover\"><\/video><div class=\"wp-block-cover__inner-container is-layout-flow wp-block-cover-is-layout-flow\">\n<div class=\"wp-block-group bg-breakout container pt-0\"><div class=\"wp-block-group__inner-container is-layout-flow wp-block-group-is-layout-flow\">\n<h2 class=\"text-sharp has-js-white-color has-text-color wp-block-heading\">CONHE\u00c7A O JELLYFI<br>FINANCIAMENTO PARA VOC\u00ca:<\/h2>\n\n\n\n<h2 class=\"havas-hero-titles havas-animate-sentence text-sharp\">\t\n\t<div class=\"typed text-gradient\">\n\t<\/div>\n<\/h2>\n\n<script>\njQuery.getScript(\n\t  \"https:\/\/cdnjs.cloudflare.com\/ajax\/libs\/typed.js\/1.1.7\/typed.min.js\",\n\t  function () {\n\t\tjQuery(\".typed\").typed({\n\t\t  strings: [\n\t\t\t\t\t\t\t\"TESTAR NOVAS IDEIAS\",\n\t\t\t\t\t\t\t\"CONTRATAR PESSOAS TALENTOSAS\",\n\t\t\t\t\t\t\t\"MONTAR UM EST\u00daDIO\",\n\t\t\t\t\t\t\t\"LAN\u00c7AR PRODUTOS\",\n\t\t\t\t\t\t\t\"APOSTAR EM VOC\u00ca MESMO\",\n\t\t\t\t\t  ],\n\t\t  typeSpeed: 40,\n\t\t  backSpeed: 20,\n\t\t  backDelay: 1600,\n\t\t  showCursor: !1,\n\t\t  loop: !0,\n\t\t});\n\t  }\n\t);\n<\/script>\n\n\n\n<p class=\"has-medium-font-size\">Conhe\u00e7a a import\u00e2ncia da sua biblioteca de v\u00eddeo e tenha acesso ao capital necess\u00e1rio para voc\u00ea crescer ainda mais.<\/p>\n\n\n\n<div class=\"wp-block-buttons is-layout-flex wp-block-buttons-is-layout-flex\">\n<div class=\"wp-block-button cta-top\"><a class=\"wp-block-button__link\" href=\"https:\/\/app.catalog.jellysmack.com\/pt-BR?utm_source=https%3A%2F%2Fjellysmack.com%2Fpt-br%2Fjellyfi%2F&amp;utm_medium=Referral&amp;utm_campaign=JellyFi_CTA_PT\"> COMECE<span class=\"arrows\"><span class=\"js-icon-js-symbol\"><\/span><\/span><span class=\"follower\"><\/span><\/a><\/div>\n<\/div>\n<\/div><\/div>\n<\/div><\/div>\n\n\n\n<div class=\"wp-block-cover is-light bg-gradient mb-0 animation\"><span aria-hidden=\"true\" class=\"wp-block-cover__background has-background-dim-100 has-background-dim has-background-gradient has-bg-gradient-gradient-background\"><\/span><div class=\"wp-block-cover__inner-container is-layout-flow wp-block-cover-is-layout-flow\">\n<div class=\"wp-block-group slide-up-child\"><div class=\"wp-block-group__inner-container is-layout-flow wp-block-group-is-layout-flow\">\n<h2 class=\"has-text-align-center text-sharp mb-4 has-black-color has-text-color wp-block-heading\">O QUE VOC\u00ca PODE FAZER <br> COM MAIS RECURSOS?<\/h2>\n\n\n\n<p class=\"has-text-align-center mb-0 no-br has-black-color has-text-color has-medium-font-size\">Nossas solu\u00e7\u00f5es financeiras para criadores de conte\u00fado s\u00e3o customizadas de acordo com as suas metas.<\/p>\n<\/div><\/div>\n\n\n\n<p><\/p>\n<\/div><\/div>\n\n\n\n<div class=\"wp-block-group bg-breakout pt-5 pb-0\"><div class=\"wp-block-group__inner-container is-layout-flow wp-block-group-is-layout-flow\">\n<h2 class=\"text-sharp text-uppercase text-gradient mt-5 wp-block-heading\">COMO FUNCIONA<\/h2>\n\n\n\n<div class=\"wp-block-columns pt-5 mt-5 py-lg-5 my-lg-5 break-down-lg catalog-licence-process-columns is-layout-flex wp-container-core-columns-is-layout-9d6595d7 wp-block-columns-is-layout-flex\">\n<div class=\"wp-block-column is-layout-flow wp-block-column-is-layout-flow\">\n<h4 class=\"wp-block-heading\">PAREIE O SEU CANAL<\/h4>\n\n\n\n<p class=\"has-medium-font-size\">Ao dar acesso \u201csomente leitura\u201d ao seu canal no YouTube, nosso algoritmo pode analisar o desempenho dos seus v\u00eddeos, calcular o valor deles e fazer estimativas de ganhos futuros.<\/p>\n<\/div>\n\n\n\n<div class=\"wp-block-column is-layout-flow wp-block-column-is-layout-flow\">\n<h4 class=\"wp-block-heading\">ADICIONE O SEU E-MAIL<\/h4>\n\n\n\n<p class=\"has-medium-font-size\">Insira suas informa\u00e7\u00f5es de contato para que possamos falar com voc\u00ea.<\/p>\n<\/div>\n\n\n\n<div class=\"wp-block-column is-layout-flow wp-block-column-is-layout-flow\">\n<h4 class=\"wp-block-heading\">CONHE\u00c7A AS SUAS OP\u00c7\u00d5ES<\/h4>\n\n\n\n<p class=\"has-medium-font-size\">Cada criador de conte\u00fado tem diferentes metas e necessidades. Reservaremos um tempo para rever suas op\u00e7\u00f5es e encontrar a melhor solu\u00e7\u00e3o para voc\u00ea.<\/p>\n<\/div>\n<\/div>\n<\/div><\/div>\n\n\n\n<div class=\"wp-block-group bg-white text-dark bg-breakout py-4\"><div class=\"wp-block-group__inner-container is-layout-flow wp-block-group-is-layout-flow\">\n<div class=\"wp-block-columns are-vertically-aligned-center mb-0 is-layout-flex wp-container-core-columns-is-layout-9d6595d7 wp-block-columns-is-layout-flex\">\n<div class=\"wp-block-column is-vertically-aligned-center is-layout-flow wp-block-column-is-layout-flow\" style=\"flex-basis:80%\">\n<h3 class=\"text-sharp text-uppercase mb-4 mb-md-0 wp-block-heading\">QUER SABER MAIS?<\/h3>\n<\/div>\n\n\n\n<div class=\"wp-block-column is-vertically-aligned-center is-layout-flow wp-block-column-is-layout-flow\" style=\"flex-basis:20%\">\n<div class=\"wp-block-buttons is-layout-flex wp-block-buttons-is-layout-flex\">\n<div class=\"wp-block-button jelly-icon is-style-outline is-style-outline--1\"><a class=\"wp-block-button__link\" href=\"https:\/\/jellysmack.com\/pt-br\/perguntas-frequentes\/\"> Perguntas frequentes<span class=\"arrows\"><span class=\"js-icon-js-symbol\"><\/span><\/span><span class=\"follower\"><\/span><\/a><\/div>\n<\/div>\n<\/div>\n<\/div>\n<\/div><\/div>\n\n\n\n<div class=\"wp-block-group bg-breakout bg-jelly-top-right pt-5 pb-0\"><div class=\"wp-block-group__inner-container is-layout-flow wp-block-group-is-layout-flow\">\n<h2 class=\"text-sharp text-uppercase mt-5 fix-h2 mb-0 wp-block-heading\">N\u00d3S ACREDITAMOS NOS CRIADORES. <\/h2>\n\n\n\n<h2 class=\"text-sharp text-uppercase text-gradient fix-h2 wp-block-heading\">N\u00d3S INVESTIMOS NOS CRIADORES.<\/h2>\n\n\n\n<div class=\"wp-block-columns pt-5 mt-5 break-down-lg mb-0 mb-md-4 is-layout-flex wp-container-core-columns-is-layout-9d6595d7 wp-block-columns-is-layout-flex\">\n<div class=\"wp-block-column is-layout-flow wp-block-column-is-layout-flow\"><span class=\"js-icon-graph h1 text-gradient sm-normal d-inline-block mb-4\"><\/span>\n\n\n\n<h4 class=\"nowrap mb-3 mt-3 wp-block-heading\">RECURSOS FLEX\u00cdVEIS<\/h4>\n\n\n\n<p class=\"mt-3 mb-4 d-block d-lg-block has-medium-font-size\">Use os fundos para atingir os seus objetivos<\/p>\n<\/div>\n\n\n\n<div class=\"wp-block-column mt-4 mt-md-0 is-layout-flow wp-block-column-is-layout-flow\"><span class=\"js-icon-income h1 text-gradient sm-normal d-inline-block mb-4\"><\/span>\n\n\n\n<h4 class=\"nowrap mb-3 mt-3 wp-block-heading\"><strong>OFERTAS SOB MEDIDA<\/strong><\/h4>\n\n\n\n<p class=\"mt-3 mb-4 d-block d-lg-block has-medium-font-size\">Cada oferta \u00e9 personalizada para oferecer o que voc\u00ea precisa<\/p>\n<\/div>\n\n\n\n<div class=\"wp-block-column is-layout-flow wp-block-column-is-layout-flow\"><span class=\"js-icon-lock h1 text-gradient sm-normal d-inline-block mb-4\"><\/span>\n\n\n\n<h4 class=\"nowrap mb-3 mt-3 wp-block-heading\"><strong>REDE DE SEGURAN\u00c7A<\/strong><\/h4>\n\n\n\n<p class=\"mt-3 mb-4 d-block d-lg-block has-medium-font-size\">Liberdade financeira para a sua marca evoluir<\/p>\n<\/div>\n<\/div>\n\n\n\n<div class=\"wp-block-columns pb-5 mb-5 pt-0 py-md-4 break-down-lg is-layout-flex wp-container-core-columns-is-layout-9d6595d7 wp-block-columns-is-layout-flex\">\n<div class=\"wp-block-column pr-lg-4 mt-4 mt-md-0 is-layout-flow wp-block-column-is-layout-flow\"><span class=\"js-icon-trophy h1 text-gradient sm-normal d-inline-block mb-4\"><\/span>\n\n\n\n<h4 class=\"nowrap mb-3 mt-3 wp-block-heading\">ESPECIALISTAS NO SETOR<\/h4>\n\n\n\n<p class=\"mt-3 mb-4 d-block d-lg-block has-medium-font-size\">Sabemos como avaliar os seus recursos<\/p>\n<\/div>\n\n\n\n<div class=\"wp-block-column mt-4 mt-md-0 is-layout-flow wp-block-column-is-layout-flow\"><span class=\"js-icon-diamond h1 text-gradient sm-normal d-inline-block mb-4\"><\/span>\n\n\n\n<h4 class=\"nowrap mb-3 mt-3 wp-block-heading\">SEM DOR DE CABE\u00c7A<\/h4>\n\n\n\n<p class=\"mt-3 mb-4 d-block d-lg-block has-medium-font-size\">Transparente, r\u00e1pido e pronto para investir.<\/p>\n<\/div>\n\n\n\n<div class=\"wp-block-column mt-4 mt-md-0 is-layout-flow wp-block-column-is-layout-flow\"><span class=\"js-icon-target h1 text-gradient sm-normal d-inline-block mb-4\"><\/span>\n\n\n\n<h4 class=\"nowrap mb-3 mt-3 wp-block-heading\">CENTRADA NO CRIADOR<\/h4>\n\n\n\n<p class=\"mt-3 mb-4 d-block d-lg-block has-medium-font-size\">Conhecemos os caminhos da cria\u00e7\u00e3o de conte\u00fado<\/p>\n<\/div>\n<\/div>\n<\/div><\/div>\n\n\n\n<div class=\"wp-block-cover is-light animation bg-gradient-reverse mb-0 pb-1\"><span aria-hidden=\"true\" class=\"wp-block-cover__background has-background-dim-100 has-background-dim has-background-gradient has-bg-gradient-reverse-gradient-background\"><\/span><div class=\"wp-block-cover__inner-container is-layout-flow wp-block-cover-is-layout-flow\">\n<div class=\"wp-block-group slide-up-child\"><div class=\"wp-block-group__inner-container is-layout-flow wp-block-group-is-layout-flow\">\n<h2 class=\"has-text-align-center text-sharp mb-4 has-black-color has-text-color wp-block-heading\">O QUE EU POSSO FAZER <br> COM O DINHEIRO?<\/h2>\n<\/div><\/div>\n\n\n\n<p><\/p>\n\n\n<div class=\"animation ticker-wrap\">\n    <div class=\"ticker\">\n                    <div class=\"ticker-item h2 mb-0 text-sharp\">\n                <span class=\"js-icon-js-symbol h5 jelly\"><\/span>\n                Cobrir seus gastos            <\/div>\n                    <div class=\"ticker-item h2 mb-0 text-sharp\">\n                <span class=\"js-icon-js-symbol h5 jelly\"><\/span>\n                Contratar uma equipe            <\/div>\n                    <div class=\"ticker-item h2 mb-0 text-sharp\">\n                <span class=\"js-icon-js-symbol h5 jelly\"><\/span>\n                Alugar um est\u00fadio            <\/div>\n                    <div class=\"ticker-item h2 mb-0 text-sharp\">\n                <span class=\"js-icon-js-symbol h5 jelly\"><\/span>\n                Comprar equipamentos             <\/div>\n                    <div class=\"ticker-item h2 mb-0 text-sharp\">\n                <span class=\"js-icon-js-symbol h5 jelly\"><\/span>\n                Lan\u00e7ar produtos            <\/div>\n                    <div class=\"ticker-item h2 mb-0 text-sharp\">\n                <span class=\"js-icon-js-symbol h5 jelly\"><\/span>\n                Investir            <\/div>\n            <\/div>\n    <div class=\"ticker\">\n                    <div class=\"ticker-item h2 mb-0 text-sharp\">\n                <span class=\"js-icon-js-symbol h5 jelly\"><\/span>\n                Cobrir seus gastos            <\/div>\n                    <div class=\"ticker-item h2 mb-0 text-sharp\">\n                <span class=\"js-icon-js-symbol h5 jelly\"><\/span>\n                Contratar uma equipe            <\/div>\n                    <div class=\"ticker-item h2 mb-0 text-sharp\">\n                <span class=\"js-icon-js-symbol h5 jelly\"><\/span>\n                Alugar um est\u00fadio            <\/div>\n                    <div class=\"ticker-item h2 mb-0 text-sharp\">\n                <span class=\"js-icon-js-symbol h5 jelly\"><\/span>\n                Comprar equipamentos             <\/div>\n                    <div class=\"ticker-item h2 mb-0 text-sharp\">\n                <span class=\"js-icon-js-symbol h5 jelly\"><\/span>\n                Lan\u00e7ar produtos            <\/div>\n                    <div class=\"ticker-item h2 mb-0 text-sharp\">\n                <span class=\"js-icon-js-symbol h5 jelly\"><\/span>\n                Investir            <\/div>\n            <\/div>\n<\/div><\/div><\/div>\n\n\n\n<div class=\"wp-block-group bg-breakout has-js-black-color has-js-white-background-color has-text-color has-background\"><div class=\"wp-block-group__inner-container is-layout-flow wp-block-group-is-layout-flow\">\n<div class=\"container havas-blog-slider-container my-4 mt-5 px-0 pb-5 carousel slide  quote-slider\"  data-ride=\"carousel\" id=\"blog-carousel\">\n\t<button class=\"carousel-control-btn carousel-control-prev d-none d-md-flex p-0\" type=\"button\" data-target=\"#blog-carousel\" data-slide=\"prev\">\n\t\t<span class=\"js-icon-angle\" aria-hidden=\"true\"><\/span>\n\t\t<span class=\"sr-only\">Prev<\/span>\n\t<\/button>\n\t<div class=\"carousel-inner row mx-0\">\n\t\t\t<div class=\"carousel-item py-4 active\">\n\t\t<div class=\"col-12 h-100\">\n\t\t\t\t<div class=\"row d-block d-lg-flex h-100\">\n\t\t\t\t\t<div class=\"col-lg-6 p-lg-0 text-center mb-3 mb-lg-0\" id=\"heading1\">\n\t\t\t\t\t\t<img decoding=\"async\" src=\"https:\/\/jellysmack.com\/wp-content\/uploads\/2022\/08\/br-mandy-candy-1-e1660146990512.jpeg\" alt=\"Close-up shot of YouTube creator Mandy Candy posing with headphones around her neck with a colorful background.  \"\/>\n\t\t\t\t\t<\/div>\n\t\t\t\t\t<div class=\"col-lg-6 d-flex flex-column align-items-start\">\n\t\t\t\t\t\t\t\t\t\t\t\t\t\t\t\t\t\t\t<h4 class=\"text-sharp mb-3\">\n\t\t\t\t\t\t\t\t&quot;Pra mim foi interessante porque eram videos que n\u00e3o estavam gerando receita nenhuma, j\u00e1 tinham pouqu\u00edssimos acessos, e ter este dinheiro adiantado para gerar uma renda extra foi \u00f3timo. Veio em um momento super importante para mim.&quot;\t\t\t\t\t\t\t<\/h4>\n\t\t\t\t\t\t\t\t\t\t\t\t<span class=\"has-medium-font-size\">\n\t\t\t\t\t\t\tMandy Candy, criadora de v\u00eddeos de estilo de vida\t\t\t\t\t\t<\/span>\n\t\t\t\t\t\t\t\t\t\t<\/div>\n\t\t\t\t<\/div>\n\t\t\t<\/div>\n\t\t<\/div>\n\t\t\t<div class=\"carousel-item py-4\">\n\t\t<div class=\"col-12 h-100\">\n\t\t\t\t<div class=\"row d-block d-lg-flex h-100\">\n\t\t\t\t\t<div class=\"col-lg-6 p-lg-0 text-center mb-3 mb-lg-0\" id=\"heading2\">\n\t\t\t\t\t\t<img decoding=\"async\" src=\"https:\/\/jellysmack.com\/wp-content\/uploads\/2022\/08\/rr_buildings-e1660165901999.jpg\" alt=\"Close-up shot of YouTube creator Gaba about to take a bite of a large bread in front of a colorful background.  \"\/>\n\t\t\t\t\t<\/div>\n\t\t\t\t\t<div class=\"col-lg-6 d-flex flex-column align-items-start\">\n\t\t\t\t\t\t\t\t\t\t\t\t\t\t\t\t\t\t\t<h4 class=\"text-sharp mb-3\">\n\t\t\t\t\t\t\t\t\u201cA Jellysmack deixou tudo muito f\u00e1cil\u2026 eles me deram um adiantamento e eu pude investir no meu futuro desde o primeiro dia.\u201d\t\t\t\t\t\t\t<\/h4>\n\t\t\t\t\t\t\t\t\t\t\t\t<span class=\"has-medium-font-size\">\n\t\t\t\t\t\t\tRR Buildings, criador de v\u00eddeos de constru\u00e7\u00e3o e trabalhos manuais\t\t\t\t\t\t<\/span>\n\t\t\t\t\t\t\t\t\t\t<\/div>\n\t\t\t\t<\/div>\n\t\t\t<\/div>\n\t\t<\/div>\n\t\t\t<div class=\"carousel-item py-4\">\n\t\t<div class=\"col-12 h-100\">\n\t\t\t\t<div class=\"row d-block d-lg-flex h-100\">\n\t\t\t\t\t<div class=\"col-lg-6 p-lg-0 text-center mb-3 mb-lg-0\" id=\"heading3\">\n\t\t\t\t\t\t<img decoding=\"async\" src=\"https:\/\/jellysmack.com\/wp-content\/uploads\/2022\/08\/Screen-Shot-2022-08-09-at-9.27.09-AM-e1660147208277.png\" alt=\"Close-up shot of YouTube creator Gaba about to take a bite of a large bread in front of a colorful background.  \"\/>\n\t\t\t\t\t<\/div>\n\t\t\t\t\t<div class=\"col-lg-6 d-flex flex-column align-items-start\">\n\t\t\t\t\t\t\t\t\t\t\t\t\t\t\t\t\t\t\t<h4 class=\"text-sharp mb-3\">\n\t\t\t\t\t\t\t\t\u201cFoi bem legal receber uma avalia\u00e7\u00e3o da minha biblioteca e ver o valor de todos esses anos produzindo v\u00eddeos. Tamb\u00e9m foi \u00f3timo ganhar mais dinheiro pelo conte\u00fado que eu j\u00e1 tinha produzido e poder us\u00e1-lo em outros projetos.\u201d \t\t\t\t\t\t\t<\/h4>\n\t\t\t\t\t\t\t\t\t\t\t\t<span class=\"has-medium-font-size\">\n\t\t\t\t\t\t\tGaba, criador de v\u00eddeos sobre gastronomia\t\t\t\t\t\t<\/span>\n\t\t\t\t\t\t\t\t\t\t<\/div>\n\t\t\t\t<\/div>\n\t\t\t<\/div>\n\t\t<\/div>\n\t\t<\/div>\n\t<button class=\"carousel-control-btn carousel-control-next d-none d-md-flex p-0\"\n\t\ttype=\"button\" data-target=\"#blog-carousel\" data-slide=\"next\">\n\t\t<span class=\"js-icon-angle\" aria-hidden=\"true\"><\/span>\n\t\t<span class=\"sr-only\">Next<\/span>\n\t<\/button>\n\t<div class=\"carousel-indicators\">\n\t\t\t\t<button type=\"button\" data-target=\"#blog-carousel\" data-slide-to=\"0\" class=\"active\" aria-current=\"true\" aria-label=\"slide0\"><\/button>\n\t\t\t\t<button type=\"button\" data-target=\"#blog-carousel\" data-slide-to=\"1\"  aria-current=\"false\" aria-label=\"slide1\"><\/button>\n\t\t\t\t<button type=\"button\" data-target=\"#blog-carousel\" data-slide-to=\"2\"  aria-current=\"false\" aria-label=\"slide2\"><\/button>\n\t\t\t<\/div>\n<\/div>\n<\/div><\/div>\n\n\n\n<div class=\"wp-block-cover animation bg-gradient-reverse mb-0 pb-1\"><span aria-hidden=\"true\" class=\"wp-block-cover__background has-js-black-background-color has-background-dim-100 has-background-dim\"><\/span><div class=\"wp-block-cover__inner-container is-layout-flow wp-block-cover-is-layout-flow\">\n<div class=\"wp-block-group slide-up-child\"><div class=\"wp-block-group__inner-container is-layout-flow wp-block-group-is-layout-flow\">\n<h2 class=\"has-text-align-center text-sharp text-gradient mb-4 has-js-white-color has-text-color wp-block-heading\"> DESCUBRA O VALOR DA SUA BIBLIOTECA <\/h2>\n\n\n\n<div class=\"wp-block-buttons is-content-justification-center is-layout-flex wp-container-core-buttons-is-layout-16018d1d wp-block-buttons-is-layout-flex\">\n<div class=\"wp-block-button cta-bottom\"><a class=\"wp-block-button__link\" href=\"http:\/\/app.catalog.jellysmack.com\/pt-BR?utm_source=https%3A%2F%2Fjellysmack.com%2Fpt-br%2Fjellyfi%2F&amp;utm_medium=Referral&amp;utm_campaign=JellyFi_CTA_PT\"> COMECE<span class=\"arrows\"><span class=\"js-icon-js-symbol\"><\/span><\/span><span class=\"follower\"><\/span><\/a><\/div>\n<\/div>\n<\/div><\/div>\n<\/div><\/div>\n","protected":false},"excerpt":{"rendered":"<p>COMO FUNCIONA PAREIE O SEU CANAL Ao dar acesso \u201csomente leitura\u201d ao seu canal no YouTube, nosso algoritmo pode analisar o desempenho dos seus v\u00eddeos, calcular o valor deles e fazer estimativas de ganhos futuros. ADICIONE O SEU E-MAIL Insira suas informa\u00e7\u00f5es de contato para que possamos falar com voc\u00ea. CONHE\u00c7A AS SUAS OP\u00c7\u00d5ES Cada [&#8230;]<\/p>\n<p><a class=\"btn btn-secondary havas_understrap-read-more-link\" href=\"https:\/\/jellysmack.com\/pt-br\/jellyfi\/\">Leia mais&#8230;<\/a><\/p>\n","protected":false},"author":1,"featured_media":0,"parent":0,"menu_order":0,"comment_status":"closed","ping_status":"closed","template":"","meta":{"footnotes":""},"class_list":["post-4567","page","type-page","status-publish","hentry"],"acf":[],"yoast_head":"<!-- This site is optimized with the Yoast SEO plugin v27.4 - https:\/\/yoast.com\/product\/yoast-seo-wordpress\/ -->\n<title>JellyFi - Jellysmack<\/title>\n<meta name=\"robots\" content=\"index, follow, max-snippet:-1, max-image-preview:large, max-video-preview:-1\" \/>\n<link rel=\"canonical\" href=\"https:\/\/jellysmack.com\/pt-br\/jellyfi\/\" \/>\n<meta property=\"og:locale\" content=\"pt_BR\" \/>\n<meta property=\"og:type\" content=\"article\" \/>\n<meta property=\"og:title\" content=\"JellyFi - Jellysmack\" \/>\n<meta property=\"og:description\" content=\"COMO FUNCIONA PAREIE O SEU CANAL Ao dar acesso \u201csomente leitura\u201d ao seu canal no YouTube, nosso algoritmo pode analisar o desempenho dos seus v\u00eddeos, calcular o valor deles e fazer estimativas de ganhos futuros. ADICIONE O SEU E-MAIL Insira suas informa\u00e7\u00f5es de contato para que possamos falar com voc\u00ea. CONHE\u00c7A AS SUAS OP\u00c7\u00d5ES Cada [...]Leia mais...\" \/>\n<meta property=\"og:url\" content=\"https:\/\/jellysmack.com\/pt-br\/jellyfi\/\" \/>\n<meta property=\"og:site_name\" content=\"Jellysmack\" \/>\n<meta property=\"article:modified_time\" content=\"2022-09-29T16:00:37+00:00\" \/>\n<meta property=\"og:image\" content=\"https:\/\/jellysmack.com\/wp-content\/uploads\/2023\/07\/Artboard-1-copy-4.png\" \/>\n\t<meta property=\"og:image:width\" content=\"1200\" \/>\n\t<meta property=\"og:image:height\" content=\"630\" \/>\n\t<meta property=\"og:image:type\" content=\"image\/png\" \/>\n<meta name=\"twitter:card\" content=\"summary_large_image\" \/>\n<meta name=\"twitter:label1\" content=\"Est. tempo de leitura\" \/>\n\t<meta name=\"twitter:data1\" content=\"1 minuto\" \/>\n<script type=\"application\/ld+json\" class=\"yoast-schema-graph\">{\"@context\":\"https:\\\/\\\/schema.org\",\"@graph\":[{\"@type\":\"WebPage\",\"@id\":\"https:\\\/\\\/jellysmack.com\\\/pt-br\\\/jellyfi\\\/\",\"url\":\"https:\\\/\\\/jellysmack.com\\\/pt-br\\\/jellyfi\\\/\",\"name\":\"JellyFi - Jellysmack\",\"isPartOf\":{\"@id\":\"https:\\\/\\\/jellysmack.com\\\/pt-br\\\/#website\"},\"datePublished\":\"2022-08-18T19:00:26+00:00\",\"dateModified\":\"2022-09-29T16:00:37+00:00\",\"breadcrumb\":{\"@id\":\"https:\\\/\\\/jellysmack.com\\\/pt-br\\\/jellyfi\\\/#breadcrumb\"},\"inLanguage\":\"pt-BR\",\"potentialAction\":[{\"@type\":\"ReadAction\",\"target\":[\"https:\\\/\\\/jellysmack.com\\\/pt-br\\\/jellyfi\\\/\"]}]},{\"@type\":\"BreadcrumbList\",\"@id\":\"https:\\\/\\\/jellysmack.com\\\/pt-br\\\/jellyfi\\\/#breadcrumb\",\"itemListElement\":[{\"@type\":\"ListItem\",\"position\":1,\"name\":\"Home\",\"item\":\"https:\\\/\\\/jellysmack.com\\\/pt-br\\\/\"},{\"@type\":\"ListItem\",\"position\":2,\"name\":\"JellyFi\"}]},{\"@type\":\"WebSite\",\"@id\":\"https:\\\/\\\/jellysmack.com\\\/pt-br\\\/#website\",\"url\":\"https:\\\/\\\/jellysmack.com\\\/pt-br\\\/\",\"name\":\"Jellysmack\",\"description\":\"The Global Creator Company\",\"publisher\":{\"@id\":\"https:\\\/\\\/jellysmack.com\\\/pt-br\\\/#organization\"},\"potentialAction\":[{\"@type\":\"SearchAction\",\"target\":{\"@type\":\"EntryPoint\",\"urlTemplate\":\"https:\\\/\\\/jellysmack.com\\\/pt-br\\\/?s={search_term_string}\"},\"query-input\":{\"@type\":\"PropertyValueSpecification\",\"valueRequired\":true,\"valueName\":\"search_term_string\"}}],\"inLanguage\":\"pt-BR\"},{\"@type\":\"Organization\",\"@id\":\"https:\\\/\\\/jellysmack.com\\\/pt-br\\\/#organization\",\"name\":\"Jellysmack\",\"url\":\"https:\\\/\\\/jellysmack.com\\\/pt-br\\\/\",\"logo\":{\"@type\":\"ImageObject\",\"inLanguage\":\"pt-BR\",\"@id\":\"https:\\\/\\\/jellysmack.com\\\/pt-br\\\/#\\\/schema\\\/logo\\\/image\\\/\",\"url\":\"https:\\\/\\\/jellysmack.com\\\/wp-content\\\/uploads\\\/2021\\\/12\\\/siteicon.png\",\"contentUrl\":\"https:\\\/\\\/jellysmack.com\\\/wp-content\\\/uploads\\\/2021\\\/12\\\/siteicon.png\",\"width\":512,\"height\":512,\"caption\":\"Jellysmack\"},\"image\":{\"@id\":\"https:\\\/\\\/jellysmack.com\\\/pt-br\\\/#\\\/schema\\\/logo\\\/image\\\/\"}}]}<\/script>\n<!-- \/ Yoast SEO plugin. -->","yoast_head_json":{"title":"JellyFi - Jellysmack","robots":{"index":"index","follow":"follow","max-snippet":"max-snippet:-1","max-image-preview":"max-image-preview:large","max-video-preview":"max-video-preview:-1"},"canonical":"https:\/\/jellysmack.com\/pt-br\/jellyfi\/","og_locale":"pt_BR","og_type":"article","og_title":"JellyFi - Jellysmack","og_description":"COMO FUNCIONA PAREIE O SEU CANAL Ao dar acesso \u201csomente leitura\u201d ao seu canal no YouTube, nosso algoritmo pode analisar o desempenho dos seus v\u00eddeos, calcular o valor deles e fazer estimativas de ganhos futuros. ADICIONE O SEU E-MAIL Insira suas informa\u00e7\u00f5es de contato para que possamos falar com voc\u00ea. CONHE\u00c7A AS SUAS OP\u00c7\u00d5ES Cada [...]Leia mais...","og_url":"https:\/\/jellysmack.com\/pt-br\/jellyfi\/","og_site_name":"Jellysmack","article_modified_time":"2022-09-29T16:00:37+00:00","og_image":[{"width":1200,"height":630,"url":"https:\/\/jellysmack.com\/wp-content\/uploads\/2023\/07\/Artboard-1-copy-4.png","type":"image\/png"}],"twitter_card":"summary_large_image","twitter_misc":{"Est. tempo de leitura":"1 minuto"},"schema":{"@context":"https:\/\/schema.org","@graph":[{"@type":"WebPage","@id":"https:\/\/jellysmack.com\/pt-br\/jellyfi\/","url":"https:\/\/jellysmack.com\/pt-br\/jellyfi\/","name":"JellyFi - Jellysmack","isPartOf":{"@id":"https:\/\/jellysmack.com\/pt-br\/#website"},"datePublished":"2022-08-18T19:00:26+00:00","dateModified":"2022-09-29T16:00:37+00:00","breadcrumb":{"@id":"https:\/\/jellysmack.com\/pt-br\/jellyfi\/#breadcrumb"},"inLanguage":"pt-BR","potentialAction":[{"@type":"ReadAction","target":["https:\/\/jellysmack.com\/pt-br\/jellyfi\/"]}]},{"@type":"BreadcrumbList","@id":"https:\/\/jellysmack.com\/pt-br\/jellyfi\/#breadcrumb","itemListElement":[{"@type":"ListItem","position":1,"name":"Home","item":"https:\/\/jellysmack.com\/pt-br\/"},{"@type":"ListItem","position":2,"name":"JellyFi"}]},{"@type":"WebSite","@id":"https:\/\/jellysmack.com\/pt-br\/#website","url":"https:\/\/jellysmack.com\/pt-br\/","name":"Jellysmack","description":"The Global Creator Company","publisher":{"@id":"https:\/\/jellysmack.com\/pt-br\/#organization"},"potentialAction":[{"@type":"SearchAction","target":{"@type":"EntryPoint","urlTemplate":"https:\/\/jellysmack.com\/pt-br\/?s={search_term_string}"},"query-input":{"@type":"PropertyValueSpecification","valueRequired":true,"valueName":"search_term_string"}}],"inLanguage":"pt-BR"},{"@type":"Organization","@id":"https:\/\/jellysmack.com\/pt-br\/#organization","name":"Jellysmack","url":"https:\/\/jellysmack.com\/pt-br\/","logo":{"@type":"ImageObject","inLanguage":"pt-BR","@id":"https:\/\/jellysmack.com\/pt-br\/#\/schema\/logo\/image\/","url":"https:\/\/jellysmack.com\/wp-content\/uploads\/2021\/12\/siteicon.png","contentUrl":"https:\/\/jellysmack.com\/wp-content\/uploads\/2021\/12\/siteicon.png","width":512,"height":512,"caption":"Jellysmack"},"image":{"@id":"https:\/\/jellysmack.com\/pt-br\/#\/schema\/logo\/image\/"}}]}},"_links":{"self":[{"href":"https:\/\/jellysmack.com\/pt-br\/wp-json\/wp\/v2\/pages\/4567","targetHints":{"allow":["GET"]}}],"collection":[{"href":"https:\/\/jellysmack.com\/pt-br\/wp-json\/wp\/v2\/pages"}],"about":[{"href":"https:\/\/jellysmack.com\/pt-br\/wp-json\/wp\/v2\/types\/page"}],"author":[{"embeddable":true,"href":"https:\/\/jellysmack.com\/pt-br\/wp-json\/wp\/v2\/users\/1"}],"replies":[{"embeddable":true,"href":"https:\/\/jellysmack.com\/pt-br\/wp-json\/wp\/v2\/comments?post=4567"}],"version-history":[{"count":0,"href":"https:\/\/jellysmack.com\/pt-br\/wp-json\/wp\/v2\/pages\/4567\/revisions"}],"wp:attachment":[{"href":"https:\/\/jellysmack.com\/pt-br\/wp-json\/wp\/v2\/media?parent=4567"}],"curies":[{"name":"wp","href":"https:\/\/api.w.org\/{rel}","templated":true}]}}